{"id":1666,"date":"2021-01-13T14:31:47","date_gmt":"2021-01-13T13:31:47","guid":{"rendered":"https:\/\/nicolefragrance.se\/?post_type=product&#038;p=1666"},"modified":"2026-04-10T12:34:44","modified_gmt":"2026-04-10T10:34:44","slug":"armani-ocean-di-gioia-nicole-edp","status":"publish","type":"product","link":"https:\/\/nicolefragrance.se\/hr\/proizvod\/armani-ocean-di-gioia-nicole-edp\/","title":{"rendered":"Nicole 2015 EDP inspiriran s Ocean di Gioia Armani"},"content":{"rendered":"<p><strong>Ocean di Gioia by Giorgio Armani<\/strong> predstavlja miris slobodnog duha \u017eene koja je u skladu sa sobom i prirodom. Lansiran 2020. godine, ovaj miris spaja svje\u017einu i sofisticiranost, pru\u017eaju\u0107i vam osvje\u017eavaju\u0107e iskustvo koje \u0107e vas odvesti na mirisno putovanje.<\/p>\n<p><strong>Armani Ocean di Gioia<\/strong> po\u010dinje svje\u017eom eksplozijom energije, zahvaljuju\u0107i so\u010dnom i hrskavom spoju kru\u0161ke i citrusa. Ovi gornji tonovi donose svje\u017einu i vitalnost i pripremaju vas za dublje slojeve ovog mirisa. U srcu mirisa otkriti \u0107ete kristalno cvjetni buket koji obuhva\u0107a vodeni jasmin, \u0111ur\u0111evak i ru\u017eu. Ove note \u010dine miris modernim i pru\u017eaju vam osje\u0107aj svje\u017eine i vitalnosti, kao da ste zaronili u osvje\u017eavaju\u0107i slani akvati\u010dni svijet. To je miris koji \u0107e vas podsjetiti na vodje\u0107u brizu priobalnog oceana.<\/p>\n<p><strong>Armani Ocean di Gioia<\/strong> je omiljeni ljetni parfem mnogih \u017eena. Njegova \u017eenstvenost i preljepi cvjetni akordi \u010dine ga idealnim izborom za tople dane. Ovo je miris koji \u0107e vas osvje\u017eiti i podi\u0107i va\u0161e raspolo\u017eenje, pru\u017eaju\u0107i vam osje\u0107aj slobode i harmonije sa prirodom.<\/p>\n<p><strong>Armani Ocean di Gioia<\/strong> je miris za \u017eene koje cijene slobodu i harmoniju sa prirodom. Bez obzira da li ga nosite tijekom dana ili u ve\u010derrnjim prilikama, Ocean di Gioia \u0107e vas okru\u017eiti osje\u0107ajem slobode i prijatne harmonije.<\/p>\n","protected":false},"excerpt":{"rendered":"<p>Armani Ocean di Gioia je omiljeni ljetni parfem mnogih \u017eena. Njegova \u017eenstvenost i preljepi cvjetni akordi \u010dine ga idealnim izborom za tople dane. Ovo je miris koji \u0107e vas osvje\u017eiti i podi\u0107i va\u0161e raspolo\u017eenje, pru\u017eaju\u0107i vam osje\u0107aj slobode i harmonije sa prirodom.\u00a0Bez obzira da li ga nosite tijekom dana ili u ve\u010derrnjim prilikama, Ocean di Gioia \u0107e vas okru\u017eiti osje\u0107ajem slobode i ugodne harmonije.<\/p>\n","protected":false},"featured_media":27671,"comment_status":"open","ping_status":"closed","template":"","meta":{"_acf_changed":false},"product_brand":[],"product_cat":[654,621],"product_tag":[],"class_list":{"0":"post-1666","1":"product","2":"type-product","3":"status-publish","4":"has-post-thumbnail","6":"product_cat-armani-marke","7":"product_cat-for-kvinnor","9":"first","10":"instock","11":"taxable","12":"shipping-taxable","13":"purchasable","14":"product-type-variable","15":"has-default-attributes"},"acf":[],"_links":{"self":[{"href":"https:\/\/nicolefragrance.se\/hr\/wp-json\/wp\/v2\/product\/1666","targetHints":{"allow":["GET"]}}],"collection":[{"href":"https:\/\/nicolefragrance.se\/hr\/wp-json\/wp\/v2\/product"}],"about":[{"href":"https:\/\/nicolefragrance.se\/hr\/wp-json\/wp\/v2\/types\/product"}],"replies":[{"embeddable":true,"href":"https:\/\/nicolefragrance.se\/hr\/wp-json\/wp\/v2\/comments?post=1666"}],"version-history":[{"count":0,"href":"https:\/\/nicolefragrance.se\/hr\/wp-json\/wp\/v2\/product\/1666\/revisions"}],"wp:featuredmedia":[{"embeddable":true,"href":"https:\/\/nicolefragrance.se\/hr\/wp-json\/wp\/v2\/media\/27671"}],"wp:attachment":[{"href":"https:\/\/nicolefragrance.se\/hr\/wp-json\/wp\/v2\/media?parent=1666"}],"wp:term":[{"taxonomy":"product_brand","embeddable":true,"href":"https:\/\/nicolefragrance.se\/hr\/wp-json\/wp\/v2\/product_brand?post=1666"},{"taxonomy":"product_cat","embeddable":true,"href":"https:\/\/nicolefragrance.se\/hr\/wp-json\/wp\/v2\/product_cat?post=1666"},{"taxonomy":"product_tag","embeddable":true,"href":"https:\/\/nicolefragrance.se\/hr\/wp-json\/wp\/v2\/product_tag?post=1666"}],"curies":[{"name":"wp","href":"https:\/\/api.w.org\/{rel}","templated":true}]}}