{"id":1654,"date":"2021-01-13T14:27:33","date_gmt":"2021-01-13T13:27:33","guid":{"rendered":"https:\/\/nicolefragrance.se\/?post_type=product&#038;p=1654"},"modified":"2026-01-30T18:59:53","modified_gmt":"2026-01-30T17:59:53","slug":"hugo-boss-boss-alive-nicole-edp","status":"publish","type":"product","link":"https:\/\/nicolefragrance.se\/hr\/proizvod\/hugo-boss-boss-alive-nicole-edp\/","title":{"rendered":"Nicole 2014 EDP inspiriran s Boss Alive Hugo Boss"},"content":{"rendered":"<p><strong>Boss Alive by Hugo Boss<\/strong> je \u017eenski miris koji predstavlja suvremenu i samouvjerenu eleganciju. Lansiran 2020. godine, za kratko vrijeme osvojio je srca \u017eena \u0161irom svijeta. kombinira nje\u017ene i hrabre note koje ostavljaju za sobom traku pozitivne energije, \u010dine\u0107i vas magneti\u010dnom i neodoljivom.<\/p>\n<p>U samom vrhu ovog mirisnog do\u017eivljaja susre\u0107emo se sa osvje\u017eavaju\u0107im notama jabuke i \u0161ljive, koje isijavaju optimizam i vitalnost. Ovi gornji akordi odmah vas podi\u017eu i ostavljaju utisak samopouzdanja i entuzijazma. Srce parfema otkriva mo\u0107nu cvjetnu notu jasmina sambac. Ovaj cvijet razotkriva va\u0161u \u017eenstvenost i donosi vam osje\u0107aj blistave privla\u010dnosti.<\/p>\n<p><strong>Boss Alive by Hugo Boss<\/strong> je inspiriran \u017eenama koje hrabro idu napred u \u017eivotu, a ovaj miris ih savr\u0161eno odra\u017eava. Osje\u0107aj nezavisnosti, magnetizma i snage pro\u017eima svaku kap ovog parfema.<\/p>\n<p>Mirisna harmonija drvenih nota daje ovom parfemu dubinu i trajnost, \u010dine\u0107i ga idealnim izborom za svaku priliku.<\/p>\n<p><strong>Boss Alive by Hugo Boss<\/strong> je vi\u0161e od mirisa &#8211; to je izjava o samopouzdanju i eleganciji. Kada nosite ovaj parfem, isti\u010dete se kao osoba koja je spremna da preuzme kontrolu nad svojim \u017eivotom i ostavi neizbrisiv trag gdje god da se pojavi.<\/p>\n","protected":false},"excerpt":{"rendered":"<p>Boss Alive by Hugo Boss je parfem inspiriran \u017eenama koje hrabro idu napred u \u017eivotu, a ovaj miris ih savr\u0161eno odra\u017eava. osje\u0107aj nezavisnosti, magnetizma i snage pro\u017eima svaku kap ovog parfema. Mirisna harmonija drvenih nota daje ovom parfemu dubinu i trajnost, \u010dine\u0107i ga idealnim izborom za svaku priliku.<\/p>\n","protected":false},"featured_media":27693,"comment_status":"open","ping_status":"closed","template":"","meta":{"_acf_changed":false},"product_brand":[],"product_cat":[193,186],"product_tag":[],"class_list":{"0":"post-1654","1":"product","2":"type-product","3":"status-publish","4":"has-post-thumbnail","6":"product_cat-hugo-boss-marka","7":"product_cat-za-zene","9":"first","10":"instock","11":"taxable","12":"shipping-taxable","13":"purchasable","14":"product-type-variable","15":"has-default-attributes"},"acf":[],"_links":{"self":[{"href":"https:\/\/nicolefragrance.se\/hr\/wp-json\/wp\/v2\/product\/1654","targetHints":{"allow":["GET"]}}],"collection":[{"href":"https:\/\/nicolefragrance.se\/hr\/wp-json\/wp\/v2\/product"}],"about":[{"href":"https:\/\/nicolefragrance.se\/hr\/wp-json\/wp\/v2\/types\/product"}],"replies":[{"embeddable":true,"href":"https:\/\/nicolefragrance.se\/hr\/wp-json\/wp\/v2\/comments?post=1654"}],"version-history":[{"count":0,"href":"https:\/\/nicolefragrance.se\/hr\/wp-json\/wp\/v2\/product\/1654\/revisions"}],"wp:featuredmedia":[{"embeddable":true,"href":"https:\/\/nicolefragrance.se\/hr\/wp-json\/wp\/v2\/media\/27693"}],"wp:attachment":[{"href":"https:\/\/nicolefragrance.se\/hr\/wp-json\/wp\/v2\/media?parent=1654"}],"wp:term":[{"taxonomy":"product_brand","embeddable":true,"href":"https:\/\/nicolefragrance.se\/hr\/wp-json\/wp\/v2\/product_brand?post=1654"},{"taxonomy":"product_cat","embeddable":true,"href":"https:\/\/nicolefragrance.se\/hr\/wp-json\/wp\/v2\/product_cat?post=1654"},{"taxonomy":"product_tag","embeddable":true,"href":"https:\/\/nicolefragrance.se\/hr\/wp-json\/wp\/v2\/product_tag?post=1654"}],"curies":[{"name":"wp","href":"https:\/\/api.w.org\/{rel}","templated":true}]}}