{"id":1642,"date":"2021-01-13T14:27:33","date_gmt":"2021-01-13T13:27:33","guid":{"rendered":"https:\/\/nicolefragrance.se\/?post_type=product&#038;p=1642"},"modified":"2026-01-03T10:58:20","modified_gmt":"2026-01-03T09:58:20","slug":"jean-paul-gaultier-so-scandal-nicole-edp","status":"publish","type":"product","link":"https:\/\/nicolefragrance.se\/hr\/proizvod\/jean-paul-gaultier-so-scandal-nicole-edp\/","title":{"rendered":"Nicole 2012 EDP inspiriran s So Scandal Jean Paul Gaultier"},"content":{"rendered":"<p><strong>So Scandal by Jean Paul Gaultier<\/strong> je \u017eenski miris koji provocira, osvaja i osloba\u0111a va\u0161u senzualnost. Ovaj mirisni dragulj, lansiran 2020. godine, predstavlja pravu euforiju za sva osjetila, spajaju\u0107i svijetle note naran\u010dinog cvijeta, rasko\u0161nog Sambac jasmina i puderaste tuberoze.<\/p>\n<p>Na prvi utisak, So Scandal izgleda kao da \u0107e biti nje\u017eno sladak, zahvaljuju\u0107i kombinaciji bijelih cvjetova. Ali ono \u0161to ga \u010dini posebnim su dodatne note koje donose uzbudljivu igru. <strong>So Scandal<\/strong> ima slatke note \u017evaka\u0107e gume i maline koje mu daju zabavan obrt. Ovaj miris je prava eksplozija senzualnosti.<\/p>\n<p>Miris se otvara so\u010dnim notama maline koje vas momentalno privla\u010de. Dok se miris razvija, osjetiti \u0107ete gurmansku mle\u010dnost sa seksi nijansama koje \u0107e vas osvojiti. Ovaj miris je kao jednostavan afrodizijak, duboko erotski i neodoljiv.<\/p>\n<p>Iako So Scandal! donosi senzualnost i seksipil, mo\u017eda nema topline originalnog Scandal mirisa. Me\u0111utim, njegova dugotrajnost ga \u010dini savr\u0161enim izborom tijekom cijele godine. Bez obzira na sezonu, ovaj miris \u0107e ostati sa vama i osigurati da ostavite neizbrisiv utisak.<\/p>\n<p><strong>So Scandal by Jean Paul Gaultier<\/strong> je parfem koji se usu\u0111uje da bude druga\u010diji, hrabar i senzualan. Ako \u017eelite da istra\u017eite svoju strast i privu\u010dete pa\u017enju svojom karizmom, neka ovaj miris bude va\u0161 izbor.<\/p>\n","protected":false},"excerpt":{"rendered":"<p>So Scandal by Jean Paul Gaultier je \u017eenski miris koji provocira, osvaja i osloba\u0111a va\u0161u senzualnost. Ovaj miris je kao jednostavan afrodizijak, duboko erotski i neodoljiv. To je parfem koji se usu\u0111uje biti druga\u010diji, hrabar i osje\u0107ajan. Ako \u017eelite da istra\u017eite svoju strast i privu\u010dete pa\u017enju, neka ovaj miris bude va\u0161 izbor.<\/p>\n","protected":false},"featured_media":27682,"comment_status":"open","ping_status":"closed","template":"","meta":{"_acf_changed":false},"product_brand":[],"product_cat":[214,186],"product_tag":[],"class_list":{"0":"post-1642","1":"product","2":"type-product","3":"status-publish","4":"has-post-thumbnail","6":"product_cat-jean-paul-gaultier-marka","7":"product_cat-za-zene","9":"first","10":"instock","11":"taxable","12":"shipping-taxable","13":"purchasable","14":"product-type-variable","15":"has-default-attributes"},"acf":[],"_links":{"self":[{"href":"https:\/\/nicolefragrance.se\/hr\/wp-json\/wp\/v2\/product\/1642","targetHints":{"allow":["GET"]}}],"collection":[{"href":"https:\/\/nicolefragrance.se\/hr\/wp-json\/wp\/v2\/product"}],"about":[{"href":"https:\/\/nicolefragrance.se\/hr\/wp-json\/wp\/v2\/types\/product"}],"replies":[{"embeddable":true,"href":"https:\/\/nicolefragrance.se\/hr\/wp-json\/wp\/v2\/comments?post=1642"}],"version-history":[{"count":0,"href":"https:\/\/nicolefragrance.se\/hr\/wp-json\/wp\/v2\/product\/1642\/revisions"}],"wp:featuredmedia":[{"embeddable":true,"href":"https:\/\/nicolefragrance.se\/hr\/wp-json\/wp\/v2\/media\/27682"}],"wp:attachment":[{"href":"https:\/\/nicolefragrance.se\/hr\/wp-json\/wp\/v2\/media?parent=1642"}],"wp:term":[{"taxonomy":"product_brand","embeddable":true,"href":"https:\/\/nicolefragrance.se\/hr\/wp-json\/wp\/v2\/product_brand?post=1642"},{"taxonomy":"product_cat","embeddable":true,"href":"https:\/\/nicolefragrance.se\/hr\/wp-json\/wp\/v2\/product_cat?post=1642"},{"taxonomy":"product_tag","embeddable":true,"href":"https:\/\/nicolefragrance.se\/hr\/wp-json\/wp\/v2\/product_tag?post=1642"}],"curies":[{"name":"wp","href":"https:\/\/api.w.org\/{rel}","templated":true}]}}