{"id":1630,"date":"2021-01-13T14:26:43","date_gmt":"2021-01-13T13:26:43","guid":{"rendered":"https:\/\/nicolefragrance.se\/?post_type=product&#038;p=1630"},"modified":"2025-07-08T20:41:42","modified_gmt":"2025-07-08T18:41:42","slug":"yves-saint-laurent-black-opium-neon-nicole-edp","status":"publish","type":"product","link":"https:\/\/nicolefragrance.se\/hr\/proizvod\/yves-saint-laurent-black-opium-neon-nicole-edp\/","title":{"rendered":"Nicole 2011 EDP inspiriran s Black Opium Neon Yves Saint Laurent"},"content":{"rendered":"<p><strong>Black Opium Neon by Yves Saint Laurent<\/strong> je energi\u010dan, \u017eivopisan i suvremen \u017eenski parfem, koji isti\u010de razigranu i senzualnu stranu moderne \u017eene.<\/p>\n<p>Ovaj parfem se otvara sa bogatim adrenalinskim notama kave, koja pru\u017ea osje\u0107aj vitalnosti i dinamike. Srce ovog mirisa otkriva note bijelog cvije\u0107a, koje se mije\u0161a sa so\u010dnim tropskim vo\u0107em, poput egzoti\u010dnog zmajevog vo\u0107a, stvaraju\u0107i osje\u0107aj svje\u017eine i blje\u0161tavilo. Ova kombinacija je obavijena vanilijom, dodaju\u0107i notu senzualnosti i topline mirisu.<\/p>\n<p><strong>YSL Black Opium Neon<\/strong> je miris koji spaja kulturu visoke mode sa modernom i o\u0161trim notama. Ovaj miris isti\u010de osobenosti moderne \u017eene, njenog samopouzdanja i odlu\u010dnosti. Sa notama koje su istovremeno slatke, o\u0161tre i osvje\u017eavaju\u0107e, ovaj miris pru\u017ea osje\u0107aj samopouzdanja i \u017eenstvenosti.<\/p>\n<p><strong>Neon <\/strong>je optimisti\u010dna, vesela i \u0161arena verzija originalnog Black Opium mirisa. Ovaj miris o\u017eivljava duh \u017eivopisnih avantura i radosti, isti\u010du\u0107i pozitivan duh i energiju moderne \u017eene. On je kao svijetlosni znak koji isti\u010de va\u0161u li\u010dnost i unosi boje i vedrinu u va\u0161 \u017eivot.<\/p>\n<p>U\u017eivajte u jedinstvenoj senzaciji Black Opium Neon by Yves Saint Laurent.<\/p>\n","protected":false},"excerpt":{"rendered":"<p>Black Opium Neon by Yves Saint Laurent je miris koji spaja kulturu visoke mode sa modernom i o\u0161trim notama. Ovaj miris isti\u010de snagu moderne \u017eene, njenog samopouzdanja i odlu\u010dnosti. S notama koje su istovremeno slatke, o\u0161tre i osvje\u017eavaju\u0107e, ovaj miris pru\u017ea osje\u0107aj samopouzdanja i \u017eenstvenosti. Neon o\u017eivljava duh \u017eivopisnih avantura i radosti, isti\u010du\u0107i pozitivan duh i energiju moderne \u017eene. On je kao svjetlosni znak koji isti\u010de va\u0161u li\u010dnost i unosi boje i vedrinu u va\u0161 \u017eivot.<\/p>\n","protected":false},"featured_media":27706,"comment_status":"open","ping_status":"closed","template":"","meta":{"_acf_changed":false},"product_brand":[],"product_cat":[206,186],"product_tag":[],"class_list":{"0":"post-1630","1":"product","2":"type-product","3":"status-publish","4":"has-post-thumbnail","6":"product_cat-yves-saint-laurent-marka","7":"product_cat-za-zene","9":"first","10":"instock","11":"taxable","12":"shipping-taxable","13":"purchasable","14":"product-type-variable","15":"has-default-attributes"},"acf":[],"_links":{"self":[{"href":"https:\/\/nicolefragrance.se\/hr\/wp-json\/wp\/v2\/product\/1630","targetHints":{"allow":["GET"]}}],"collection":[{"href":"https:\/\/nicolefragrance.se\/hr\/wp-json\/wp\/v2\/product"}],"about":[{"href":"https:\/\/nicolefragrance.se\/hr\/wp-json\/wp\/v2\/types\/product"}],"replies":[{"embeddable":true,"href":"https:\/\/nicolefragrance.se\/hr\/wp-json\/wp\/v2\/comments?post=1630"}],"version-history":[{"count":0,"href":"https:\/\/nicolefragrance.se\/hr\/wp-json\/wp\/v2\/product\/1630\/revisions"}],"wp:featuredmedia":[{"embeddable":true,"href":"https:\/\/nicolefragrance.se\/hr\/wp-json\/wp\/v2\/media\/27706"}],"wp:attachment":[{"href":"https:\/\/nicolefragrance.se\/hr\/wp-json\/wp\/v2\/media?parent=1630"}],"wp:term":[{"taxonomy":"product_brand","embeddable":true,"href":"https:\/\/nicolefragrance.se\/hr\/wp-json\/wp\/v2\/product_brand?post=1630"},{"taxonomy":"product_cat","embeddable":true,"href":"https:\/\/nicolefragrance.se\/hr\/wp-json\/wp\/v2\/product_cat?post=1630"},{"taxonomy":"product_tag","embeddable":true,"href":"https:\/\/nicolefragrance.se\/hr\/wp-json\/wp\/v2\/product_tag?post=1630"}],"curies":[{"name":"wp","href":"https:\/\/api.w.org\/{rel}","templated":true}]}}