{"id":1618,"date":"2021-01-13T14:23:58","date_gmt":"2021-01-13T13:23:58","guid":{"rendered":"https:\/\/nicolefragrance.se\/?post_type=product&#038;p=1618"},"modified":"2026-04-02T18:07:53","modified_gmt":"2026-04-02T16:07:53","slug":"lancome-idole-nicole-edp","status":"publish","type":"product","link":"https:\/\/nicolefragrance.se\/hr\/proizvod\/lancome-idole-nicole-edp\/","title":{"rendered":"Nicole 2010 EDP inspiriran s Idole Lancome"},"content":{"rendered":"<p><strong>Lancome Id\u00f4le<\/strong> je parfem za hrabre \u017eene koje sanjaju veliko. Ovaj sofisticirani, a ipak moderni \u017eenski parfem predstavlja eksploziju svje\u017eih i cvjetnih nota koje u sebi nose citrus, ru\u017eu, jasmin i bijeli mo\u0161us, a sve to postavljeno je na osnovi od vanilije.<\/p>\n<p>Id\u00f4le parfem je inspiriran modernom \u017eenom, sna\u017enom, osna\u017eenom i otvorenom. Ovaj miris je posve\u0107en generaciji koja sanja veliko i neustra\u0161ivo ide ka svojim ciljevima.<\/p>\n<p>U srcu svake Id\u00f4le kompozicije stoji ikoni\u010dni sastojak u parfemima &#8211; ru\u017ea. Ova mirisna nota predstavlja esenciju \u017eenstvenosti i dodaje dubinu i slo\u017eenost cijeloj kompoziciji.<\/p>\n<p>Ono \u0161to ovaj parfem \u010dini posebnim je i njegova posve\u0107enost eti\u010dkim i odr\u017eivim sastojcima. <strong>Lancome Id\u00f4le<\/strong> koristi sastojke koji su eti\u010dki i odr\u017eivo nabavljeni, \u010dime se pokazuje posve\u0107enost brenda prema o\u010duvanju planete.<\/p>\n<p><strong>Lancome Id\u00f4le<\/strong> je vi\u0161e od mirisa &#8211; to je izjava, to je inspiracija, to je osna\u017eivanje. Ovaj parfem isti\u010de snagu moderne \u017eene i njenu sposobnost da ostvari svoje snove. Neka Id\u00f4le bude va\u0161 miris hrabrosti i samopouzdanja koji \u0107ete nositi sa sobom svakog dana kako biste osna\u017eili svoj duh i ostvarili svoje ambicije.<\/p>\n","protected":false},"excerpt":{"rendered":"<p>Lancome Id\u00f4le je parfem za hrabre \u017eene koje sanjaju veliko. Ovaj sofisticirani, a ipak moderni \u017eenski parfem predstavlja eksploziju svje\u017eih i cvjetnih nota koje u sebi nose citrus, ru\u017eu, jasmin i bijeli mo\u0161us, a sve to postavljeno je na bazi od vanilije. Ovaj parfem isti\u010de snagu moderne \u017eene i njenu sposobnost da ostvari svoje snove.<\/p>\n","protected":false},"featured_media":27717,"comment_status":"open","ping_status":"closed","template":"","meta":{"_acf_changed":false},"product_brand":[],"product_cat":[210,186],"product_tag":[],"class_list":{"0":"post-1618","1":"product","2":"type-product","3":"status-publish","4":"has-post-thumbnail","6":"product_cat-lancome-marka","7":"product_cat-za-zene","9":"first","10":"instock","11":"taxable","12":"shipping-taxable","13":"purchasable","14":"product-type-variable","15":"has-default-attributes"},"acf":[],"_links":{"self":[{"href":"https:\/\/nicolefragrance.se\/hr\/wp-json\/wp\/v2\/product\/1618","targetHints":{"allow":["GET"]}}],"collection":[{"href":"https:\/\/nicolefragrance.se\/hr\/wp-json\/wp\/v2\/product"}],"about":[{"href":"https:\/\/nicolefragrance.se\/hr\/wp-json\/wp\/v2\/types\/product"}],"replies":[{"embeddable":true,"href":"https:\/\/nicolefragrance.se\/hr\/wp-json\/wp\/v2\/comments?post=1618"}],"version-history":[{"count":0,"href":"https:\/\/nicolefragrance.se\/hr\/wp-json\/wp\/v2\/product\/1618\/revisions"}],"wp:featuredmedia":[{"embeddable":true,"href":"https:\/\/nicolefragrance.se\/hr\/wp-json\/wp\/v2\/media\/27717"}],"wp:attachment":[{"href":"https:\/\/nicolefragrance.se\/hr\/wp-json\/wp\/v2\/media?parent=1618"}],"wp:term":[{"taxonomy":"product_brand","embeddable":true,"href":"https:\/\/nicolefragrance.se\/hr\/wp-json\/wp\/v2\/product_brand?post=1618"},{"taxonomy":"product_cat","embeddable":true,"href":"https:\/\/nicolefragrance.se\/hr\/wp-json\/wp\/v2\/product_cat?post=1618"},{"taxonomy":"product_tag","embeddable":true,"href":"https:\/\/nicolefragrance.se\/hr\/wp-json\/wp\/v2\/product_tag?post=1618"}],"curies":[{"name":"wp","href":"https:\/\/api.w.org\/{rel}","templated":true}]}}