{"id":1606,"date":"2021-01-13T14:20:05","date_gmt":"2021-01-13T13:20:05","guid":{"rendered":"https:\/\/nicolefragrance.se\/?post_type=product&#038;p=1606"},"modified":"2025-10-17T11:27:11","modified_gmt":"2025-10-17T09:27:11","slug":"yves-saint-laurent-libre-nicole-edp","status":"publish","type":"product","link":"https:\/\/nicolefragrance.se\/hr\/proizvod\/yves-saint-laurent-libre-nicole-edp\/","title":{"rendered":"Nicole 2009 EDP inspiriran s Libre Yves Saint Laurent"},"content":{"rendered":"<p><strong>Yves Saint Laurent Libre<\/strong> je hrabar i cvjetni parfem namijenjen \u017eenama. Esencija lavande iz Francuske kombinira se sa senzualno\u0161\u0107u marokanskog cvijeta naran\u010de i hrabrim notama mo\u0161us akorda i vanilije. Ovo je hrabar i cvjetni \u017eenski parfem koji traje, namijenjen \u017eenama koje \u017eive po svojim pravilima.<\/p>\n<p><strong>Yves Saint Laurent Libre<\/strong> predstavlja redefiniciju cvjetnog parfema, stvaraju\u0107i jedinstvenu dugotrajnu cvjetnu fuziju koja je upotpunjena hrabrom notom mo\u0161us akorda.<\/p>\n<p>Ovaj parfem je izjava o slobodi i samopouzdanju. Lavanda iz Francuske donosi svje\u017einu i \u010distotu, dok marokanski cvijet naran\u010de dodaje senzualnost. Miris se zavr\u0161ava dubokim notama mo\u0161us akorda i vanilije, dodaju\u0107i mu dubinu i toplinu.<\/p>\n<p><strong>Yves Saint Laurent Libre<\/strong> je miris za \u017eene koje su spremne da budu svoje, da izraze svoju individualnost i da \u017eive punim plu\u0107ima. Ovo je miris koji ostavlja nezaboravan utisak gdje god da ga nosite, isti\u010du\u0107i va\u0161u sofisticiranu i hrabru prirodu u svakoj prilici.<\/p>\n","protected":false},"excerpt":{"rendered":"<p>Yves Saint Laurent Libre je redefinicija cvjetnog parfema, stvaraju\u0107i jedinstvenu dugotrajnu cvjetnu fuziju koja je upotpunjena hrabrom notom mo\u0161us akorda. Ovaj parfem je izjava o slobodi i samopouzdanju. Lavanda iz Francuske donosi svje\u017einu i \u010disto\u0107u, dok marokanski cvijet naran\u010de dodaje senzualnost. Miris zavr\u0161ava dubokim notama mo\u0161us akorda i vanilije, dodaju\u0107i mu dubinu i toplinu.<\/p>\n","protected":false},"featured_media":27729,"comment_status":"open","ping_status":"closed","template":"","meta":{"_acf_changed":false},"product_brand":[],"product_cat":[636,621],"product_tag":[],"class_list":{"0":"post-1606","1":"product","2":"type-product","3":"status-publish","4":"has-post-thumbnail","6":"product_cat-yves-saint-laurent-marke","7":"product_cat-for-kvinnor","9":"first","10":"instock","11":"taxable","12":"shipping-taxable","13":"purchasable","14":"product-type-variable","15":"has-default-attributes"},"acf":[],"_links":{"self":[{"href":"https:\/\/nicolefragrance.se\/hr\/wp-json\/wp\/v2\/product\/1606","targetHints":{"allow":["GET"]}}],"collection":[{"href":"https:\/\/nicolefragrance.se\/hr\/wp-json\/wp\/v2\/product"}],"about":[{"href":"https:\/\/nicolefragrance.se\/hr\/wp-json\/wp\/v2\/types\/product"}],"replies":[{"embeddable":true,"href":"https:\/\/nicolefragrance.se\/hr\/wp-json\/wp\/v2\/comments?post=1606"}],"version-history":[{"count":0,"href":"https:\/\/nicolefragrance.se\/hr\/wp-json\/wp\/v2\/product\/1606\/revisions"}],"wp:featuredmedia":[{"embeddable":true,"href":"https:\/\/nicolefragrance.se\/hr\/wp-json\/wp\/v2\/media\/27729"}],"wp:attachment":[{"href":"https:\/\/nicolefragrance.se\/hr\/wp-json\/wp\/v2\/media?parent=1606"}],"wp:term":[{"taxonomy":"product_brand","embeddable":true,"href":"https:\/\/nicolefragrance.se\/hr\/wp-json\/wp\/v2\/product_brand?post=1606"},{"taxonomy":"product_cat","embeddable":true,"href":"https:\/\/nicolefragrance.se\/hr\/wp-json\/wp\/v2\/product_cat?post=1606"},{"taxonomy":"product_tag","embeddable":true,"href":"https:\/\/nicolefragrance.se\/hr\/wp-json\/wp\/v2\/product_tag?post=1606"}],"curies":[{"name":"wp","href":"https:\/\/api.w.org\/{rel}","templated":true}]}}