{"id":1594,"date":"2021-01-13T14:11:18","date_gmt":"2021-01-13T13:11:18","guid":{"rendered":"https:\/\/nicolefragrance.se\/?post_type=product&#038;p=1594"},"modified":"2025-07-08T20:50:42","modified_gmt":"2025-07-08T18:50:42","slug":"dolcegabbana-the-only-one-2-nicole-edp","status":"publish","type":"product","link":"https:\/\/nicolefragrance.se\/hr\/proizvod\/dolcegabbana-the-only-one-2-nicole-edp\/","title":{"rendered":"Nicole 2004 EDP inspiriran s The Only One 2 Dolce &#038; Gabbana"},"content":{"rendered":"<p><strong>The Only One 2 by Dolce &amp; Gabbana<\/strong> je \u017eenski miris, lansiran 2019. godine, koji nosi sa sobom zavodljivu i senzualnu notu, isti\u010du\u0107i razigranu stranu moderne \u017eene.<\/p>\n<p><strong>The Only One 2<\/strong> reinterprentira \u010darobni potpis kave i ljubi\u010dice kako bi do\u010darao bar\u0161unastu crvenu ru\u017eu, kao simbol ljubavi i zavo\u0111enja. Gornje note crvenog bobi\u010dastog vo\u0107a mije\u0161aju se sa srcem esencije ru\u017ee, unose\u0107i toplu i senzualnu auru u miris. Ovaj spoj simbolizira miris ljubavi, zavo\u0111enja i po\u017eude, predstavljen u bo\u010dici rubinsko crvene boje.<\/p>\n<p>Ovo je miris koji isti\u010de senzualnu i o\u010daravaju\u0107u stranu moderne \u017eene. Slatko\u0107a crvenog bobi\u010dastog vo\u0107a i toplina esencije ru\u017ee stvaraju osje\u0107aj zavodljivosti i elegancije. Dodatak nota kave i ljubi\u010dice pru\u017ea dubinu mirisu, dok note ambera i pa\u010dulija daju trajnost i toplinu.<\/p>\n<p><strong>The Only One 2<\/strong> je unikatan miris koji isti\u010de romanti\u010dnu i strastvenu prirodu moderne \u017eene. Ovaj miris je savr\u0161en za ve\u010dernje izlaske i posebne prilike, dodaju\u0107i notu tajanstvenosti i sofisticiranosti va\u0161oj pojavi.<\/p>\n<p>U\u017eivajte u ovoj jedinstvenoj senzaciji i mirisu koji slavi ljubav, strast i senzualnost.<\/p>\n","protected":false},"excerpt":{"rendered":"<p>The Only One 2 by Dolce &amp; Gabbana je unikatan \u017eenski miris koji isti\u010de romanti\u010dnu i strastvenu prirodu suvremene \u017eene. Ovaj miris je savr\u0161en za ve\u010dernje izlaske i posebne prilike, dodaju\u0107i notu tajanstvenosti i sofisticiranosti va\u0161oj pojavi. The Only One 2\u00a0sa sobom nosi zavodljivu i senzualnu notu, isti\u010du\u0107i razigranu stranu moderne \u017eene.<\/p>\n","protected":false},"featured_media":27740,"comment_status":"open","ping_status":"closed","template":"","meta":{"_acf_changed":false},"product_brand":[],"product_cat":[197,186],"product_tag":[],"class_list":{"0":"post-1594","1":"product","2":"type-product","3":"status-publish","4":"has-post-thumbnail","6":"product_cat-dolce-gabbana-marka","7":"product_cat-za-zene","9":"first","10":"instock","11":"taxable","12":"shipping-taxable","13":"purchasable","14":"product-type-variable","15":"has-default-attributes"},"acf":[],"_links":{"self":[{"href":"https:\/\/nicolefragrance.se\/hr\/wp-json\/wp\/v2\/product\/1594","targetHints":{"allow":["GET"]}}],"collection":[{"href":"https:\/\/nicolefragrance.se\/hr\/wp-json\/wp\/v2\/product"}],"about":[{"href":"https:\/\/nicolefragrance.se\/hr\/wp-json\/wp\/v2\/types\/product"}],"replies":[{"embeddable":true,"href":"https:\/\/nicolefragrance.se\/hr\/wp-json\/wp\/v2\/comments?post=1594"}],"version-history":[{"count":0,"href":"https:\/\/nicolefragrance.se\/hr\/wp-json\/wp\/v2\/product\/1594\/revisions"}],"wp:featuredmedia":[{"embeddable":true,"href":"https:\/\/nicolefragrance.se\/hr\/wp-json\/wp\/v2\/media\/27740"}],"wp:attachment":[{"href":"https:\/\/nicolefragrance.se\/hr\/wp-json\/wp\/v2\/media?parent=1594"}],"wp:term":[{"taxonomy":"product_brand","embeddable":true,"href":"https:\/\/nicolefragrance.se\/hr\/wp-json\/wp\/v2\/product_brand?post=1594"},{"taxonomy":"product_cat","embeddable":true,"href":"https:\/\/nicolefragrance.se\/hr\/wp-json\/wp\/v2\/product_cat?post=1594"},{"taxonomy":"product_tag","embeddable":true,"href":"https:\/\/nicolefragrance.se\/hr\/wp-json\/wp\/v2\/product_tag?post=1594"}],"curies":[{"name":"wp","href":"https:\/\/api.w.org\/{rel}","templated":true}]}}