{"id":1582,"date":"2021-01-13T14:11:16","date_gmt":"2021-01-13T13:11:16","guid":{"rendered":"https:\/\/nicolefragrance.se\/?post_type=product&#038;p=1582"},"modified":"2025-07-08T20:52:17","modified_gmt":"2025-07-08T18:52:17","slug":"carolina-herrera-212-vip-rose-extra-nicole-edp","status":"publish","type":"product","link":"https:\/\/nicolefragrance.se\/hr\/proizvod\/carolina-herrera-212-vip-rose-extra-nicole-edp\/","title":{"rendered":"Nicole 2002 EDP inspiriran s 212 VIP Rose Extra Carolina Herrera"},"content":{"rendered":"<p><strong>212 VIP Rose Extra by Carolina Herrera<\/strong> je \u017eenski parfem koji predstavlja sinonim za luksuz i sofisticiranost.<\/p>\n<p>Po\u010detne note \u010dine dinami\u010dnu kombinaciju tre\u0161nje, citrusa i vo\u0107a. One vam odmah daju do znanja da je u pitanju poseban parfem, za posebne trenutke. U srcu parfema dominira gorki badem, koji se savr\u0161eno kombinira sa cvjetnim notama. Ovo je trenutak kada se parfem razvija u potpunosti, donose\u0107i slojevitost i dubinu. Cvjetne note dodaju \u017eenstvenost i eleganciju, dok gorki badem pru\u017ea notu misterioznosti. Drvene note i vanilija iz Madagaskara \u010dine osnovu ovog parfema. Drvo dodaje dubinu i stabilnost, dok vanilija donosi slatku senzualnost.<\/p>\n<p><strong>Carolina Herrera 212 VIP Rose Extra<\/strong> je miris koji slavi ekskluzivne trenutke. Bilo da se spremate za poseban doga\u0111aj ili jednostavno \u017eelite da sebe \u010dastite luksuznim iskustvom, ovaj parfem \u0107e vas pratiti na tom putovanju. Njegova o\u010daravaju\u0107a aroma \u010dini ga savr\u0161enim izborom za ve\u010dernje izlaske, romanti\u010dne ve\u010dere ili svje\u010dane prilike.<\/p>\n<p><strong>212 VIP Ros\u00e9 Extra<\/strong> je prava poslastica za sva osjetila i neodoljiv je izbor za \u017eene koje znaju da cijene luksuz i ekskluzivnost. Osjetite glamur u svakoj kapi ovog \u010darobnog mirisa i dopustite mu da vas odvede u svijet nezaboravnih trenutaka.<\/p>\n","protected":false},"excerpt":{"rendered":"<p>Carolina Herrera 212 VIP Rose Extra je miris koji slavi ekskluzivne trenutke. Bilo da se spremate za poseban doga\u0111aj ili jednostavno \u017eelite sebe \u010dastiti luksuznim iskustvom, ovaj parfem \u0107e vas pratiti na tom putovanju. Njegova o\u010daravaju\u0107a aroma \u010dini ga savr\u0161enim izborom za ve\u010dernje izlaske, romanti\u010dne ve\u010dere ili sve\u010dane prilike. 212 VIP Ros\u00e9 Extra je prava poslastica za sva osjetila i neodoljiv je izbor za \u017eene koje znaju cijeniti luksuz i ekskluzivnost.<\/p>\n","protected":false},"featured_media":27751,"comment_status":"open","ping_status":"closed","template":"","meta":{"_acf_changed":false},"product_brand":[],"product_cat":[205,186],"product_tag":[],"class_list":{"0":"post-1582","1":"product","2":"type-product","3":"status-publish","4":"has-post-thumbnail","6":"product_cat-carolina-herrera-marka","7":"product_cat-za-zene","9":"first","10":"instock","11":"taxable","12":"shipping-taxable","13":"purchasable","14":"product-type-variable","15":"has-default-attributes"},"acf":[],"_links":{"self":[{"href":"https:\/\/nicolefragrance.se\/hr\/wp-json\/wp\/v2\/product\/1582","targetHints":{"allow":["GET"]}}],"collection":[{"href":"https:\/\/nicolefragrance.se\/hr\/wp-json\/wp\/v2\/product"}],"about":[{"href":"https:\/\/nicolefragrance.se\/hr\/wp-json\/wp\/v2\/types\/product"}],"replies":[{"embeddable":true,"href":"https:\/\/nicolefragrance.se\/hr\/wp-json\/wp\/v2\/comments?post=1582"}],"version-history":[{"count":0,"href":"https:\/\/nicolefragrance.se\/hr\/wp-json\/wp\/v2\/product\/1582\/revisions"}],"wp:featuredmedia":[{"embeddable":true,"href":"https:\/\/nicolefragrance.se\/hr\/wp-json\/wp\/v2\/media\/27751"}],"wp:attachment":[{"href":"https:\/\/nicolefragrance.se\/hr\/wp-json\/wp\/v2\/media?parent=1582"}],"wp:term":[{"taxonomy":"product_brand","embeddable":true,"href":"https:\/\/nicolefragrance.se\/hr\/wp-json\/wp\/v2\/product_brand?post=1582"},{"taxonomy":"product_cat","embeddable":true,"href":"https:\/\/nicolefragrance.se\/hr\/wp-json\/wp\/v2\/product_cat?post=1582"},{"taxonomy":"product_tag","embeddable":true,"href":"https:\/\/nicolefragrance.se\/hr\/wp-json\/wp\/v2\/product_tag?post=1582"}],"curies":[{"name":"wp","href":"https:\/\/api.w.org\/{rel}","templated":true}]}}