{"id":1571,"date":"2021-01-13T14:11:16","date_gmt":"2021-01-13T13:11:16","guid":{"rendered":"https:\/\/nicolefragrance.se\/?post_type=product&#038;p=1571"},"modified":"2025-07-11T07:38:30","modified_gmt":"2025-07-11T05:38:30","slug":"versace-crystal-noir-nicole-edp-2","status":"publish","type":"product","link":"https:\/\/nicolefragrance.se\/hr\/proizvod\/versace-crystal-noir-nicole-edp-2\/","title":{"rendered":"Nicole 2000 EDP inspiriran s Wanted Girl Azzaro"},"content":{"rendered":"","protected":false},"excerpt":{"rendered":"<p><strong>Preporu\u010duje se upotreba:<\/strong> perfektan za specijalne prilike<br \/>\n<strong>Mirisna grupa:<\/strong> orijentalni cvjetni<br \/>\n<strong>Gornja nota:<\/strong> cvijet naran\u010de, \u0111umbir, nar, ru\u017ei\u010dasti papar<br \/>\n<strong>Srednja nota:<\/strong> dulce de leche, datura<br \/>\n<strong>Bazna nota:<\/strong> mahune tonke, pa\u010duli, Haiti vetiver<\/p>\n","protected":false},"featured_media":28766,"comment_status":"open","ping_status":"closed","template":"","meta":{"_acf_changed":false},"product_brand":[],"product_cat":[216,186],"product_tag":[],"class_list":{"0":"post-1571","1":"product","2":"type-product","3":"status-publish","4":"has-post-thumbnail","6":"product_cat-azzaro-marka","7":"product_cat-za-zene","9":"first","10":"outofstock","11":"taxable","12":"shipping-taxable","13":"purchasable","14":"product-type-variable","15":"has-default-attributes"},"acf":[],"_links":{"self":[{"href":"https:\/\/nicolefragrance.se\/hr\/wp-json\/wp\/v2\/product\/1571","targetHints":{"allow":["GET"]}}],"collection":[{"href":"https:\/\/nicolefragrance.se\/hr\/wp-json\/wp\/v2\/product"}],"about":[{"href":"https:\/\/nicolefragrance.se\/hr\/wp-json\/wp\/v2\/types\/product"}],"replies":[{"embeddable":true,"href":"https:\/\/nicolefragrance.se\/hr\/wp-json\/wp\/v2\/comments?post=1571"}],"version-history":[{"count":0,"href":"https:\/\/nicolefragrance.se\/hr\/wp-json\/wp\/v2\/product\/1571\/revisions"}],"wp:featuredmedia":[{"embeddable":true,"href":"https:\/\/nicolefragrance.se\/hr\/wp-json\/wp\/v2\/media\/28766"}],"wp:attachment":[{"href":"https:\/\/nicolefragrance.se\/hr\/wp-json\/wp\/v2\/media?parent=1571"}],"wp:term":[{"taxonomy":"product_brand","embeddable":true,"href":"https:\/\/nicolefragrance.se\/hr\/wp-json\/wp\/v2\/product_brand?post=1571"},{"taxonomy":"product_cat","embeddable":true,"href":"https:\/\/nicolefragrance.se\/hr\/wp-json\/wp\/v2\/product_cat?post=1571"},{"taxonomy":"product_tag","embeddable":true,"href":"https:\/\/nicolefragrance.se\/hr\/wp-json\/wp\/v2\/product_tag?post=1571"}],"curies":[{"name":"wp","href":"https:\/\/api.w.org\/{rel}","templated":true}]}}