{"id":1559,"date":"2021-01-13T14:05:38","date_gmt":"2021-01-13T13:05:38","guid":{"rendered":"https:\/\/nicolefragrance.se\/?post_type=product&#038;p=1559"},"modified":"2025-07-09T11:33:24","modified_gmt":"2025-07-09T09:33:24","slug":"armani-si-passione-nicole-edp","status":"publish","type":"product","link":"https:\/\/nicolefragrance.se\/hr\/proizvod\/armani-si-passione-nicole-edp\/","title":{"rendered":"Nicole 222 EDP inspiriran s Si Passione Armani"},"content":{"rendered":"<p><strong>Armani Si Passione<\/strong> je \u017eenski parfem koji slavi strast i \u017eenstvenost. Lansiran 2017. godine, ovaj miris spada u cvjetno-vo\u0107ne mirisne note i osvaja svojom svje\u017einom i dubinom.<\/p>\n<p><strong>Armani Si Passione<\/strong> se otvara notama pikantne ru\u017ei\u010daste paprike i svijetle kru\u0161ke. Ova kombinacija \u010dini da se miris odmah istakne i ostavi sna\u017ean utisak. Ipak, ono \u0161to \u010dini ovaj parfem posebnim su najekskluzivnije ru\u017ee i \u017eenstveni jasmin &#8211; zajedno stvaraju sna\u017ean miris. Kao da simboliziraju \u017eenu koja naizgled dijeluje krhko, ali ima neizmernu snagu kad je vo\u0111ena stra\u0161\u0107u.<\/p>\n<p>Si Passione je Topal i mo\u0107an miris, delikatno svje\u017e, a opet hrabar sa zavisni\u010dkim toplim i slatkim karakterom. Stvoren je za \u017eene koje su strastvene, \u017eenstvene i slobodne.<\/p>\n<p>Si Passione je reinterpretacija originalnog Armani Si mirisa koja mu daje novu dimenziju &#8211; kombinaciju gracioznosti, snage i nezavisnog duha. Ovaj miris je namijenjen samouvjerenoj \u017eeni koja smije da ka\u017ee &#8220;da&#8221; i koja personificira efekat crvenog ru\u017ea u bo\u010dici. Mirisom Armani Si Passione, postajete \u017eena koja izra\u017eava svoju strast i samopouzdanje.<\/p>\n<p>Ovaj miris je idealan za posebne prilike, ali isto tako mo\u017ee postati va\u0161 svakodnevni za\u0161titni znak. Oslonite se na <strong>Armani Si Passione<\/strong> da vam pomogne da izrazite svoju strast i snag\u0119, bez obzira gdje se nalazite ili \u0161to radite.<\/p>\n","protected":false},"excerpt":{"rendered":"<p>Armani\u00a0 Si Passione je reinterpretacija originalnog Armani Si mirisa koja mu daje novu dimenziju &#8211; kombinaciju gracioznosti, snage i nezavisnog duha. Ovaj miris je namijenjen samouvjerenoj \u017eeni koja smije re\u0107i &#8220;da&#8221; i koja personificira efekat crvene \u0161minke u bo\u010dici. No\u0161enjem Armani Si Passione parfema postajete \u017eena koja izra\u017eava svoju strast i samopouzdanje.<\/p>\n","protected":false},"featured_media":27765,"comment_status":"open","ping_status":"closed","template":"","meta":{"_acf_changed":false},"product_brand":[],"product_cat":[191,186],"product_tag":[],"class_list":{"0":"post-1559","1":"product","2":"type-product","3":"status-publish","4":"has-post-thumbnail","6":"product_cat-armani-marka","7":"product_cat-za-zene","9":"first","10":"instock","11":"taxable","12":"shipping-taxable","13":"purchasable","14":"product-type-variable","15":"has-default-attributes"},"acf":[],"_links":{"self":[{"href":"https:\/\/nicolefragrance.se\/hr\/wp-json\/wp\/v2\/product\/1559","targetHints":{"allow":["GET"]}}],"collection":[{"href":"https:\/\/nicolefragrance.se\/hr\/wp-json\/wp\/v2\/product"}],"about":[{"href":"https:\/\/nicolefragrance.se\/hr\/wp-json\/wp\/v2\/types\/product"}],"replies":[{"embeddable":true,"href":"https:\/\/nicolefragrance.se\/hr\/wp-json\/wp\/v2\/comments?post=1559"}],"version-history":[{"count":0,"href":"https:\/\/nicolefragrance.se\/hr\/wp-json\/wp\/v2\/product\/1559\/revisions"}],"wp:featuredmedia":[{"embeddable":true,"href":"https:\/\/nicolefragrance.se\/hr\/wp-json\/wp\/v2\/media\/27765"}],"wp:attachment":[{"href":"https:\/\/nicolefragrance.se\/hr\/wp-json\/wp\/v2\/media?parent=1559"}],"wp:term":[{"taxonomy":"product_brand","embeddable":true,"href":"https:\/\/nicolefragrance.se\/hr\/wp-json\/wp\/v2\/product_brand?post=1559"},{"taxonomy":"product_cat","embeddable":true,"href":"https:\/\/nicolefragrance.se\/hr\/wp-json\/wp\/v2\/product_cat?post=1559"},{"taxonomy":"product_tag","embeddable":true,"href":"https:\/\/nicolefragrance.se\/hr\/wp-json\/wp\/v2\/product_tag?post=1559"}],"curies":[{"name":"wp","href":"https:\/\/api.w.org\/{rel}","templated":true}]}}