{"id":1547,"date":"2021-01-13T14:05:34","date_gmt":"2021-01-13T13:05:34","guid":{"rendered":"https:\/\/nicolefragrance.se\/?post_type=product&#038;p=1547"},"modified":"2025-07-09T11:36:22","modified_gmt":"2025-07-09T09:36:22","slug":"bvlgari-goldea-the-roman-night-nicole-edp","status":"publish","type":"product","link":"https:\/\/nicolefragrance.se\/hr\/proizvod\/bvlgari-goldea-the-roman-night-nicole-edp\/","title":{"rendered":"Nicole 211 EDP inspiriran s Goldea The Roman Night Bvlgari"},"content":{"rendered":"<p><strong>Bvlgari Goldea The Roman Night<\/strong> je parfem koji je predstavljen 2017. godine i od tada osvaja srca \u017eena \u0161irom svijeta svojom misterioznom i sofisticiranom aromom.<\/p>\n<p><strong>Goldea The Roman Night<\/strong> se otvara notama bergamota, crnog papra i duda, stvaraju\u0107i prvobitan utisak svje\u017eine i dinami\u010dnosti. U srcu mirisa otkrivamo crni bo\u017eur, no\u0107ni jasmin, ru\u017eu i tuberozu, cvjetne note koje unose dubinu i senzualnost. Baza mirisa se sastoji od pa\u010dulija, crnog mo\u0161usa, vetivera i mahovine, pru\u017eaju\u0107i mu duboku i zemljanu osnovu.<\/p>\n<p><strong>Bvlgari Goldea The Roman Night<\/strong> igra sa kontrastima. svje\u017ee note bergamota i crnog papra sukobljavaju se sa senzualnim i cvjetnim srcem, dok se zemljane note pa\u010dulija i mo\u0161usa mije\u0161aju sa zelenim vetiverom i mahovinom. Ovaj kontrast stvara dinami\u010dnu i neodoljivu aromu, koja traje satima na ko\u017ei.<\/p>\n<p>Ovaj miris je istinski unikatan. On nosi notu sofisticiranosti i jedinstvenosti, \u0161to ga \u010dini savr\u0161enim izborom za \u017eenu koja \u017eeli da se istakne i ostavi neizbrisiv utisak. Ovaj parfem je kao stvoren za posebne prilike i ve\u010der izlazaka, gdje \u017eena mo\u017ee da zablista i osje\u0107a se samouvjereno.<\/p>\n<p><strong>Goldea The Roman Night<\/strong> je vi\u0161e od mirisa &#8211; to je iskustvo, osje\u0107aj, i na\u010din da izrazite svoju jedinstvenu li\u010dnost. Sa Goldea The Roman Night, ve\u010der postaje magi\u010dno, a vi neodoljivi.<\/p>\n","protected":false},"excerpt":{"rendered":"<p>Goldea The Roman Night je istinski unikatan parfem. On nosi notu sofisticiranosti i jedinstvenosti, \u0161to ga \u010dini savr\u0161enim izborom za \u017eenu koja \u017eeli da se istakne i ostavi neizbrisiv utisak. Ovaj parfem je kao stvoren za posebne prilike i ve\u010der izlazaka, gdje \u017eena mo\u017ee zablistati i osje\u0107ati se samouvjereno. Sa Goldea The Roman Night, ve\u010der postaje magi\u010dna, a vi neodoljivi.<\/p>\n","protected":false},"featured_media":27776,"comment_status":"open","ping_status":"closed","template":"","meta":{"_acf_changed":false},"product_brand":[],"product_cat":[196,186],"product_tag":[],"class_list":{"0":"post-1547","1":"product","2":"type-product","3":"status-publish","4":"has-post-thumbnail","6":"product_cat-bvlgari-marka","7":"product_cat-za-zene","9":"first","10":"instock","11":"taxable","12":"shipping-taxable","13":"purchasable","14":"product-type-variable","15":"has-default-attributes"},"acf":[],"_links":{"self":[{"href":"https:\/\/nicolefragrance.se\/hr\/wp-json\/wp\/v2\/product\/1547","targetHints":{"allow":["GET"]}}],"collection":[{"href":"https:\/\/nicolefragrance.se\/hr\/wp-json\/wp\/v2\/product"}],"about":[{"href":"https:\/\/nicolefragrance.se\/hr\/wp-json\/wp\/v2\/types\/product"}],"replies":[{"embeddable":true,"href":"https:\/\/nicolefragrance.se\/hr\/wp-json\/wp\/v2\/comments?post=1547"}],"version-history":[{"count":0,"href":"https:\/\/nicolefragrance.se\/hr\/wp-json\/wp\/v2\/product\/1547\/revisions"}],"wp:featuredmedia":[{"embeddable":true,"href":"https:\/\/nicolefragrance.se\/hr\/wp-json\/wp\/v2\/media\/27776"}],"wp:attachment":[{"href":"https:\/\/nicolefragrance.se\/hr\/wp-json\/wp\/v2\/media?parent=1547"}],"wp:term":[{"taxonomy":"product_brand","embeddable":true,"href":"https:\/\/nicolefragrance.se\/hr\/wp-json\/wp\/v2\/product_brand?post=1547"},{"taxonomy":"product_cat","embeddable":true,"href":"https:\/\/nicolefragrance.se\/hr\/wp-json\/wp\/v2\/product_cat?post=1547"},{"taxonomy":"product_tag","embeddable":true,"href":"https:\/\/nicolefragrance.se\/hr\/wp-json\/wp\/v2\/product_tag?post=1547"}],"curies":[{"name":"wp","href":"https:\/\/api.w.org\/{rel}","templated":true}]}}