{"id":1535,"date":"2021-01-13T14:05:32","date_gmt":"2021-01-13T13:05:32","guid":{"rendered":"https:\/\/nicolefragrance.se\/?post_type=product&#038;p=1535"},"modified":"2025-07-09T11:42:29","modified_gmt":"2025-07-09T09:42:29","slug":"armani-because-its-you-nicole-edp","status":"publish","type":"product","link":"https:\/\/nicolefragrance.se\/hr\/proizvod\/armani-because-its-you-nicole-edp\/","title":{"rendered":"Nicole 206 EDP inspiriran s Because Its You Armani"},"content":{"rendered":"<p><strong>Armani Because It&#8217;s You<\/strong> je sretan, ukusan i blistav \u017eenski parfem. Jednostavno je neodoljiv poput zrele maline u svojoj savr\u0161enoj i elegantnoj prirodnoj ljepoti, kada se kombinira sa notama nerolija. Ovaj parfem je \u017eenstven, bogat, instinktivan i strastven. Gornje note su malina, limun i neroli; srednja nota je ru\u017ea; donje note su vanilija, mo\u0161us i amber.<\/p>\n<p><strong>Armani Because It&#8217;s You<\/strong> je cvjetni vo\u0107ni parfem pun radosti, nje\u017enosti i sjaja. Njegova nositeljica je hrabra \u017eena koja zna kako privu\u0107i pa\u017enju i ne propu\u0161to priliku da poka\u017ee tko je zaista.<\/p>\n<p>Miris se otvara sa so\u010dnom, zrelom malinom koja se uparuje sa nerolijem. U srcu, prime\u0107uje se sofisticirana ru\u017ea, dok cijelokupan do\u017eivljaj nagla\u0161ava slatka vanilija u kombinaciji sa mo\u0161usom, otkrivaju\u0107i slo\u017eenu i nevjerojatno duboku senzualnost.<\/p>\n<p><strong>Because It&#8217;s You<\/strong> by Giorgio Armani je miris koji osvaja svojom slatko\u0107om i svje\u017einom, stvaraju\u0107i osje\u0107aj radosti i elegancije kod \u017eene koja ga nosi. Sa notama koje se ple\u0161u na ko\u017ei, ovaj parfem nagla\u0161ava individualnost nosioca i njenu hrabrost da poka\u017ee svoju autenti\u010dnost svijetu.<\/p>\n","protected":false},"excerpt":{"rendered":"<p>Armani Because It&#8217;s You je cvjetni vo\u0107ni parfem pun radosti, nje\u017enosti i sjaja. Njegova nositeljica je hrabra \u017eena koja zna kako privu\u0107i pa\u017enju i ne propu\u0161to priliku pokazati tko je zaista. Sa notama koje ple\u0161u na ko\u017ei, ovaj parfem nagla\u0161ava individualnost nosioca i njenu hrabrost da poka\u017ee svoju autenti\u010dnost svijetu.<\/p>\n","protected":false},"featured_media":27787,"comment_status":"open","ping_status":"closed","template":"","meta":{"_acf_changed":false},"product_brand":[],"product_cat":[191,186],"product_tag":[],"class_list":{"0":"post-1535","1":"product","2":"type-product","3":"status-publish","4":"has-post-thumbnail","6":"product_cat-armani-marka","7":"product_cat-za-zene","9":"first","10":"instock","11":"sale","12":"taxable","13":"shipping-taxable","14":"purchasable","15":"product-type-variable","16":"has-default-attributes"},"acf":[],"_links":{"self":[{"href":"https:\/\/nicolefragrance.se\/hr\/wp-json\/wp\/v2\/product\/1535","targetHints":{"allow":["GET"]}}],"collection":[{"href":"https:\/\/nicolefragrance.se\/hr\/wp-json\/wp\/v2\/product"}],"about":[{"href":"https:\/\/nicolefragrance.se\/hr\/wp-json\/wp\/v2\/types\/product"}],"replies":[{"embeddable":true,"href":"https:\/\/nicolefragrance.se\/hr\/wp-json\/wp\/v2\/comments?post=1535"}],"version-history":[{"count":0,"href":"https:\/\/nicolefragrance.se\/hr\/wp-json\/wp\/v2\/product\/1535\/revisions"}],"wp:featuredmedia":[{"embeddable":true,"href":"https:\/\/nicolefragrance.se\/hr\/wp-json\/wp\/v2\/media\/27787"}],"wp:attachment":[{"href":"https:\/\/nicolefragrance.se\/hr\/wp-json\/wp\/v2\/media?parent=1535"}],"wp:term":[{"taxonomy":"product_brand","embeddable":true,"href":"https:\/\/nicolefragrance.se\/hr\/wp-json\/wp\/v2\/product_brand?post=1535"},{"taxonomy":"product_cat","embeddable":true,"href":"https:\/\/nicolefragrance.se\/hr\/wp-json\/wp\/v2\/product_cat?post=1535"},{"taxonomy":"product_tag","embeddable":true,"href":"https:\/\/nicolefragrance.se\/hr\/wp-json\/wp\/v2\/product_tag?post=1535"}],"curies":[{"name":"wp","href":"https:\/\/api.w.org\/{rel}","templated":true}]}}