{"id":1523,"date":"2021-01-13T14:04:59","date_gmt":"2021-01-13T13:04:59","guid":{"rendered":"https:\/\/nicolefragrance.se\/?post_type=product&#038;p=1523"},"modified":"2025-07-09T11:48:25","modified_gmt":"2025-07-09T09:48:25","slug":"tom-ford-costa-azzurra-nicole-edp","status":"publish","type":"product","link":"https:\/\/nicolefragrance.se\/hr\/proizvod\/tom-ford-costa-azzurra-nicole-edp\/","title":{"rendered":"Nicole 201 EDP inspiriran s Costa Azzurra Tom Ford"},"content":{"rendered":"<p><strong>Tom Ford Costa Azzurra<\/strong> je unisex parfem koji hvata lako\u0107u senzualnosti. Uzbudljiva aroma morske svje\u017eine i svje\u017ee aromati\u010dne note \u010detinara i citrusa \u010dine osnovu ovog parfema i mije\u0161aju se sa dubokim drvenastim notama &#8211; osvje\u017eavaju\u0107im mje\u0161avinama \u010dempresa, hrasta i aromati\u010dnih tonova.<\/p>\n<p>Parfem Costa Azzurra od Tom Forda je aromati\u010dni miris namijenjen kako \u017eenama, tako i mu\u0161karcima. Ovo je novi parfem na tr\u017ei\u0161tu, lansiran 2022. godine.<\/p>\n<p>Gornju notu \u010dine talijanski limun, srednje note su \u010dempres i hrast, a bazne note su amber i labdanum.<\/p>\n<p>Ovaj parfem je kao oluja svje\u017eine i morske energije, sa bogatim dubinama drve\u0107a i hrskavim notama aromati\u010dnih biljaka. Tom Ford je stvorio miris koji evocira miris ljetneg jutra na obali, dok se valovi morske vode susre\u0107u sa svje\u017eim povjetarcem i zelenilom obli\u017enjieg igli\u010dastog drve\u0107a.<\/p>\n<p><strong>Tom Ford Costa Azzurra<\/strong> je putovanje du\u017e obale Sredozemlja, gdje se priroda spaja sa \u010dovjekom na na\u010din koji je duboko senzualan i inspirativan.<\/p>\n<p>Uz svoju kompleksnu aromu koja se razvija na ko\u017ei, ovaj parfem postaje li\u010dna pri\u010da o svje\u017eini i prirodnoj ljepoti. Njegove note preplavljuju osjetila i nose vas na mirno i osvje\u017eavaju\u0107e putovanje kroz \u010darobni svijet mediteranskog bijega.<\/p>\n","protected":false},"excerpt":{"rendered":"<p>Tom Ford Costa Azzurra je parfem koji hvata lako\u0107u senzualnosti. Uz svoju kompleksnu aromu koja se razvija na ko\u017ei, ovaj parfem postaje vlastita pri\u010da o svje\u017eini i prirodnoj ljepoti. Njegove note preplavljuju osjetila i nose vas na mirno i osvje\u017eavaju\u0107e putovanje kroz \u010darobni svijet mediteranskog bijega.<\/p>\n","protected":false},"featured_media":27798,"comment_status":"open","ping_status":"closed","template":"","meta":{"_acf_changed":false},"product_brand":[],"product_cat":[203,188,187,186],"product_tag":[],"class_list":{"0":"post-1523","1":"product","2":"type-product","3":"status-publish","4":"has-post-thumbnail","6":"product_cat-tom-ford-marka","7":"product_cat-unisex","8":"product_cat-za-muskarce","9":"product_cat-za-zene","11":"first","12":"instock","13":"taxable","14":"shipping-taxable","15":"purchasable","16":"product-type-variable","17":"has-default-attributes"},"acf":[],"_links":{"self":[{"href":"https:\/\/nicolefragrance.se\/hr\/wp-json\/wp\/v2\/product\/1523","targetHints":{"allow":["GET"]}}],"collection":[{"href":"https:\/\/nicolefragrance.se\/hr\/wp-json\/wp\/v2\/product"}],"about":[{"href":"https:\/\/nicolefragrance.se\/hr\/wp-json\/wp\/v2\/types\/product"}],"replies":[{"embeddable":true,"href":"https:\/\/nicolefragrance.se\/hr\/wp-json\/wp\/v2\/comments?post=1523"}],"version-history":[{"count":0,"href":"https:\/\/nicolefragrance.se\/hr\/wp-json\/wp\/v2\/product\/1523\/revisions"}],"wp:featuredmedia":[{"embeddable":true,"href":"https:\/\/nicolefragrance.se\/hr\/wp-json\/wp\/v2\/media\/27798"}],"wp:attachment":[{"href":"https:\/\/nicolefragrance.se\/hr\/wp-json\/wp\/v2\/media?parent=1523"}],"wp:term":[{"taxonomy":"product_brand","embeddable":true,"href":"https:\/\/nicolefragrance.se\/hr\/wp-json\/wp\/v2\/product_brand?post=1523"},{"taxonomy":"product_cat","embeddable":true,"href":"https:\/\/nicolefragrance.se\/hr\/wp-json\/wp\/v2\/product_cat?post=1523"},{"taxonomy":"product_tag","embeddable":true,"href":"https:\/\/nicolefragrance.se\/hr\/wp-json\/wp\/v2\/product_tag?post=1523"}],"curies":[{"name":"wp","href":"https:\/\/api.w.org\/{rel}","templated":true}]}}