{"id":1511,"date":"2021-01-13T13:59:46","date_gmt":"2021-01-13T12:59:46","guid":{"rendered":"https:\/\/nicolefragrance.se\/?post_type=product&#038;p=1511"},"modified":"2025-07-09T11:57:29","modified_gmt":"2025-07-09T09:57:29","slug":"moschino-moschino-nicole-edp","status":"publish","type":"product","link":"https:\/\/nicolefragrance.se\/hr\/proizvod\/moschino-moschino-nicole-edp\/","title":{"rendered":"Nicole 129 EDP inspiriran s Moschino Moschino"},"content":{"rendered":"<p><strong>Moschino by Moschino<\/strong> je \u017eenski parfem prvi put predstavljen jo\u0161 davne 1987. godine. Ovaj miris pripada kategoriji amber mirisa za \u017eene, a karakterizira ga bogata i sofisticirana kompozicija mirisnih nota.<\/p>\n<p>Miris se otvara gornjim notama galbanuma, nevena, \u0161ljive, kamelije i frezije. Ove svje\u017ee i vo\u0107ne note stvaraju uzbudljiv prvi utisak, najavljuju\u0107i bogatstvo koje dolazi. U srcu mirisa, otkriti \u0107ete note mu\u0161katnog ora\u0161\u010di\u0107a, karanfila, papra, ilang-ilanga, gardenije i ru\u017ee. Ove cvjetne i za\u010dinske note dodaju dubinu i senzualnost mirisu, \u010dine\u0107i ga intrigantnim i bogatim. Bazne note mirisa uklju\u010duju amber, sandalovinu, pa\u010duli, vaniliju i mo\u0161us. Ove tople i zemljane note pru\u017eaju osnovu mirisu koja je duboka i trajna.<\/p>\n<p><strong>Moschino<\/strong> je miris koji odi\u0161e sofisticiranom elegancijom i senzualno\u0161\u0107u. Ovaj parfem je poput ikone stila, koja privla\u010di pa\u017enju i ostavlja nezaboravan utisak. Savr\u0161en je izbor za modernu \u017eenu koja te\u017ei sofisticiranoj eleganciji. Bez obzira da li ga nosite tijekom dana ili no\u0107i, ovaj miris \u0107e vas pratiti svojom senzualnom notom.<\/p>\n<p>Otkrijte \u010daroliju mirisa <strong>Moschino by Moschino<\/strong> i do\u017eivite senzualnu eleganciju koja \u0107e vas osvojiti.<\/p>\n","protected":false},"excerpt":{"rendered":"<p>Moschino by Moschino je miris koji odi\u0161e sofisticiranom elegancijom i senzualno\u0161\u0107u. Ovaj parfem je poput ikone stila, koja privla\u010di pa\u017enju i ostavlja nezaboravan utisak. Savr\u0161en je izbor za modernu \u017eenu koja te\u017ei profinjenoj eleganciji. Bez obzira da li ga nosite tijekom dana ili no\u0107i, ovaj miris \u0107e vas pratiti svojom senzualnom notom. Otkrijte \u010daroliju mirisa Moschino\u00a0i do\u017eivite senzualnu eleganciju koja \u0107e vas osvojiti.<\/p>\n","protected":false},"featured_media":27810,"comment_status":"open","ping_status":"closed","template":"","meta":{"_acf_changed":false},"product_brand":[],"product_cat":[215,186],"product_tag":[],"class_list":{"0":"post-1511","1":"product","2":"type-product","3":"status-publish","4":"has-post-thumbnail","6":"product_cat-moschino-marka","7":"product_cat-za-zene","9":"first","10":"instock","11":"taxable","12":"shipping-taxable","13":"purchasable","14":"product-type-variable","15":"has-default-attributes"},"acf":[],"_links":{"self":[{"href":"https:\/\/nicolefragrance.se\/hr\/wp-json\/wp\/v2\/product\/1511","targetHints":{"allow":["GET"]}}],"collection":[{"href":"https:\/\/nicolefragrance.se\/hr\/wp-json\/wp\/v2\/product"}],"about":[{"href":"https:\/\/nicolefragrance.se\/hr\/wp-json\/wp\/v2\/types\/product"}],"replies":[{"embeddable":true,"href":"https:\/\/nicolefragrance.se\/hr\/wp-json\/wp\/v2\/comments?post=1511"}],"version-history":[{"count":0,"href":"https:\/\/nicolefragrance.se\/hr\/wp-json\/wp\/v2\/product\/1511\/revisions"}],"wp:featuredmedia":[{"embeddable":true,"href":"https:\/\/nicolefragrance.se\/hr\/wp-json\/wp\/v2\/media\/27810"}],"wp:attachment":[{"href":"https:\/\/nicolefragrance.se\/hr\/wp-json\/wp\/v2\/media?parent=1511"}],"wp:term":[{"taxonomy":"product_brand","embeddable":true,"href":"https:\/\/nicolefragrance.se\/hr\/wp-json\/wp\/v2\/product_brand?post=1511"},{"taxonomy":"product_cat","embeddable":true,"href":"https:\/\/nicolefragrance.se\/hr\/wp-json\/wp\/v2\/product_cat?post=1511"},{"taxonomy":"product_tag","embeddable":true,"href":"https:\/\/nicolefragrance.se\/hr\/wp-json\/wp\/v2\/product_tag?post=1511"}],"curies":[{"name":"wp","href":"https:\/\/api.w.org\/{rel}","templated":true}]}}