{"id":1499,"date":"2021-01-13T13:59:43","date_gmt":"2021-01-13T12:59:43","guid":{"rendered":"https:\/\/nicolefragrance.se\/?post_type=product&#038;p=1499"},"modified":"2025-07-09T15:18:35","modified_gmt":"2025-07-09T13:18:35","slug":"armani-si-intense-nicole-edp","status":"publish","type":"product","link":"https:\/\/nicolefragrance.se\/hr\/proizvod\/armani-si-intense-nicole-edp\/","title":{"rendered":"Nicole 175 EDP inspiriran s Si Intense Armani"},"content":{"rendered":"<p><strong>Armani Si Intense<\/strong> je miris koji slavi intenzitet i sofisticiranost \u017eenstvenosti. Ovaj orijentalni \u017eenski parfem donosi duboku i bogatu senzaciju zahvaljuju\u0107i svojim karakteristi\u010dnim notama. inspiriran snagom crnog ribizla, koji o\u010darava svojom zavodljivom notom i nje\u017eno\u0161\u0107u Isparta ru\u017ee, ubrane u srcu turske regije poznate kao &#8220;zemlja ru\u017ea&#8221; &#8211; ovaj miris ostavlja nezaboravan trag.<\/p>\n<p>Ispartski ru\u017emarin i davana ulje upotpunjuju ovu rasko\u0161nu simfoniju mirisa, dodaju\u0107i notu dubine i ekstravagancije. Miris se zatvara sa pa\u010dulijem i smolom benzoina, pru\u017eaju\u0107i osje\u0107aj topline i obavijanja.<\/p>\n<p><strong>Armani Si Intense<\/strong> nosi odlu\u010dnu energiju koja krasi \u017eenu koja ga ima na sebi. Sna\u017ena, \u017eenstvena i slobodna, ona utelovljuje neodoljivu modernu \u017eenstvenost koja, zahvaljuju\u0107i ovom novom intenzivnom mirisu, dobija sofisticiranu i zavodljivu notu.<\/p>\n<p>Ovaj parfem je vi\u0161e od mirisa &#8211; to je izjava, poziv da budete sna\u017eni, slobodni i \u017eenstveni, da se prepustite intenzitetu i harmoniji istovremeno. Do\u017eivite jedinstvenu senzaciju <strong>Armani Si Intense<\/strong> i budite neodoljivo svoji.<\/p>\n","protected":false},"excerpt":{"rendered":"<p>Armani Si Intense nosi odlu\u010dnu energiju koja krasi \u017eenu koja ga ima na sebi. Sna\u017ena, \u017eenstvena i slobodna, ona utelovljuje neodoljivu modernu \u017eenstvenost koja, zahvaljuju\u0107i ovom novom intenzivnom mirisu, dobija sofisticiranu i zavodljivu notu. Ovaj parfem je vi\u0161e od mirisa &#8211; to je izjava, poziv da budete sna\u017eni, slobodni i \u017eenstveni, da se prepustite intenzitetu i harmoniji istovremeno.<\/p>\n","protected":false},"featured_media":27823,"comment_status":"open","ping_status":"closed","template":"","meta":{"_acf_changed":false},"product_brand":[],"product_cat":[191,186],"product_tag":[],"class_list":{"0":"post-1499","1":"product","2":"type-product","3":"status-publish","4":"has-post-thumbnail","6":"product_cat-armani-marka","7":"product_cat-za-zene","9":"first","10":"instock","11":"taxable","12":"shipping-taxable","13":"purchasable","14":"product-type-variable","15":"has-default-attributes"},"acf":[],"_links":{"self":[{"href":"https:\/\/nicolefragrance.se\/hr\/wp-json\/wp\/v2\/product\/1499","targetHints":{"allow":["GET"]}}],"collection":[{"href":"https:\/\/nicolefragrance.se\/hr\/wp-json\/wp\/v2\/product"}],"about":[{"href":"https:\/\/nicolefragrance.se\/hr\/wp-json\/wp\/v2\/types\/product"}],"replies":[{"embeddable":true,"href":"https:\/\/nicolefragrance.se\/hr\/wp-json\/wp\/v2\/comments?post=1499"}],"version-history":[{"count":0,"href":"https:\/\/nicolefragrance.se\/hr\/wp-json\/wp\/v2\/product\/1499\/revisions"}],"wp:featuredmedia":[{"embeddable":true,"href":"https:\/\/nicolefragrance.se\/hr\/wp-json\/wp\/v2\/media\/27823"}],"wp:attachment":[{"href":"https:\/\/nicolefragrance.se\/hr\/wp-json\/wp\/v2\/media?parent=1499"}],"wp:term":[{"taxonomy":"product_brand","embeddable":true,"href":"https:\/\/nicolefragrance.se\/hr\/wp-json\/wp\/v2\/product_brand?post=1499"},{"taxonomy":"product_cat","embeddable":true,"href":"https:\/\/nicolefragrance.se\/hr\/wp-json\/wp\/v2\/product_cat?post=1499"},{"taxonomy":"product_tag","embeddable":true,"href":"https:\/\/nicolefragrance.se\/hr\/wp-json\/wp\/v2\/product_tag?post=1499"}],"curies":[{"name":"wp","href":"https:\/\/api.w.org\/{rel}","templated":true}]}}