{"id":1487,"date":"2021-01-13T13:59:40","date_gmt":"2021-01-13T12:59:40","guid":{"rendered":"https:\/\/nicolefragrance.se\/?post_type=product&#038;p=1487"},"modified":"2025-10-22T15:59:22","modified_gmt":"2025-10-22T13:59:22","slug":"givenchy-play-for-her-nicole-edp","status":"publish","type":"product","link":"https:\/\/nicolefragrance.se\/hr\/proizvod\/givenchy-play-for-her-nicole-edp\/","title":{"rendered":"Nicole 137 EDP inspiriran s Play For Her Givenchy"},"content":{"rendered":"<p><strong>Givenchy Play For Her<\/strong> je vo\u0107no-orijentalno-cvjetni \u017eenski parfem koji mami svojom senzualno\u0161\u0107u. Nastao je 2010. godine kao \u017eenska verzija \u010duvenog i zavodljivog parfema Play for Him koji je lansiran par godina ranije.<\/p>\n<p><strong>Givenchy Play For Her<\/strong> je vi\u0161e od mirisa &#8211; to je izazov za sva osjetila. Ova \u017eenstvena kompozicija otvara se svje\u017eim vo\u0107nim notama koje vas momentalno preplavljuju osje\u0107ajem svje\u017eine i vitalnosti. U srcu mirisa, cvjetne note dominiraju, daju\u0107i mu dubinu i senzualnost. Dok se miris razvija na va\u0161oj ko\u017ei, tople i drvenaste note postepeno preplavljuju va\u0161e osjetilo mirisa, ostavljaju\u0107i za sobom neodoljiv i dugotrajan trag.<\/p>\n<p>Play For Her je miris koji oslikava samopouzdanu \u017eenu koja zna \u0161to \u017eeli. Ovaj parfem je kao stvoren za one trenutke kada \u017eelite da se istaknete, da ostavite nezaboravan utisak i da poka\u017eete svoju unikatnost. Bilo da ga nosite tijekom dana ili za posebne ve\u010dernje prilike, <strong>Givenchy Play For Her<\/strong> \u0107e vas obaviti o\u010daravaju\u0107om \u017eenstveno\u0161\u0107u i doprinijeti da se osje\u0107ate samouvjereno i neodoljivo.<\/p>\n<p>Zavodljiv, senzualan i neodoljiv, Play For Her je miris koji \u0107e vam pomo\u0107i da izrazite svoju jedinstvenu li\u010dnost i da ostavite neizbrisiv trag gdje god da krenete. Osjetite \u010darobnost ovog mirisa i dozvolite mu da vas inspirira da budete najbolja verzija sebe.<\/p>\n","protected":false},"excerpt":{"rendered":"<p>Play For Her by Givenchy je miris koji oslikava samopouzdanu \u017eenu koja zna \u0161to \u017eeli. Ovaj parfem je kao stvoren za one trenutke kada \u017eelite da se istaknete, da ostavite nezaboravan utisak i da poka\u017eete svoju unikatnost. Bilo da ga nosite tijekom dana ili za posebne ve\u010dernje prilike, Givenchy Play For Her \u0107e vas obaviti o\u010daravaju\u0107om \u017eenstveno\u0161\u0107u i doprinijeti da se osje\u0107ate samouvjereno i neodoljivo.<\/p>\n","protected":false},"featured_media":27834,"comment_status":"open","ping_status":"closed","template":"","meta":{"_acf_changed":false},"product_brand":[],"product_cat":[200,186],"product_tag":[],"class_list":{"0":"post-1487","1":"product","2":"type-product","3":"status-publish","4":"has-post-thumbnail","6":"product_cat-givenchy-marka","7":"product_cat-za-zene","9":"first","10":"outofstock","11":"taxable","12":"shipping-taxable","13":"purchasable","14":"product-type-variable","15":"has-default-attributes"},"acf":[],"_links":{"self":[{"href":"https:\/\/nicolefragrance.se\/hr\/wp-json\/wp\/v2\/product\/1487","targetHints":{"allow":["GET"]}}],"collection":[{"href":"https:\/\/nicolefragrance.se\/hr\/wp-json\/wp\/v2\/product"}],"about":[{"href":"https:\/\/nicolefragrance.se\/hr\/wp-json\/wp\/v2\/types\/product"}],"replies":[{"embeddable":true,"href":"https:\/\/nicolefragrance.se\/hr\/wp-json\/wp\/v2\/comments?post=1487"}],"version-history":[{"count":0,"href":"https:\/\/nicolefragrance.se\/hr\/wp-json\/wp\/v2\/product\/1487\/revisions"}],"wp:featuredmedia":[{"embeddable":true,"href":"https:\/\/nicolefragrance.se\/hr\/wp-json\/wp\/v2\/media\/27834"}],"wp:attachment":[{"href":"https:\/\/nicolefragrance.se\/hr\/wp-json\/wp\/v2\/media?parent=1487"}],"wp:term":[{"taxonomy":"product_brand","embeddable":true,"href":"https:\/\/nicolefragrance.se\/hr\/wp-json\/wp\/v2\/product_brand?post=1487"},{"taxonomy":"product_cat","embeddable":true,"href":"https:\/\/nicolefragrance.se\/hr\/wp-json\/wp\/v2\/product_cat?post=1487"},{"taxonomy":"product_tag","embeddable":true,"href":"https:\/\/nicolefragrance.se\/hr\/wp-json\/wp\/v2\/product_tag?post=1487"}],"curies":[{"name":"wp","href":"https:\/\/api.w.org\/{rel}","templated":true}]}}