{"id":1475,"date":"2021-01-13T12:26:11","date_gmt":"2021-01-13T11:26:11","guid":{"rendered":"https:\/\/nicolefragrance.se\/?post_type=product&#038;p=1475"},"modified":"2025-07-09T15:41:14","modified_gmt":"2025-07-09T13:41:14","slug":"dior-joy-nicole-edp","status":"publish","type":"product","link":"https:\/\/nicolefragrance.se\/hr\/proizvod\/dior-joy-nicole-edp\/","title":{"rendered":"Nicole 223 EDP inspiriran s Joy Dior"},"content":{"rendered":"<p><strong>Joy by Dior<\/strong> je \u017eenski parfem i\u00a0mirisna simfonija koja slavi \u017eenstvenost i radost. Ovaj miris, lansiran 2018. godine, donosi svje\u017einu i senzualnost u jednom.<\/p>\n<p><strong>Joy<\/strong> predstavlja cvjetno drvenasti mozaik sa izra\u017eajnim notama koje vas obavijaju poput nje\u017enog dodira. Na samom po\u010detku, do\u010dekuje vas so\u010dna, \u017eivahna nota koja brzo prelazi u zagrljaj bijelog cvjetnog srca, ukra\u0161enog senzualnim mirisom mo\u0161usa. Ovaj miris o\u017eivljava sve aspekte radosti i sre\u0107e, \u010dine\u0107i da se osje\u0107ate posebno i zadovoljno.<\/p>\n<p><strong>Dior Joy<\/strong> donosi bogat spektar mirisnih nota. osjetiti \u0107ete drvenaste, ora\u0161aste, kremaste, mlije\u010dne i za\u010dinske note, a tu je i svje\u017eina koju ne\u0107ete prona\u0107i u mnogim drugim drvenim mirisima. On kombinira glatku sandalovinu sa mo\u0161usom kako bi stvorio svilenkastu teksturu u osnovi, ostavljaju\u0107i vas u zanosu.<\/p>\n<p>Dior Joy ima tisu\u0107u nijansi i aspekata, ali je istovremeno i kristalno jasan. Za mnoge je ovo ljubav na prvi miris. Ovaj miris je savr\u0161en za svakodnevno no\u0161enje.<\/p>\n<p><strong>Joy by Dior<\/strong> je mnogo vi\u0161e od mirisa &#8211; to je izraz radosti, sre\u0107e i \u017eivota. Osje\u0107ajte se posebno i radujte se svakom danu uz ovu predivnu kreaciju iz ku\u0107e Dior.<\/p>\n","protected":false},"excerpt":{"rendered":"<p>Joy by Dior je parfem sa tisu\u0107u nijansi i aspekata, ali je istovremeno i kristalno jasan. Za mnoge je ovo ljubav na prvi miris. Ovaj miris je savr\u0161en za svakodnevno no\u0161enje. Joy\u00a0je mnogo vi\u0161e od mirisa &#8211; to je izraz radosti, sre\u0107e i \u017eivota. osje\u0107ajte se posebno i radujte se svakom danu uz ovu predivnu kreaciju iz ku\u0107e Dior.<\/p>\n","protected":false},"featured_media":27844,"comment_status":"open","ping_status":"closed","template":"","meta":{"_acf_changed":false},"product_brand":[],"product_cat":[192,186],"product_tag":[],"class_list":{"0":"post-1475","1":"product","2":"type-product","3":"status-publish","4":"has-post-thumbnail","6":"product_cat-dior-marka","7":"product_cat-za-zene","9":"first","10":"instock","11":"taxable","12":"shipping-taxable","13":"purchasable","14":"product-type-variable","15":"has-default-attributes"},"acf":[],"_links":{"self":[{"href":"https:\/\/nicolefragrance.se\/hr\/wp-json\/wp\/v2\/product\/1475","targetHints":{"allow":["GET"]}}],"collection":[{"href":"https:\/\/nicolefragrance.se\/hr\/wp-json\/wp\/v2\/product"}],"about":[{"href":"https:\/\/nicolefragrance.se\/hr\/wp-json\/wp\/v2\/types\/product"}],"replies":[{"embeddable":true,"href":"https:\/\/nicolefragrance.se\/hr\/wp-json\/wp\/v2\/comments?post=1475"}],"version-history":[{"count":0,"href":"https:\/\/nicolefragrance.se\/hr\/wp-json\/wp\/v2\/product\/1475\/revisions"}],"wp:featuredmedia":[{"embeddable":true,"href":"https:\/\/nicolefragrance.se\/hr\/wp-json\/wp\/v2\/media\/27844"}],"wp:attachment":[{"href":"https:\/\/nicolefragrance.se\/hr\/wp-json\/wp\/v2\/media?parent=1475"}],"wp:term":[{"taxonomy":"product_brand","embeddable":true,"href":"https:\/\/nicolefragrance.se\/hr\/wp-json\/wp\/v2\/product_brand?post=1475"},{"taxonomy":"product_cat","embeddable":true,"href":"https:\/\/nicolefragrance.se\/hr\/wp-json\/wp\/v2\/product_cat?post=1475"},{"taxonomy":"product_tag","embeddable":true,"href":"https:\/\/nicolefragrance.se\/hr\/wp-json\/wp\/v2\/product_tag?post=1475"}],"curies":[{"name":"wp","href":"https:\/\/api.w.org\/{rel}","templated":true}]}}