{"id":1463,"date":"2021-01-13T12:23:13","date_gmt":"2021-01-13T11:23:13","guid":{"rendered":"https:\/\/nicolefragrance.se\/?post_type=product&#038;p=1463"},"modified":"2025-07-09T15:42:55","modified_gmt":"2025-07-09T13:42:55","slug":"carolina-herrera-good-girl-legere-nicole-edp","status":"publish","type":"product","link":"https:\/\/nicolefragrance.se\/hr\/proizvod\/carolina-herrera-good-girl-legere-nicole-edp\/","title":{"rendered":"Nicole 220 EDP inspiriran s Good Girl Legere Carolina Herrera"},"content":{"rendered":"<p><strong>Good Girl Legere by Carolina Herrera<\/strong> predstavlja izuzetno senzualan i \u017eenstven miris koji \u0107e vas osvojiti svojom lako\u0107om i izra\u017eajno\u0161\u0107u.<\/p>\n<p><strong>Good Girl Legere<\/strong> je laganija i cvjetnija verzija originalnog Good Girl mirisa, sa\u010duvav\u0161i prepoznatljive note jasmina, ali ih obogatila i poja\u010dala dodatkom ylang-ylang-a. Ovo daje dubinu i bogatstvo cvjetnim notama, \u010dine\u0107i ih senzualnijim i primamljivijim. cvijet tuberoze, koji je u originalnom mirisu bio izra\u017eeniji, Ovdje je suptilniji, bez note kave. Ovaj nje\u017eni pristup \u010dini Good Girl Lerere mirisom koji je privla\u010dan bez glasnih nota. Bazne note uklju\u010duju tonka grah i sandalovinu, \u0161to doprinosi kremastoj i neodoljivoj bazi ovog mirisa.<\/p>\n<p><strong>Good Girl Legere<\/strong> je poput tihe zavodnice, senzualan i razigran, ali nikako napadan.\u00a0Neodoljiv, ali nikada preteran, ostavlja za sobom mek, sladak miris koji \u0107e osvojiti va\u0161a osjetila.<\/p>\n<p><strong>Carolina Herrera Good Girl Legere<\/strong> je \u017eenski miris za svaku priliku. Bilo da ga nosite svakodnevno ili ga \u010duvate za posebne trenutke, ovaj miris \u0107e vam pru\u017eiti osje\u0107aj samopouzdanja i elegancije.<\/p>\n<p><strong>Good Girl Legere<\/strong> je izuzetno privla\u010dan miris za \u017eene koje \u017eele da se izraze svojom senzualnom i nje\u017enom stranom. Svojom kombinacijom cvjetnih i orijentalnih nota, on \u0107e vam pru\u017eiti neodoljivu karizmu i unijeti senzualnost u svaki dan.<\/p>\n","protected":false},"excerpt":{"rendered":"<p>Carolina Herrera Good Girl Legere je \u017eenski miris za svaku priliku. Bilo da ga nosite svakodnevno ili ga \u010duvate za posebne trenutke, ovaj miris \u0107e vam pru\u017eiti osje\u0107aj samopouzdanja i elegancije. Good Girl Legere je izuzetno privla\u010dan miris za \u017eene koje \u017eele da se izraze svojom senzualnom i nje\u017enom stranom. Svojom kombinacijom cvjetnih i orijentalnih nota, on \u0107e vam pru\u017eiti neodoljivu karizmu i unijeti senzualnost u svaki dan.<\/p>\n","protected":false},"featured_media":27855,"comment_status":"open","ping_status":"closed","template":"","meta":{"_acf_changed":false},"product_brand":[],"product_cat":[205,186],"product_tag":[],"class_list":{"0":"post-1463","1":"product","2":"type-product","3":"status-publish","4":"has-post-thumbnail","6":"product_cat-carolina-herrera-marka","7":"product_cat-za-zene","9":"first","10":"instock","11":"taxable","12":"shipping-taxable","13":"purchasable","14":"product-type-variable","15":"has-default-attributes"},"acf":[],"_links":{"self":[{"href":"https:\/\/nicolefragrance.se\/hr\/wp-json\/wp\/v2\/product\/1463","targetHints":{"allow":["GET"]}}],"collection":[{"href":"https:\/\/nicolefragrance.se\/hr\/wp-json\/wp\/v2\/product"}],"about":[{"href":"https:\/\/nicolefragrance.se\/hr\/wp-json\/wp\/v2\/types\/product"}],"replies":[{"embeddable":true,"href":"https:\/\/nicolefragrance.se\/hr\/wp-json\/wp\/v2\/comments?post=1463"}],"version-history":[{"count":0,"href":"https:\/\/nicolefragrance.se\/hr\/wp-json\/wp\/v2\/product\/1463\/revisions"}],"wp:featuredmedia":[{"embeddable":true,"href":"https:\/\/nicolefragrance.se\/hr\/wp-json\/wp\/v2\/media\/27855"}],"wp:attachment":[{"href":"https:\/\/nicolefragrance.se\/hr\/wp-json\/wp\/v2\/media?parent=1463"}],"wp:term":[{"taxonomy":"product_brand","embeddable":true,"href":"https:\/\/nicolefragrance.se\/hr\/wp-json\/wp\/v2\/product_brand?post=1463"},{"taxonomy":"product_cat","embeddable":true,"href":"https:\/\/nicolefragrance.se\/hr\/wp-json\/wp\/v2\/product_cat?post=1463"},{"taxonomy":"product_tag","embeddable":true,"href":"https:\/\/nicolefragrance.se\/hr\/wp-json\/wp\/v2\/product_tag?post=1463"}],"curies":[{"name":"wp","href":"https:\/\/api.w.org\/{rel}","templated":true}]}}