{"id":1451,"date":"2021-01-13T12:21:10","date_gmt":"2021-01-13T11:21:10","guid":{"rendered":"https:\/\/nicolefragrance.se\/?post_type=product&#038;p=1451"},"modified":"2025-07-09T15:44:43","modified_gmt":"2025-07-09T13:44:43","slug":"yves-saint-laurent-black-opium-intense-nicole-edp","status":"publish","type":"product","link":"https:\/\/nicolefragrance.se\/hr\/proizvod\/yves-saint-laurent-black-opium-intense-nicole-edp\/","title":{"rendered":"Nicole 216 EDP inspiriran s Black Opium Intense Yves Saint Laurent"},"content":{"rendered":"<p><strong>Yves Saint Laurent Black Opium Intense<\/strong>, lansiran 2019. godine, predstavlja sna\u017eniju, hrabriju i senzualniju verziju klasi\u010dnog Black Opium mirisa. Ovaj miris je stvoren za \u017eenu koja je magi\u010dna, odva\u017ena, senzualna i nezavisna.<\/p>\n<p>Ovaj \u017eenski parfem otvara se notama bogate i adrenalinske kave, \u0161to daje energi\u010dan po\u010detak. U srcu mirisa, nje\u017eni cvjetovi naran\u010dinog cvijeta postaju jo\u0161 \u017eivopisniji uz prisustvo uzbudljive arome plave absinte. Ovaj kontrast izme\u0111u svje\u017eine gornjih i srednjih nota i zavodljive tamne kave stvara neodoljivu i mra\u010dnu harmoniju. Baza mirisa obuhva\u0107a kremastu, toplu i ora\u0161astu sandalovinu koja se savr\u0161eno sla\u017ee sa gorkom i pr\u017eenom notom crnih zrnaca kave, stvaraju\u0107i duboku i sanjivu osnovu. vanilija se provla\u010di kroz celu kompoziciju, povezuju\u0107i intenzitet jasmina sa rasko\u0161nim udobljem baze.<\/p>\n<p>Yves Saint Laurent Black Opium Intense je miris sa liciderskom notom, \u0161to ga \u010dini izuzetno jedinstvenim. Ovaj miris je savr\u0161en izbor za ljubitelje kave i tamnog vo\u0107a.<\/p>\n<p><strong>Black Opium Intense<\/strong> od Yves Saint Laurent je miris koji \u0107e osvojiti sve one hrabre i nezavisne \u017eene koje \u017eele da se istaknu svojom senzualno\u0161\u0107u i samopouzdanjem. Ovaj miris je osvje\u017eavaju\u0107e jedinstven i pru\u017ea osje\u0107aj unikatnosti.<\/p>\n<p>Uronite u magi\u010dan svijet <strong>YSL Black Opium Intense<\/strong> mirisa i izrazite svoju neodoljivu stranu.<\/p>\n","protected":false},"excerpt":{"rendered":"<p>Yves Saint Laurent Black Opium Intense je miris sa liciderskom notom, \u0161to ga \u010dini izuzetno jedinstvenim. Ovaj miris je savr\u0161en izbor za ljubitelje kave i tamnog vo\u0107a. Black Opium Intense je miris koji \u0107e osvojiti sve one hrabre i nezavisne \u017eene koje \u017eele da se istaknu svojom senzualno\u0161\u0107u i samopouzdanjem. Ovaj miris je stvoren za \u017eenu koja je magi\u010dna, odva\u017ena, senzualna i nezavisna.<\/p>\n","protected":false},"featured_media":27866,"comment_status":"open","ping_status":"closed","template":"","meta":{"_acf_changed":false},"product_brand":[],"product_cat":[206,186],"product_tag":[],"class_list":{"0":"post-1451","1":"product","2":"type-product","3":"status-publish","4":"has-post-thumbnail","6":"product_cat-yves-saint-laurent-marka","7":"product_cat-za-zene","9":"first","10":"instock","11":"taxable","12":"shipping-taxable","13":"purchasable","14":"product-type-variable","15":"has-default-attributes"},"acf":[],"_links":{"self":[{"href":"https:\/\/nicolefragrance.se\/hr\/wp-json\/wp\/v2\/product\/1451","targetHints":{"allow":["GET"]}}],"collection":[{"href":"https:\/\/nicolefragrance.se\/hr\/wp-json\/wp\/v2\/product"}],"about":[{"href":"https:\/\/nicolefragrance.se\/hr\/wp-json\/wp\/v2\/types\/product"}],"replies":[{"embeddable":true,"href":"https:\/\/nicolefragrance.se\/hr\/wp-json\/wp\/v2\/comments?post=1451"}],"version-history":[{"count":0,"href":"https:\/\/nicolefragrance.se\/hr\/wp-json\/wp\/v2\/product\/1451\/revisions"}],"wp:featuredmedia":[{"embeddable":true,"href":"https:\/\/nicolefragrance.se\/hr\/wp-json\/wp\/v2\/media\/27866"}],"wp:attachment":[{"href":"https:\/\/nicolefragrance.se\/hr\/wp-json\/wp\/v2\/media?parent=1451"}],"wp:term":[{"taxonomy":"product_brand","embeddable":true,"href":"https:\/\/nicolefragrance.se\/hr\/wp-json\/wp\/v2\/product_brand?post=1451"},{"taxonomy":"product_cat","embeddable":true,"href":"https:\/\/nicolefragrance.se\/hr\/wp-json\/wp\/v2\/product_cat?post=1451"},{"taxonomy":"product_tag","embeddable":true,"href":"https:\/\/nicolefragrance.se\/hr\/wp-json\/wp\/v2\/product_tag?post=1451"}],"curies":[{"name":"wp","href":"https:\/\/api.w.org\/{rel}","templated":true}]}}