{"id":1427,"date":"2021-01-13T12:09:57","date_gmt":"2021-01-13T11:09:57","guid":{"rendered":"https:\/\/nicolefragrance.se\/?post_type=product&#038;p=1427"},"modified":"2025-07-09T16:57:28","modified_gmt":"2025-07-09T14:57:28","slug":"dior-poison-girl-nicole-edp","status":"publish","type":"product","link":"https:\/\/nicolefragrance.se\/hr\/proizvod\/dior-poison-girl-nicole-edp\/","title":{"rendered":"Nicole 208 EDP inspiriran s Poison Girl Dior"},"content":{"rendered":"<p><strong>Poison Girl by Dior<\/strong> je miris koji slavi \u017eenstvenu mo\u0107 i sofisticiranost. Lansiran 2016. godine, ovaj \u017eenski parfem je odmah postao ikona modernih \u017eena. On je zavodljiv, sladak, i istovremeno toksi\u010dan, ostavljaju\u0107i iza sebe neodoljivu notu luksuza.<\/p>\n<p><strong>Dior Poison Girl<\/strong> se otvara svje\u017eim notama naran\u010de koje mame svojom slatkasto-gorkom aromom. Ove note se vijugavo preplavljuju venecuelanskim tonka zrncima, stvaraju\u0107i sladak i gorak kontrast koji hipnotizira osjetila. Na kraju, miris se razvija u cvjetnoj senzualnosti Grase ru\u017ee, dodaju\u0107i sofisticiranu dubinu ovom \u017eenstvenom parfemu. Ovaj miris je najavljen kao gorko-slatka aroma, skandalozno ukusna, stvorena za buntovne mlade \u017eene, pop-feministkinje koje prate svoje snove.<\/p>\n<p><strong>Dior Poison Girl<\/strong> je miris zavo\u0111enja. tijekom no\u0161enja, ovaj parfem postaje zarazan, ostavljaju\u0107i iza sebe tragove slatke, ali opojne elegancije. \u017dene koje ga nose osje\u0107aju se mo\u0107no i sofisticirano, spremne za sve \u0161to \u017eivot ima da ponudi.<\/p>\n<p><strong>Poison Girl<\/strong> je osvje\u017eavaju\u0107e i neodoljivo toksi\u010dno iskustvo za sva osjetila. Sa svojim gorko-slatkim notama, on je savr\u0161en za sve prilike, bilo da idete na posao, sastanak ili ve\u010derrnji izlazak. Ova aroma \u0107e vas ostaviti zaslijepljenim i zarobljenim njenim \u010darima. Dior je ponovo uspio da stvori klasik, parfem koji \u0107e ostati voljen i cenjen dugi niz godina.<\/p>\n","protected":false},"excerpt":{"rendered":"<p>Poison Girl by Dior je miris koji slavi \u017eenstvenu mo\u0107 i sofisticiranost. Sa svojim gorko-slatkim notama, on je savr\u0161en za sve prilike, bilo da idete na posao, sastanak ili ve\u010derrnji izlazak. Ova aroma \u0107e vas ostaviti zaslijepljenim i zarobljenim njenim \u010darima. Dior je ponovo uspio stvoriti klasik, parfem koji \u0107e ostati voljen i cijenjen dugi niz godina.<\/p>\n","protected":false},"featured_media":27892,"comment_status":"open","ping_status":"closed","template":"","meta":{"_acf_changed":false},"product_brand":[],"product_cat":[192,186],"product_tag":[],"class_list":{"0":"post-1427","1":"product","2":"type-product","3":"status-publish","4":"has-post-thumbnail","6":"product_cat-dior-marka","7":"product_cat-za-zene","9":"first","10":"instock","11":"taxable","12":"shipping-taxable","13":"purchasable","14":"product-type-variable","15":"has-default-attributes"},"acf":[],"_links":{"self":[{"href":"https:\/\/nicolefragrance.se\/hr\/wp-json\/wp\/v2\/product\/1427","targetHints":{"allow":["GET"]}}],"collection":[{"href":"https:\/\/nicolefragrance.se\/hr\/wp-json\/wp\/v2\/product"}],"about":[{"href":"https:\/\/nicolefragrance.se\/hr\/wp-json\/wp\/v2\/types\/product"}],"replies":[{"embeddable":true,"href":"https:\/\/nicolefragrance.se\/hr\/wp-json\/wp\/v2\/comments?post=1427"}],"version-history":[{"count":0,"href":"https:\/\/nicolefragrance.se\/hr\/wp-json\/wp\/v2\/product\/1427\/revisions"}],"wp:featuredmedia":[{"embeddable":true,"href":"https:\/\/nicolefragrance.se\/hr\/wp-json\/wp\/v2\/media\/27892"}],"wp:attachment":[{"href":"https:\/\/nicolefragrance.se\/hr\/wp-json\/wp\/v2\/media?parent=1427"}],"wp:term":[{"taxonomy":"product_brand","embeddable":true,"href":"https:\/\/nicolefragrance.se\/hr\/wp-json\/wp\/v2\/product_brand?post=1427"},{"taxonomy":"product_cat","embeddable":true,"href":"https:\/\/nicolefragrance.se\/hr\/wp-json\/wp\/v2\/product_cat?post=1427"},{"taxonomy":"product_tag","embeddable":true,"href":"https:\/\/nicolefragrance.se\/hr\/wp-json\/wp\/v2\/product_tag?post=1427"}],"curies":[{"name":"wp","href":"https:\/\/api.w.org\/{rel}","templated":true}]}}