{"id":1403,"date":"2021-01-12T21:20:22","date_gmt":"2021-01-12T20:20:22","guid":{"rendered":"https:\/\/nicolefragrance.se\/?post_type=product&#038;p=1403"},"modified":"2025-07-09T17:00:50","modified_gmt":"2025-07-09T15:00:50","slug":"narciso-rodriguez-fleur-musc-for-her-nicole-edp","status":"publish","type":"product","link":"https:\/\/nicolefragrance.se\/hr\/proizvod\/narciso-rodriguez-fleur-musc-for-her-nicole-edp\/","title":{"rendered":"Nicole 203 EDP inspiriran s Fleur Musc For Her Narciso Rodriguez"},"content":{"rendered":"<p><strong>Fleur Musc for Her by Narciso Rodriguez<\/strong> je cvjetno-drveni \u017eenski parfem koji isti\u010de jedinstvenu i sna\u017enu \u017eenstvenost. Lansiran 2017. godine, ovaj miris donosi bogatu simfoniju cvjetnih tonova, oboga\u0107enih senzualnim mo\u0161usom i toplim drvenastim akordima, stvaraju\u0107i nezaboravno i elegantno iskustvo.<\/p>\n<p><strong>Fleur Musc<\/strong> otvara se o\u010daravaju\u0107im notama ru\u017ei\u010dastog papra koje nagovje\u0161tavaju senzualnu pri\u010du koja se razvija. U srcu parfema, prelijepe ru\u017ee se prepli\u0107u sa blagim, ali primjetnim mirisom bo\u017eura i mo\u0161usa, stvaraju\u0107i prepoznatljivu dubinu i slojevitost.<\/p>\n<p>Narciso Rodriguez je majstorski spojio mo\u0161us i drvenaste note ambera kako bi unapredio senzualnu toplinu ovog mirisa. O\u010daravaju\u0107i spoj pa\u010dulija i nje\u017enog ambera stvara zemljane i blago slatke tonove koji savr\u0161eno zaokru\u017euju cvjetne note, pru\u017eaju\u0107i trajnu i zavodljivu postojanost.<\/p>\n<p><strong>Fleur Musc for Her<\/strong> je esencija suptilne, ali sna\u017ene \u017eenstvenosti. Ovaj miris je kreiran za moderne \u017eene koje isti\u010du svoju unutra\u0161nju snagu, gracioznost i sofisticiranost. Uz njegovu dugotrajnu i prefinjenu postojanost, Fleur Musc for Her postaje neizostavni dio li\u010dnog stila i oslikava samopouzdanje i eleganciju \u017eene koja ga nosi.<\/p>\n<p>U\u017eivajte u nje\u017enom i o\u010daravaju\u0107em iskustvu uz <strong>Fleur Musc for Her by Narciso Rodriguez.<\/strong><\/p>\n","protected":false},"excerpt":{"rendered":"<p>Fleur Musc for Her by Narciso Rodriguez je esencija suptilne, ali sna\u017ene \u017eenstvenosti. Ovaj miris je kreiran za moderne \u017eene koje isti\u010du svoju unutra\u0161nju snagu, gracioznost i sofisticiranost. Uz njegovu dugotrajnu i prefinjenu postojanost, Fleur Musc for Her postaje neizostavni dio osobnog stila i oslikava samopouzdanje i eleganciju \u017eene koja ga nosi.<\/p>\n","protected":false},"featured_media":27914,"comment_status":"open","ping_status":"closed","template":"","meta":{"_acf_changed":false},"product_brand":[],"product_cat":[213,186],"product_tag":[],"class_list":{"0":"post-1403","1":"product","2":"type-product","3":"status-publish","4":"has-post-thumbnail","6":"product_cat-narciso-rodriguez-marka","7":"product_cat-za-zene","9":"first","10":"instock","11":"taxable","12":"shipping-taxable","13":"purchasable","14":"product-type-variable","15":"has-default-attributes"},"acf":[],"_links":{"self":[{"href":"https:\/\/nicolefragrance.se\/hr\/wp-json\/wp\/v2\/product\/1403","targetHints":{"allow":["GET"]}}],"collection":[{"href":"https:\/\/nicolefragrance.se\/hr\/wp-json\/wp\/v2\/product"}],"about":[{"href":"https:\/\/nicolefragrance.se\/hr\/wp-json\/wp\/v2\/types\/product"}],"replies":[{"embeddable":true,"href":"https:\/\/nicolefragrance.se\/hr\/wp-json\/wp\/v2\/comments?post=1403"}],"version-history":[{"count":0,"href":"https:\/\/nicolefragrance.se\/hr\/wp-json\/wp\/v2\/product\/1403\/revisions"}],"wp:featuredmedia":[{"embeddable":true,"href":"https:\/\/nicolefragrance.se\/hr\/wp-json\/wp\/v2\/media\/27914"}],"wp:attachment":[{"href":"https:\/\/nicolefragrance.se\/hr\/wp-json\/wp\/v2\/media?parent=1403"}],"wp:term":[{"taxonomy":"product_brand","embeddable":true,"href":"https:\/\/nicolefragrance.se\/hr\/wp-json\/wp\/v2\/product_brand?post=1403"},{"taxonomy":"product_cat","embeddable":true,"href":"https:\/\/nicolefragrance.se\/hr\/wp-json\/wp\/v2\/product_cat?post=1403"},{"taxonomy":"product_tag","embeddable":true,"href":"https:\/\/nicolefragrance.se\/hr\/wp-json\/wp\/v2\/product_tag?post=1403"}],"curies":[{"name":"wp","href":"https:\/\/api.w.org\/{rel}","templated":true}]}}