{"id":1391,"date":"2021-01-12T21:18:33","date_gmt":"2021-01-12T20:18:33","guid":{"rendered":"https:\/\/nicolefragrance.se\/?post_type=product&#038;p=1391"},"modified":"2025-07-09T17:03:10","modified_gmt":"2025-07-09T15:03:10","slug":"versace-crystal-noir-nicole-edp","status":"publish","type":"product","link":"https:\/\/nicolefragrance.se\/hr\/proizvod\/versace-crystal-noir-nicole-edp\/","title":{"rendered":"Nicole 200 EDP inspiriran s Crystal Noir Versace"},"content":{"rendered":"<p><strong>Versace Crystal Noir<\/strong> je izrazito senzualan i delikatan amber-cvjetni \u017eenski parfem, lansiran 2004. godine.<\/p>\n<p>Otvara se vrlo \u017eivahnim gornjim notama koje \u010dini kombinacija kardamoma, papra i \u0111umbira. Kako se malo osu\u0161i, u srcu parfema do\u010dekati \u0107e vas cvjetni dodatak &#8211; miris gardenije, bo\u017eura i cvijeta naran\u010de. U osnovi mirisa dominira mo\u0161us, \u0107ilibar i sandalovo drvo.<\/p>\n<p>Zbog lagane i cvjetne prirode <strong>Crystal Noir <\/strong>parfema, savr\u0161en je za prolje\u0107e i ljeto. Ovaj parfem je baziran oko gardenije, cvijeta koji je sladak, mirisan, a ipak suptilan. Sredi\u0161nje note uzimaju ovu svje\u017eu i \u010distu gardeniju i mije\u0161aju je sa amberom koji je gotovo pro\u010di\u0161\u0107en do transparentnosti za senzualan i zavodljiv rezultat.<\/p>\n<p><strong>Versace Crystal Noir<\/strong> je parfem koji donosi osje\u0107aj svje\u017eine i luksuza istovremeno. Mirisne note se ple\u0161u na ko\u017ei pru\u017eaju\u0107i sofisticiran i profinjen do\u017eivljaj. Ovaj parfem je idealan za \u017eene koje \u017eele da izraze svoju \u017eenstvenost na elegantan i suptilan na\u010din. Sa svojim cvjetnim notama i zavodljivim akordima, <strong>Versace Crystal Noir<\/strong> je poput luksuznog buketa koji cvjeta na ko\u017ei.<\/p>\n<p>Bez sumnje, <strong>Versace Crystal Noir<\/strong> je miris koji \u0107e vas okru\u017eiti neodoljivom elegancijom tijekom toplih sezona.<\/p>\n","protected":false},"excerpt":{"rendered":"<p>Versace Crystal Noir je parfem koji donosi osje\u0107aj svje\u017eine i luksuza istovremeno. Mirisne note ple\u0161u na ko\u017ei pru\u017eaju\u0107i sofisticiran i profinjen do\u017eivljaj. Ovaj parfem je idealan za \u017eene koje \u017eele da izraze svoju \u017eenstvenost na elegantan i suptilan na\u010din. Bez sumnje, to\u00a0je miris koji \u0107e vas okru\u017eiti neodoljivom elegancijom tijekom toplih sezona.<\/p>\n","protected":false},"featured_media":27925,"comment_status":"open","ping_status":"closed","template":"","meta":{"_acf_changed":false},"product_brand":[],"product_cat":[211,186],"product_tag":[],"class_list":{"0":"post-1391","1":"product","2":"type-product","3":"status-publish","4":"has-post-thumbnail","6":"product_cat-versace-marka","7":"product_cat-za-zene","9":"first","10":"instock","11":"taxable","12":"shipping-taxable","13":"purchasable","14":"product-type-variable","15":"has-default-attributes"},"acf":[],"_links":{"self":[{"href":"https:\/\/nicolefragrance.se\/hr\/wp-json\/wp\/v2\/product\/1391","targetHints":{"allow":["GET"]}}],"collection":[{"href":"https:\/\/nicolefragrance.se\/hr\/wp-json\/wp\/v2\/product"}],"about":[{"href":"https:\/\/nicolefragrance.se\/hr\/wp-json\/wp\/v2\/types\/product"}],"replies":[{"embeddable":true,"href":"https:\/\/nicolefragrance.se\/hr\/wp-json\/wp\/v2\/comments?post=1391"}],"version-history":[{"count":0,"href":"https:\/\/nicolefragrance.se\/hr\/wp-json\/wp\/v2\/product\/1391\/revisions"}],"wp:featuredmedia":[{"embeddable":true,"href":"https:\/\/nicolefragrance.se\/hr\/wp-json\/wp\/v2\/media\/27925"}],"wp:attachment":[{"href":"https:\/\/nicolefragrance.se\/hr\/wp-json\/wp\/v2\/media?parent=1391"}],"wp:term":[{"taxonomy":"product_brand","embeddable":true,"href":"https:\/\/nicolefragrance.se\/hr\/wp-json\/wp\/v2\/product_brand?post=1391"},{"taxonomy":"product_cat","embeddable":true,"href":"https:\/\/nicolefragrance.se\/hr\/wp-json\/wp\/v2\/product_cat?post=1391"},{"taxonomy":"product_tag","embeddable":true,"href":"https:\/\/nicolefragrance.se\/hr\/wp-json\/wp\/v2\/product_tag?post=1391"}],"curies":[{"name":"wp","href":"https:\/\/api.w.org\/{rel}","templated":true}]}}