{"id":1379,"date":"2021-01-12T21:16:47","date_gmt":"2021-01-12T20:16:47","guid":{"rendered":"https:\/\/nicolefragrance.se\/?post_type=product&#038;p=1379"},"modified":"2025-07-09T17:05:33","modified_gmt":"2025-07-09T15:05:33","slug":"dolcegabbana-3-l-imperatrice-nicole-edp","status":"publish","type":"product","link":"https:\/\/nicolefragrance.se\/hr\/proizvod\/dolcegabbana-3-l-imperatrice-nicole-edp\/","title":{"rendered":"Nicole 199 EDP inspiriran s L Imperatrice 3 Dolce &#038; Gabbana"},"content":{"rendered":"<p><strong>L&#8217;Imperatrice 3 by Dolce &amp; Gabbana<\/strong> je cvjetno-akvati\u010dni \u017eenski parfem, lansiran 2009. godine kao dio kolekcije od 5 mirisa nazvane D&amp;G Antologija, koju je u to vrijeme promovisala Naomi Campbell. Ovaj parfem donosi vo\u0107ne, cvjetne i \u017eenstvene note, stvaraju\u0107i neodoljivu i osvje\u017eavaju\u0107u aromu koja odi\u0161e samopouzdanjem.<\/p>\n<p>Ovaj parfem otvara se so\u010dnim notama kivija, crvenog ribizla i rabarbare, stvaraju\u0107i vibrantan i uzbudljiv do\u017eivljaj koji probudi sva osjetila. Ove vo\u0107ne esencije savr\u0161eno se stapaju, stvaraju\u0107i neodoljivu mje\u0161avinu slatko\u0107e i svje\u017eine. U srcu parfema, cvjetna elegancija ru\u017ei\u010daste ciklame i osvje\u017eavaju\u0107e lubenice stvara upe\u010datljiv kontrast sa \u017eivopisnim vo\u0107nim notama. Ova kombinacija donosi osje\u0107aj lako\u0107e i sofisticiranosti, isti\u010du\u0107i individualnost i samopouzdanje nosioca ovog mirisa. Baza parfema obuhva\u0107a prefinjene note sandalovine koje stvaraju osje\u0107aj topline i udobnosti, dok senzualni mo\u0161us prati nosioca ovog mirisa tijekom \u010ditavog dana. Ova paleta zemljanih i toplih tonova dodaje dubinu i postojanost parfemu, \u010dine\u0107i ga savr\u0161enim izborom za ljetne dane.<\/p>\n<p><strong>L&#8217;Imperatrice 3<\/strong> je parfem koji isti\u010de \u017eenstvenost, samopouzdanje i sofisticiranost. Uz njegovu osvje\u017eavaju\u0107u postojanost i neodoljivu aromu, ovaj parfem je idealan izbor za sve prilike tijekom toplih ljetnih dana. U\u017eivajte u osvje\u017eavaju\u0107em do\u017eivljaju sa <strong>L&#8217;Imperatrice 3 by Dolce &amp; Gabbana.<\/strong><\/p>\n","protected":false},"excerpt":{"rendered":"<p>L&#8217;Imperatrice 3 by Dolce &amp; Gabbana je parfem koji isti\u010de \u017eenstvenost i sofisticiranost. Ovaj parfem donosi vo\u0107ne, cvjetne i \u017eenstvene note, stvaraju\u0107i neodoljivu i osvje\u017eavaju\u0107u aromu koja odi\u0161e samopouzdanjem. Uz njegovu osvje\u017eavaju\u0107u postojanost i neodoljivu aromu, ovaj parfem je idealan izbor za sve prilike tijekom toplih ljetnih dana. U\u017eivajte u osvje\u017eavaju\u0107em do\u017eivljaju sa L&#8217;Imperatrice 3.<\/p>\n","protected":false},"featured_media":27937,"comment_status":"open","ping_status":"closed","template":"","meta":{"_acf_changed":false},"product_brand":[],"product_cat":[197,186],"product_tag":[],"class_list":{"0":"post-1379","1":"product","2":"type-product","3":"status-publish","4":"has-post-thumbnail","6":"product_cat-dolce-gabbana-marka","7":"product_cat-za-zene","9":"first","10":"instock","11":"taxable","12":"shipping-taxable","13":"purchasable","14":"product-type-variable","15":"has-default-attributes"},"acf":[],"_links":{"self":[{"href":"https:\/\/nicolefragrance.se\/hr\/wp-json\/wp\/v2\/product\/1379","targetHints":{"allow":["GET"]}}],"collection":[{"href":"https:\/\/nicolefragrance.se\/hr\/wp-json\/wp\/v2\/product"}],"about":[{"href":"https:\/\/nicolefragrance.se\/hr\/wp-json\/wp\/v2\/types\/product"}],"replies":[{"embeddable":true,"href":"https:\/\/nicolefragrance.se\/hr\/wp-json\/wp\/v2\/comments?post=1379"}],"version-history":[{"count":0,"href":"https:\/\/nicolefragrance.se\/hr\/wp-json\/wp\/v2\/product\/1379\/revisions"}],"wp:featuredmedia":[{"embeddable":true,"href":"https:\/\/nicolefragrance.se\/hr\/wp-json\/wp\/v2\/media\/27937"}],"wp:attachment":[{"href":"https:\/\/nicolefragrance.se\/hr\/wp-json\/wp\/v2\/media?parent=1379"}],"wp:term":[{"taxonomy":"product_brand","embeddable":true,"href":"https:\/\/nicolefragrance.se\/hr\/wp-json\/wp\/v2\/product_brand?post=1379"},{"taxonomy":"product_cat","embeddable":true,"href":"https:\/\/nicolefragrance.se\/hr\/wp-json\/wp\/v2\/product_cat?post=1379"},{"taxonomy":"product_tag","embeddable":true,"href":"https:\/\/nicolefragrance.se\/hr\/wp-json\/wp\/v2\/product_tag?post=1379"}],"curies":[{"name":"wp","href":"https:\/\/api.w.org\/{rel}","templated":true}]}}