{"id":1367,"date":"2021-01-12T21:11:38","date_gmt":"2021-01-12T20:11:38","guid":{"rendered":"https:\/\/nicolefragrance.se\/?post_type=product&#038;p=1367"},"modified":"2025-07-09T17:07:32","modified_gmt":"2025-07-09T15:07:32","slug":"bvlgari-jasmin-noir-nicole-edp","status":"publish","type":"product","link":"https:\/\/nicolefragrance.se\/hr\/proizvod\/bvlgari-jasmin-noir-nicole-edp\/","title":{"rendered":"Nicole 198 EDP inspiriran s Jasmin Noir Bvlgari"},"content":{"rendered":"<p><strong>Bvlgari Jasmin Noir<\/strong> je neodoljiva aroma koja o\u010darava i mami svojom dubinom i kontrastima. Lansiran 2008. godine, ovaj \u017eenski parfem je istinsko remek-djelo modne ku\u0107e Bvlgari (Bulgari).<\/p>\n<p>Kompozicija ovog mirisa zapo\u010dinje svje\u017einom zelenih biljaka, oboga\u0107enom cvjetnim notama gardenije. Ovo otvaranje je kao prva \u0161etnja kroz predivan vrt, gdje se prirodna svje\u017eina spaja sa cvjetnom rasko\u0161i. Srce mirisa otkriva predivan Sambac jasmin koji se mije\u0161a sa kremastim notama badema. Ovaj dio mirisa dodaje dubinu i senzualnost, stvaraju\u0107i neodoljivu kombinaciju cvjetnih i gurmanskih nota. Baza parfema donosi mra\u010dne i tajanstvene note dragocenog drve\u0107a, slatke likori\u0161e i akorde tonke. Ove note dodaju dubinu i trajnost mirisu, stvaraju\u0107i osje\u0107aj topline i elegancije koji \u0107e vas pratiti tijekom cijelog dana.<\/p>\n<p><strong>Jasmin Noir by Bvlgari<\/strong> je kreiran kao kontrast mu\u017eevnih i \u017eenskih nota. Ovaj dualisti\u010dki pristup \u010dini ga jedinstvenim i nezaboravnim. Sna\u017ean i tajanstven, ovaj miris isti\u010de se kao pravi dragulj u svijetu parfema.<\/p>\n<p><strong>Bvlgari Jasmin Noir<\/strong> je miris za samouvjerene \u017eene. Njegova senzualnost i kompleksnost ga \u010dine idealnim izborom za sve prilike, bilo da idete na posao, ve\u010deru ili romanti\u010dan izlazak.<\/p>\n<p><strong>Bvlgari Jasmin Noir<\/strong> je miris koji \u0107e vas o\u010darati dubinom i kontrastima, \u010dine\u0107i vas neodoljivom gdje god da se pojavite.<\/p>\n","protected":false},"excerpt":{"rendered":"<p>Bvlgari Jasmin Noir je miris za samouvjerene \u017eene. Njegova senzualnost i kompleksnost ga \u010dine idealnim izborom za sve prilike, bilo da idete na posao, ve\u010deru ili romanti\u010dan izlazak. Jasmin Noir je miris koji \u0107e vas o\u010darati dubinom i kontrastima, \u010dine\u0107i vas neodoljivom gdje god da se pojavite.<\/p>\n","protected":false},"featured_media":27948,"comment_status":"open","ping_status":"closed","template":"","meta":{"_acf_changed":false},"product_brand":[],"product_cat":[196,186],"product_tag":[],"class_list":{"0":"post-1367","1":"product","2":"type-product","3":"status-publish","4":"has-post-thumbnail","6":"product_cat-bvlgari-marka","7":"product_cat-za-zene","9":"first","10":"instock","11":"taxable","12":"shipping-taxable","13":"purchasable","14":"product-type-variable","15":"has-default-attributes"},"acf":[],"_links":{"self":[{"href":"https:\/\/nicolefragrance.se\/hr\/wp-json\/wp\/v2\/product\/1367","targetHints":{"allow":["GET"]}}],"collection":[{"href":"https:\/\/nicolefragrance.se\/hr\/wp-json\/wp\/v2\/product"}],"about":[{"href":"https:\/\/nicolefragrance.se\/hr\/wp-json\/wp\/v2\/types\/product"}],"replies":[{"embeddable":true,"href":"https:\/\/nicolefragrance.se\/hr\/wp-json\/wp\/v2\/comments?post=1367"}],"version-history":[{"count":0,"href":"https:\/\/nicolefragrance.se\/hr\/wp-json\/wp\/v2\/product\/1367\/revisions"}],"wp:featuredmedia":[{"embeddable":true,"href":"https:\/\/nicolefragrance.se\/hr\/wp-json\/wp\/v2\/media\/27948"}],"wp:attachment":[{"href":"https:\/\/nicolefragrance.se\/hr\/wp-json\/wp\/v2\/media?parent=1367"}],"wp:term":[{"taxonomy":"product_brand","embeddable":true,"href":"https:\/\/nicolefragrance.se\/hr\/wp-json\/wp\/v2\/product_brand?post=1367"},{"taxonomy":"product_cat","embeddable":true,"href":"https:\/\/nicolefragrance.se\/hr\/wp-json\/wp\/v2\/product_cat?post=1367"},{"taxonomy":"product_tag","embeddable":true,"href":"https:\/\/nicolefragrance.se\/hr\/wp-json\/wp\/v2\/product_tag?post=1367"}],"curies":[{"name":"wp","href":"https:\/\/api.w.org\/{rel}","templated":true}]}}