{"id":1355,"date":"2021-01-12T21:08:57","date_gmt":"2021-01-12T20:08:57","guid":{"rendered":"https:\/\/nicolefragrance.se\/?post_type=product&#038;p=1355"},"modified":"2025-07-09T17:11:00","modified_gmt":"2025-07-09T15:11:00","slug":"carolina-herrera-good-girl-nicole-edp","status":"publish","type":"product","link":"https:\/\/nicolefragrance.se\/hr\/proizvod\/carolina-herrera-good-girl-nicole-edp\/","title":{"rendered":"Nicole 197 EDP inspiriran s Good Girl Carolina Herrera"},"content":{"rendered":"<p><strong>Good Girl by Carolina Herrera<\/strong>\u00a0je senzualni i evokativni \u017eenski parfem, lansiran 2016. godine. Nastao je iz preljepih kontradikcija i vje\u010dne dvojnosti suvremenih \u017eena i modernog \u017eivota. istovremeno svje\u017ee svijetao i tajanstveno mra\u010dan, ovaj inovativni parfem hvata \u010dudesnu slo\u017eenost \u017eene uz iznena\u0111uju\u0107e i izuzetne sastojke.<\/p>\n<p>Gornje note parfema uklju\u010duju badem, kavu, bergamot i limun. Srednje note su tuberoza, jasmin sambac, cvijet naran\u010de, iris i bugarska ru\u017ea, dok osnovne note sadr\u017ee tonka grah, kakao, vaniliju, praline, sandalovinu, mo\u0161us, amber, ka\u0161mir drvo, cimet, pa\u010duli i cedar. Slatke, zadivljuju\u0107e i zavodljive karakteristike jasmina unose svijetlost \u017eenstvenosti u <strong>Good Girl<\/strong> <strong>by Carolina Herrera <\/strong>parfem.<\/p>\n<p><strong>Carolina Herrera Good Girl<\/strong> je miris koji osvaja svojom dualno\u0161\u0107u, suvremenim pristupom i slo\u017eenim notama. Ova aromati\u010dna kompozicija igra sa svijetlim i tamnim, nje\u017enim i senzualnim aspektima, odra\u017eavaju\u0107i slo\u017eenost moderne \u017eene. Sa svakim nano\u0161enjem, ovaj parfem iznosi pri\u010du o sna\u017enoj, \u017eenstvenoj i nezavisnoj du\u0161i koja svojom prisutno\u0161\u0107u ostavlja dubok utisak.<\/p>\n<p><strong>Good Girl<\/strong> parfem je za one \u017eene koje se usu\u0111uju da budu svoje, da izraze svoju jedinstvenost i da ostave neizbrisiv trag gdje god da se pojave.<\/p>\n","protected":false},"excerpt":{"rendered":"<p>Carolina Herrera Good Girl je miris koji osvaja svojom dualno\u0161\u0107u, suvremenim pristupom i slo\u017eenim notama. Ova aromati\u010dna kompozicija igra sa svijetlim i tamnim, nje\u017enim i senzualnim aspektima, odra\u017eavaju\u0107i slo\u017eenost moderne \u017eene. Sa svakim nano\u0161enjem, ovaj parfem iznosi pri\u010du o sna\u017enoj, \u017eenstvenoj i nezavisnoj du\u0161i koja svojom prisutno\u0161\u0107u ostavlja dubok utisak.<\/p>\n","protected":false},"featured_media":27957,"comment_status":"open","ping_status":"closed","template":"","meta":{"_acf_changed":false},"product_brand":[],"product_cat":[205,186],"product_tag":[],"class_list":{"0":"post-1355","1":"product","2":"type-product","3":"status-publish","4":"has-post-thumbnail","6":"product_cat-carolina-herrera-marka","7":"product_cat-za-zene","9":"first","10":"instock","11":"taxable","12":"shipping-taxable","13":"purchasable","14":"product-type-variable","15":"has-default-attributes"},"acf":[],"_links":{"self":[{"href":"https:\/\/nicolefragrance.se\/hr\/wp-json\/wp\/v2\/product\/1355","targetHints":{"allow":["GET"]}}],"collection":[{"href":"https:\/\/nicolefragrance.se\/hr\/wp-json\/wp\/v2\/product"}],"about":[{"href":"https:\/\/nicolefragrance.se\/hr\/wp-json\/wp\/v2\/types\/product"}],"replies":[{"embeddable":true,"href":"https:\/\/nicolefragrance.se\/hr\/wp-json\/wp\/v2\/comments?post=1355"}],"version-history":[{"count":0,"href":"https:\/\/nicolefragrance.se\/hr\/wp-json\/wp\/v2\/product\/1355\/revisions"}],"wp:featuredmedia":[{"embeddable":true,"href":"https:\/\/nicolefragrance.se\/hr\/wp-json\/wp\/v2\/media\/27957"}],"wp:attachment":[{"href":"https:\/\/nicolefragrance.se\/hr\/wp-json\/wp\/v2\/media?parent=1355"}],"wp:term":[{"taxonomy":"product_brand","embeddable":true,"href":"https:\/\/nicolefragrance.se\/hr\/wp-json\/wp\/v2\/product_brand?post=1355"},{"taxonomy":"product_cat","embeddable":true,"href":"https:\/\/nicolefragrance.se\/hr\/wp-json\/wp\/v2\/product_cat?post=1355"},{"taxonomy":"product_tag","embeddable":true,"href":"https:\/\/nicolefragrance.se\/hr\/wp-json\/wp\/v2\/product_tag?post=1355"}],"curies":[{"name":"wp","href":"https:\/\/api.w.org\/{rel}","templated":true}]}}