{"id":1343,"date":"2021-01-12T21:06:19","date_gmt":"2021-01-12T20:06:19","guid":{"rendered":"https:\/\/nicolefragrance.se\/?post_type=product&#038;p=1343"},"modified":"2025-07-09T17:12:54","modified_gmt":"2025-07-09T15:12:54","slug":"hugo-boss-the-scent-for-her-nicole-edp","status":"publish","type":"product","link":"https:\/\/nicolefragrance.se\/hr\/proizvod\/hugo-boss-the-scent-for-her-nicole-edp\/","title":{"rendered":"Nicole 191 EDP inspiriran s The Scent For Her Hugo Boss"},"content":{"rendered":"<p><strong>The Scent For Her by Hugo Boss<\/strong>, lansiran je 2016. godine i predstavlja pravu poslasticu u svijetu parfema. Ovaj cvjetno-vo\u0107ni \u017eenski miris kombinira bogate, gurmanske note koje ga svrstavaju me\u0111u moderne klasike parfemske scene.<\/p>\n<p><strong>Boss The Scent For Her<\/strong> je odosoban primjer mirisa koji se fokusira na sofisticiranu slatko\u0107u, a upravo takvi mirisi su postali trend u svijetu parfema. Ovaj miris je prava kombinacija cvjetnih i vo\u0107nih nota, sa bogatim i gurmanskim nijansama koje ga \u010dine posebnim.<\/p>\n<p>Miris se otvara osvje\u017eavaju\u0107im notama crnog papra i zelene mandarine, pru\u017eaju\u0107i eksploziju energije. Odmah nakon toga, javlja se buket slatkog frezije i cvijeta naran\u010de, donose\u0107i notu nje\u017enosti i \u017eenstvenosti. Kako miris evoluira, osje\u0107a se zavodljiva baza kakaoa koja ostaje na ko\u017ei i doprinosi dugotrajnosti i dubini mirisa.<\/p>\n<p>Boss The Scent For Her je parfem koji se odlikuje sofisticiranom jednostavno\u0161\u0107u. Ovo je diskretan, ugodan i vesel miris, idealan za one \u017eene koji preferiraju laganije mirise. Ovaj parfem je poput osvje\u017eavaju\u0107e \u0161etnje kroz cvjetni vrt, pru\u017eaju\u0107i nje\u017enu, ali primjetnu aromu.<\/p>\n<p><strong>The Scent For Her by Hugo Boss <\/strong>je miris za suvremenu \u017eenu koja cijeni sofisticiranost i jednostavnost. Ovaj miris je elegantan, vesel i osvje\u017eavaju\u0107, savr\u0161en za svakodnevnu upotrebu.<\/p>\n","protected":false},"excerpt":{"rendered":"<p>Boss The Scent For Her je parfem koji se odlikuje sofisticiranom jednostavno\u0161\u0107u. Ovo je diskretan, ugodan i vesel miris, idealan za one \u017eene koji preferiraju laganije mirise. Ovaj parfem je poput osvje\u017eavaju\u0107e \u0161etnje kroz cvjetni vrt, pru\u017eaju\u0107i nje\u017enu, ali primjetnu aromu. Ovaj miris je elegantan, vesel i osvje\u017eavaju\u0107, savr\u0161en za svakodnevnu upotrebu.<\/p>\n","protected":false},"featured_media":27970,"comment_status":"open","ping_status":"closed","template":"","meta":{"_acf_changed":false},"product_brand":[],"product_cat":[679,621],"product_tag":[],"class_list":{"0":"post-1343","1":"product","2":"type-product","3":"status-publish","4":"has-post-thumbnail","6":"product_cat-hugo-boss-marke","7":"product_cat-for-kvinnor","9":"first","10":"instock","11":"taxable","12":"shipping-taxable","13":"purchasable","14":"product-type-variable","15":"has-default-attributes"},"acf":[],"_links":{"self":[{"href":"https:\/\/nicolefragrance.se\/hr\/wp-json\/wp\/v2\/product\/1343","targetHints":{"allow":["GET"]}}],"collection":[{"href":"https:\/\/nicolefragrance.se\/hr\/wp-json\/wp\/v2\/product"}],"about":[{"href":"https:\/\/nicolefragrance.se\/hr\/wp-json\/wp\/v2\/types\/product"}],"replies":[{"embeddable":true,"href":"https:\/\/nicolefragrance.se\/hr\/wp-json\/wp\/v2\/comments?post=1343"}],"version-history":[{"count":0,"href":"https:\/\/nicolefragrance.se\/hr\/wp-json\/wp\/v2\/product\/1343\/revisions"}],"wp:featuredmedia":[{"embeddable":true,"href":"https:\/\/nicolefragrance.se\/hr\/wp-json\/wp\/v2\/media\/27970"}],"wp:attachment":[{"href":"https:\/\/nicolefragrance.se\/hr\/wp-json\/wp\/v2\/media?parent=1343"}],"wp:term":[{"taxonomy":"product_brand","embeddable":true,"href":"https:\/\/nicolefragrance.se\/hr\/wp-json\/wp\/v2\/product_brand?post=1343"},{"taxonomy":"product_cat","embeddable":true,"href":"https:\/\/nicolefragrance.se\/hr\/wp-json\/wp\/v2\/product_cat?post=1343"},{"taxonomy":"product_tag","embeddable":true,"href":"https:\/\/nicolefragrance.se\/hr\/wp-json\/wp\/v2\/product_tag?post=1343"}],"curies":[{"name":"wp","href":"https:\/\/api.w.org\/{rel}","templated":true}]}}