{"id":13412,"date":"2025-01-10T16:57:28","date_gmt":"2025-01-10T15:57:28","guid":{"rendered":"https:\/\/nicolefragrance.se\/?post_type=product&#038;p=13412"},"modified":"2025-09-11T17:22:14","modified_gmt":"2025-09-11T15:22:14","slug":"opus-xiii-silver-oud-amouage-nicole-edp","status":"publish","type":"product","link":"https:\/\/nicolefragrance.se\/hr\/proizvod\/opus-xiii-silver-oud-amouage-nicole-edp\/","title":{"rendered":"Nicole 3089 EDP inspiriran s Opus XIII Amouage"},"content":{"rendered":"<p><strong>Opus XIII \u2013 Silver Oud Amouage<\/strong> je unisex parfem lansiran 2021. godine, koji donosi bogatstvo i dubinu orijentalno-drvenastih akorda.<\/p>\n<p>Umjesto uobi\u010dajenog otvaranja, <strong>Silver Oud<\/strong> odmah pru\u017ea duboke drvenaste note koje stvaraju misti\u010dnu i mo\u0107nu atmosferu. Razli\u010dite vrste drveta uvode nas u bogatu evoluciju mirisa koja iznena\u0111uje i o\u010darava osjetila. U sredi\u0161tu kompozicije dominira rasko\u0161ni Oud Assam, koji se prepli\u0107e sa ko\u017enom vanilijom iz Madagaskara. Ovaj spoj pru\u017ea toplinu i senzualnost, dok istovremeno zadr\u017eava dozu misterije i intrige. Baza parfema donosi tamne i bogate note Ambrarome-a, breze, kastoreuma i guaiac drveta. Ove komponente ostavljaju dugotrajan i neodoljiv trag na ko\u017ei, stvaraju\u0107i slojevitu kompoziciju koja traje satima i razvija se na jedinstven na\u010din.<\/p>\n<p><strong>Opus XIII \u2013 Silver Oud<\/strong> je savr\u0161en za ljubitelje luksuznih i slojevitih parfema koji tra\u017ee ne\u0161to jedinstveno i nezaboravno. Ovaj parfem je namijenjen mu\u0161karcima i \u017eenama koji \u017eele izraziti svoju sofisticiranost i strast prema bogatim, orijentalnim mirisima. Idealan je za no\u0161enje u posebnim prilikama, ve\u010dernjim izlascima ili kada \u017eelite ostaviti trajan dojam.<\/p>\n<p><strong>Silver Oud<\/strong> je stvoren za one koji tra\u017ee jedinstven miris koji kombinira tradiciju i luksuz u savr\u0161enoj harmoniji. Uronite u svijet luksuza sa <strong>Opus XIII \u2013 Silver Oud Amouage<\/strong> parfemom i do\u017eivite jedinstvenu harmoniju orijentalnih i drvenastih nota.<\/p>\n","protected":false},"excerpt":{"rendered":"<p>Opus XIII \u2013 Silver Oud je savr\u0161en za ljubitelje luksuznih i slojevitih parfema koji tra\u017ee ne\u0161to jedinstveno i nezaboravno. Ovaj parfem je namijenjen mu\u0161karcima i \u017eenama koji \u017eele izraziti svoju sofisticiranost i strast prema bogatim, orijentalnim mirisima. Idealan je za no\u0161enje u posebnim prilikama, ve\u010dernjim izlascima ili kada \u017eelite ostaviti trajan dojam.<\/p>\n","protected":false},"featured_media":30560,"comment_status":"open","ping_status":"closed","template":"","meta":{"_acf_changed":false},"product_brand":[],"product_cat":[252,188,187,186],"product_tag":[],"class_list":{"0":"post-13412","1":"product","2":"type-product","3":"status-publish","4":"has-post-thumbnail","6":"product_cat-amouage-marka","7":"product_cat-unisex","8":"product_cat-za-muskarce","9":"product_cat-za-zene","11":"first","12":"instock","13":"taxable","14":"shipping-taxable","15":"purchasable","16":"product-type-variable","17":"has-default-attributes"},"acf":[],"_links":{"self":[{"href":"https:\/\/nicolefragrance.se\/hr\/wp-json\/wp\/v2\/product\/13412","targetHints":{"allow":["GET"]}}],"collection":[{"href":"https:\/\/nicolefragrance.se\/hr\/wp-json\/wp\/v2\/product"}],"about":[{"href":"https:\/\/nicolefragrance.se\/hr\/wp-json\/wp\/v2\/types\/product"}],"replies":[{"embeddable":true,"href":"https:\/\/nicolefragrance.se\/hr\/wp-json\/wp\/v2\/comments?post=13412"}],"version-history":[{"count":0,"href":"https:\/\/nicolefragrance.se\/hr\/wp-json\/wp\/v2\/product\/13412\/revisions"}],"wp:featuredmedia":[{"embeddable":true,"href":"https:\/\/nicolefragrance.se\/hr\/wp-json\/wp\/v2\/media\/30560"}],"wp:attachment":[{"href":"https:\/\/nicolefragrance.se\/hr\/wp-json\/wp\/v2\/media?parent=13412"}],"wp:term":[{"taxonomy":"product_brand","embeddable":true,"href":"https:\/\/nicolefragrance.se\/hr\/wp-json\/wp\/v2\/product_brand?post=13412"},{"taxonomy":"product_cat","embeddable":true,"href":"https:\/\/nicolefragrance.se\/hr\/wp-json\/wp\/v2\/product_cat?post=13412"},{"taxonomy":"product_tag","embeddable":true,"href":"https:\/\/nicolefragrance.se\/hr\/wp-json\/wp\/v2\/product_tag?post=13412"}],"curies":[{"name":"wp","href":"https:\/\/api.w.org\/{rel}","templated":true}]}}