{"id":13381,"date":"2025-01-10T16:57:26","date_gmt":"2025-01-10T15:57:26","guid":{"rendered":"https:\/\/nicolefragrance.se\/?post_type=product&#038;p=13381"},"modified":"2025-07-04T21:42:50","modified_gmt":"2025-07-04T19:42:50","slug":"cosmic-pepper-mancera-nicole-edp","status":"publish","type":"product","link":"https:\/\/nicolefragrance.se\/hr\/proizvod\/cosmic-pepper-mancera-nicole-edp\/","title":{"rendered":"Nicole 3088 EDP inspiriran s Cosmic Pepper Mancera"},"content":{"rendered":"<p><strong>Cosmic Pepper by Mancera<\/strong> je unisex parfem lansiran 2023. godine, koji donosi intenzivnu kombinaciju svje\u017eih i za\u010dinskih nota.<\/p>\n<p>Parfem se otvara eksplozivnim notama limuna, ru\u017ei\u010dastog papra, \u017ealfije i mandarine. Ove note unose svje\u017einu i \u017eivahnost u kompoziciju, stvaraju\u0107i osvje\u017eavaju\u0107i i energi\u010dan po\u010detak koji osvaja osjetila od prvog trenutka. U srcu <strong>Cosmic Pepper<\/strong> parfema dominiraju crni papar, dama\u0161\u010danska ru\u017ea i oud. Ove za\u010dinske i cvjetne note stvaraju bogat i slojevit miris, koji je istovremeno sna\u017ean i sofisticiran. Crni papar dodaje o\u0161trinu, dok ru\u017ea i oud pru\u017eaju dubinu i eleganciju. Baza parfema donosi toplinu i senzualnost kroz note bijelog mo\u0161usa, tonke, ambroksana, hrastove mahovine i labdanuma. Ova kombinacija stvara dugotrajan i zavodljiv trag, koji savr\u0161eno balansira izme\u0111u svje\u017eine i topline, ostavljaju\u0107i neodoljiv dojam.<\/p>\n<p><strong>Cosmic Pepper Mancera<\/strong> je savr\u0161en za mu\u0161karce i \u017eene koji vole mirise sa izra\u017eenim za\u010dinskim notama i koji tra\u017ee ne\u0161to jedinstveno i nezaboravno. Idealan je za no\u0161enje tijekom dana, ali i u ve\u010dernjim prilikama, kada njegove slo\u017eene i bogate note dolaze do izra\u017eaja.<\/p>\n<p>Do\u017eivite eksploziju za\u010dinskih nota sa <strong>Mancera Cosmic Pepper<\/strong> parfemom i unesite dozu svemirske energije u svoju svakodnevicu.<\/p>\n","protected":false},"excerpt":{"rendered":"<p>Cosmic Pepper Mancera je savr\u0161en za mu\u0161karce i \u017eene koji vole mirise sa izra\u017eenim za\u010dinskim notama i koji tra\u017ee ne\u0161to jedinstveno i nezaboravno. Idealan je za no\u0161enje tijekom dana, ali i u ve\u010dernjim prilikama, kada njegove slo\u017eene i bogate note dolaze do izra\u017eaja. Do\u017eivite eksploziju za\u010dinskih nota sa Cosmic Pepper parfemom i unesite dozu svemirske energije u svoju svakodnevicu.<\/p>\n","protected":false},"featured_media":25676,"comment_status":"open","ping_status":"closed","template":"","meta":{"_acf_changed":false},"product_brand":[],"product_cat":[238,188,187,186],"product_tag":[],"class_list":{"0":"post-13381","1":"product","2":"type-product","3":"status-publish","4":"has-post-thumbnail","6":"product_cat-mancera-marka","7":"product_cat-unisex","8":"product_cat-za-muskarce","9":"product_cat-za-zene","11":"first","12":"instock","13":"sale","14":"featured","15":"taxable","16":"shipping-taxable","17":"purchasable","18":"product-type-variable","19":"has-default-attributes"},"acf":[],"_links":{"self":[{"href":"https:\/\/nicolefragrance.se\/hr\/wp-json\/wp\/v2\/product\/13381","targetHints":{"allow":["GET"]}}],"collection":[{"href":"https:\/\/nicolefragrance.se\/hr\/wp-json\/wp\/v2\/product"}],"about":[{"href":"https:\/\/nicolefragrance.se\/hr\/wp-json\/wp\/v2\/types\/product"}],"replies":[{"embeddable":true,"href":"https:\/\/nicolefragrance.se\/hr\/wp-json\/wp\/v2\/comments?post=13381"}],"version-history":[{"count":0,"href":"https:\/\/nicolefragrance.se\/hr\/wp-json\/wp\/v2\/product\/13381\/revisions"}],"wp:featuredmedia":[{"embeddable":true,"href":"https:\/\/nicolefragrance.se\/hr\/wp-json\/wp\/v2\/media\/25676"}],"wp:attachment":[{"href":"https:\/\/nicolefragrance.se\/hr\/wp-json\/wp\/v2\/media?parent=13381"}],"wp:term":[{"taxonomy":"product_brand","embeddable":true,"href":"https:\/\/nicolefragrance.se\/hr\/wp-json\/wp\/v2\/product_brand?post=13381"},{"taxonomy":"product_cat","embeddable":true,"href":"https:\/\/nicolefragrance.se\/hr\/wp-json\/wp\/v2\/product_cat?post=13381"},{"taxonomy":"product_tag","embeddable":true,"href":"https:\/\/nicolefragrance.se\/hr\/wp-json\/wp\/v2\/product_tag?post=13381"}],"curies":[{"name":"wp","href":"https:\/\/api.w.org\/{rel}","templated":true}]}}