{"id":13350,"date":"2025-01-10T16:57:21","date_gmt":"2025-01-10T15:57:21","guid":{"rendered":"https:\/\/nicolefragrance.se\/?post_type=product&#038;p=13350"},"modified":"2025-07-05T09:20:05","modified_gmt":"2025-07-05T07:20:05","slug":"encelade-marc-antoine-barrois-nicole-edp","status":"publish","type":"product","link":"https:\/\/nicolefragrance.se\/hr\/proizvod\/encelade-marc-antoine-barrois-nicole-edp\/","title":{"rendered":"Nicole 3087 EDP inspiriran s Encelade Marc-Antoine Barrois"},"content":{"rendered":"<p><strong>Encelade by Marc-Antoine Barrois<\/strong> je aromati\u010dni parfem za \u017eene i mu\u0161karce, lansiran 2022. godine.<\/p>\n<p>Parfem se otvara osvje\u017eavaju\u0107im akordima rabarbare, koji unose \u017eivahnu i energi\u010dnu notu u kompoziciju. Ovaj uvodni akord evocira miris svje\u017ee zemlje i so\u010dne prirode, daju\u0107i parfemu njegov karakteristi\u010dan, intenzivan po\u010detak. U srcu parfema dominiraju note kedra i vetivera. Ove drvene note stvaraju bogat, zemljani miris koji oslikava dubinu i snagu prirode. Vetiver dodaje slo\u017eenost i suptilnost, dok kedar pru\u017ea \u010dvrstinu i postojanost. Osnova parfema donosi balans izme\u0111u svje\u017eine i topline, uz note koje djeluju poput so\u010dne prirodne smole. Ova kombinacija stvara atmosferu koja je istovremeno svje\u017ea i uzemljena, ostavljaju\u0107i dugotrajan i primamljiv trag.<\/p>\n<p><strong>Encelade by Marc-Antoine Barrois<\/strong> je mo\u0107an i o\u010daravaju\u0107i unisex miris koji majstorski ple\u0161e na granici izme\u0111u svjetlosti i sjene, stvaraju\u0107i nezaboravno iskustvo za osjetila.<\/p>\n<p><strong>Encelade<\/strong> je idealan izbor za mu\u0161karce i \u017eene koji tra\u017ee jedinstven, atmosferski miris koji odra\u017eava snagu prirode. Parfem je savr\u0161en za one koji vole bogate, zemljane note sa sna\u017enom projekcijom, ali i za one koji se \u017eele istaknuti u masi i ostaviti trajan dojam. <strong>Encelade<\/strong> je posebno prikladan za no\u0161enje u ve\u010dernjim prilikama ili tijekom hladnijih mjeseci, kada njegove tople i zemljane note dolaze do punog izra\u017eaja.<\/p>\n","protected":false},"excerpt":{"rendered":"<p>Encelade Marc-Antoine Barrois je idealan izbor za mu\u0161karce i \u017eene koji tra\u017ee jedinstven, atmosferski miris koji odra\u017eava snagu prirode. Parfem je savr\u0161en za one koji vole bogate, zemljane note sa sna\u017enom projekcijom, ali i za one koji se \u017eele istaknuti u masi i ostaviti trajan dojam. Encelade je posebno prikladan za no\u0161enje u ve\u010dernjim prilikama ili tijekom hladnijih mjeseci, kada njegove tople i zemljane note dolaze do punog izra\u017eaja.<\/p>\n","protected":false},"featured_media":25737,"comment_status":"open","ping_status":"closed","template":"","meta":{"_acf_changed":false},"product_brand":[],"product_cat":[253,188,187,186],"product_tag":[],"class_list":{"0":"post-13350","1":"product","2":"type-product","3":"status-publish","4":"has-post-thumbnail","6":"product_cat-marc-antoine-barrois-marka","7":"product_cat-unisex","8":"product_cat-za-muskarce","9":"product_cat-za-zene","11":"first","12":"instock","13":"taxable","14":"shipping-taxable","15":"purchasable","16":"product-type-variable","17":"has-default-attributes"},"acf":[],"_links":{"self":[{"href":"https:\/\/nicolefragrance.se\/hr\/wp-json\/wp\/v2\/product\/13350","targetHints":{"allow":["GET"]}}],"collection":[{"href":"https:\/\/nicolefragrance.se\/hr\/wp-json\/wp\/v2\/product"}],"about":[{"href":"https:\/\/nicolefragrance.se\/hr\/wp-json\/wp\/v2\/types\/product"}],"replies":[{"embeddable":true,"href":"https:\/\/nicolefragrance.se\/hr\/wp-json\/wp\/v2\/comments?post=13350"}],"version-history":[{"count":0,"href":"https:\/\/nicolefragrance.se\/hr\/wp-json\/wp\/v2\/product\/13350\/revisions"}],"wp:featuredmedia":[{"embeddable":true,"href":"https:\/\/nicolefragrance.se\/hr\/wp-json\/wp\/v2\/media\/25737"}],"wp:attachment":[{"href":"https:\/\/nicolefragrance.se\/hr\/wp-json\/wp\/v2\/media?parent=13350"}],"wp:term":[{"taxonomy":"product_brand","embeddable":true,"href":"https:\/\/nicolefragrance.se\/hr\/wp-json\/wp\/v2\/product_brand?post=13350"},{"taxonomy":"product_cat","embeddable":true,"href":"https:\/\/nicolefragrance.se\/hr\/wp-json\/wp\/v2\/product_cat?post=13350"},{"taxonomy":"product_tag","embeddable":true,"href":"https:\/\/nicolefragrance.se\/hr\/wp-json\/wp\/v2\/product_tag?post=13350"}],"curies":[{"name":"wp","href":"https:\/\/api.w.org\/{rel}","templated":true}]}}