{"id":13319,"date":"2025-01-10T16:57:22","date_gmt":"2025-01-10T15:57:22","guid":{"rendered":"https:\/\/nicolefragrance.se\/?post_type=product&#038;p=13319"},"modified":"2025-07-05T09:08:43","modified_gmt":"2025-07-05T07:08:43","slug":"xerjoff-erba-pura-nicole-edp","status":"publish","type":"product","link":"https:\/\/nicolefragrance.se\/hr\/proizvod\/xerjoff-erba-pura-nicole-edp\/","title":{"rendered":"Nicole 3086 EDP inspiriran s Erba Pura Xerjoff"},"content":{"rendered":"<p><strong>Xerjoff Erba Pura<\/strong> je orijentalni unisex parfem, lansiran 2019. godine. Ovaj neodoljivi eliksir kombinira svje\u017einu i vo\u0107nu slatko\u0107u, stvaraju\u0107i suvremen i o\u010daravaju\u0107i miris koji \u0107e vas osvojiti na prvi udah.<\/p>\n<p>Parfem se otvara osvje\u017eavaju\u0107im notama sicilijske naran\u010de i limuna, koje donose eksploziju citrusne energije i vitalnosti. Ove note \u010dine uvod u mirisnu pri\u010du koja osvaja svojom vedrinom i svje\u017einom. U srcu parfema dominira vo\u0107na kombinacija mediteranskog vo\u0107nog asortimana, koji unosi toplinu i slatko\u0107u u kompoziciju. Ove note \u010dine parfem idealnim za one koji vole bogate, vo\u0107ne mirise sa dozom egzotike. Osnova parfema otkriva bogate i senzualne note bijelog mo\u0161usa, ambre i madagaskarske vanilije. Ove note se postepeno razvijaju, ostavljaju\u0107i dugotrajan i zavodljiv trag koji se zadr\u017eava satima nakon nano\u0161enja.<\/p>\n<p><strong>Erba Pura<\/strong> je namijenjen mu\u0161karcima i \u017eenama koji tra\u017ee miris koji se izdvaja po svojoj dugovje\u010dnosti i intenzivnoj projekciji. Idealno je rje\u0161enje za one koji vole slojevite, bogate parfeme sa orijentalnim i vo\u0107nim notama. <strong>Erba Pura<\/strong> je savr\u0161en izbor za sve\u010dane prilike, ve\u010dernje izlaske, ali i za one trenutke kada se \u017eelite osje\u0107ati posebno.<\/p>\n<p>Otkrijte magiju <strong>Xerjoff Erba Pura<\/strong> parfema i obogatite svoju kolekciju ovim luksuznim i o\u010daravaju\u0107im mirisom.<\/p>\n","protected":false},"excerpt":{"rendered":"<p>Xerjoff\u00a0 Erba Pura je namijenjen mu\u0161karcima i \u017eenama koji tra\u017ee miris koji se izdvaja po svojoj dugovje\u010dnosti i intenzivnoj projekciji. Idealno je rje\u0161enje za one koji vole slojevite, bogate parfeme sa orijentalnim i vo\u0107nim notama. Erba Pura je savr\u0161en izbor za sve\u010dane prilike, ve\u010dernje izlaske, ali i za one trenutke kada se \u017eelite osje\u0107ati posebno.<\/p>\n","protected":false},"featured_media":25725,"comment_status":"open","ping_status":"closed","template":"","meta":{"_acf_changed":false},"product_brand":[],"product_cat":[188,251,187,186],"product_tag":[],"class_list":{"0":"post-13319","1":"product","2":"type-product","3":"status-publish","4":"has-post-thumbnail","6":"product_cat-unisex","7":"product_cat-xerjoff-marka","8":"product_cat-za-muskarce","9":"product_cat-za-zene","11":"first","12":"instock","13":"featured","14":"taxable","15":"shipping-taxable","16":"purchasable","17":"product-type-variable","18":"has-default-attributes"},"acf":[],"_links":{"self":[{"href":"https:\/\/nicolefragrance.se\/hr\/wp-json\/wp\/v2\/product\/13319","targetHints":{"allow":["GET"]}}],"collection":[{"href":"https:\/\/nicolefragrance.se\/hr\/wp-json\/wp\/v2\/product"}],"about":[{"href":"https:\/\/nicolefragrance.se\/hr\/wp-json\/wp\/v2\/types\/product"}],"replies":[{"embeddable":true,"href":"https:\/\/nicolefragrance.se\/hr\/wp-json\/wp\/v2\/comments?post=13319"}],"version-history":[{"count":0,"href":"https:\/\/nicolefragrance.se\/hr\/wp-json\/wp\/v2\/product\/13319\/revisions"}],"wp:featuredmedia":[{"embeddable":true,"href":"https:\/\/nicolefragrance.se\/hr\/wp-json\/wp\/v2\/media\/25725"}],"wp:attachment":[{"href":"https:\/\/nicolefragrance.se\/hr\/wp-json\/wp\/v2\/media?parent=13319"}],"wp:term":[{"taxonomy":"product_brand","embeddable":true,"href":"https:\/\/nicolefragrance.se\/hr\/wp-json\/wp\/v2\/product_brand?post=13319"},{"taxonomy":"product_cat","embeddable":true,"href":"https:\/\/nicolefragrance.se\/hr\/wp-json\/wp\/v2\/product_cat?post=13319"},{"taxonomy":"product_tag","embeddable":true,"href":"https:\/\/nicolefragrance.se\/hr\/wp-json\/wp\/v2\/product_tag?post=13319"}],"curies":[{"name":"wp","href":"https:\/\/api.w.org\/{rel}","templated":true}]}}