{"id":1331,"date":"2021-01-12T21:03:58","date_gmt":"2021-01-12T20:03:58","guid":{"rendered":"https:\/\/nicolefragrance.se\/?post_type=product&#038;p=1331"},"modified":"2025-07-09T19:57:46","modified_gmt":"2025-07-09T17:57:46","slug":"dolcegabbana-dolce-nicole-edp","status":"publish","type":"product","link":"https:\/\/nicolefragrance.se\/hr\/proizvod\/dolcegabbana-dolce-nicole-edp\/","title":{"rendered":"Nicole 189 EDP inspiriran s Dolce Dolce &#038; Gabbana"},"content":{"rendered":"<p><strong>Dolce by Dolce &amp; Gabbana<\/strong> smatra se remek-djelom ku\u0107e D&amp;B. Lansiran 2014. godine, ovaj \u017eenski parfem je prava poezija mirisa, \u010darobna kompozicija koja osvaja svojom svje\u017einom i elegancijom.<\/p>\n<p>Dolce je delikatna cvjetna simfonija koja o\u010darava sve oko sebe. U samom vrhu mirisne piramide nalazimo notu nerolija i cvijeta papaje. Ove note donose osvje\u017eavaju\u0107i i istovremeno sofisticirani po\u010detak mirisa. Srce parfema predstavlja bijeli amarilis &#8211; cvijet koji se prvi put koristi u parfumeriji. Njegova puno\u0107a i bogatstvo stvaraju duboku i emotivnu sr\u017e ovog mirisa. Baza mirisa je nje\u017ena i senzualna, zahvaljuju\u0107i kombinaciji ka\u0161mira i mo\u0161usa. Ova dubina u osnovi mirisa daje mu trajnost i dubinu koja traje tijekom cijelog dana.<\/p>\n<p><strong>Dolce &amp; Gabbana Dolce<\/strong> je mnogo vi\u0161e od mirisa &#8211; to je emotivno i senzualno putovanje kroz Siciliju, mjesto koje je domovina i vje\u010dna inspiracija \u010duvenih dizajnera.<\/p>\n<p><strong>Dolce by Dolce &amp; Gabbana<\/strong> je istinska oda \u017eenstvenosti. Miris je mekan, nje\u017ean i izuzetno \u017eenstven.\u00a0Sa svojom svje\u017einom i sofisticiranim notama, ovo je parfem koji \u0107e vas odu\u0161eviti i ostaviti utisak gdje god da krenete.<\/p>\n<p>Stoga, neka <strong>Dolce by Dolce &amp; Gabbana <\/strong>bude va\u0161a li\u010dna aroma elegancije i ljepote.<\/p>\n","protected":false},"excerpt":{"rendered":"<p>Dolce by Dolce &amp; Gabbana je istinska oda \u017eenstvenosti. Ovaj miris je mekan, nje\u017ean i izuzetno \u017eenstven. Sa svojom svje\u017einom i sofisticiranim notama, ovo je parfem koji \u0107e vas odu\u0161eviti i ostaviti utisak gdje god da krenete. Stoga, neka Dolce by Dolce &amp; Gabbana bude va\u0161a li\u010dna aroma elegancije i ljepote.<\/p>\n","protected":false},"featured_media":27981,"comment_status":"open","ping_status":"closed","template":"","meta":{"_acf_changed":false},"product_brand":[],"product_cat":[197,186],"product_tag":[],"class_list":{"0":"post-1331","1":"product","2":"type-product","3":"status-publish","4":"has-post-thumbnail","6":"product_cat-dolce-gabbana-marka","7":"product_cat-za-zene","9":"first","10":"instock","11":"taxable","12":"shipping-taxable","13":"purchasable","14":"product-type-variable","15":"has-default-attributes"},"acf":[],"_links":{"self":[{"href":"https:\/\/nicolefragrance.se\/hr\/wp-json\/wp\/v2\/product\/1331","targetHints":{"allow":["GET"]}}],"collection":[{"href":"https:\/\/nicolefragrance.se\/hr\/wp-json\/wp\/v2\/product"}],"about":[{"href":"https:\/\/nicolefragrance.se\/hr\/wp-json\/wp\/v2\/types\/product"}],"replies":[{"embeddable":true,"href":"https:\/\/nicolefragrance.se\/hr\/wp-json\/wp\/v2\/comments?post=1331"}],"version-history":[{"count":0,"href":"https:\/\/nicolefragrance.se\/hr\/wp-json\/wp\/v2\/product\/1331\/revisions"}],"wp:featuredmedia":[{"embeddable":true,"href":"https:\/\/nicolefragrance.se\/hr\/wp-json\/wp\/v2\/media\/27981"}],"wp:attachment":[{"href":"https:\/\/nicolefragrance.se\/hr\/wp-json\/wp\/v2\/media?parent=1331"}],"wp:term":[{"taxonomy":"product_brand","embeddable":true,"href":"https:\/\/nicolefragrance.se\/hr\/wp-json\/wp\/v2\/product_brand?post=1331"},{"taxonomy":"product_cat","embeddable":true,"href":"https:\/\/nicolefragrance.se\/hr\/wp-json\/wp\/v2\/product_cat?post=1331"},{"taxonomy":"product_tag","embeddable":true,"href":"https:\/\/nicolefragrance.se\/hr\/wp-json\/wp\/v2\/product_tag?post=1331"}],"curies":[{"name":"wp","href":"https:\/\/api.w.org\/{rel}","templated":true}]}}