{"id":13254,"date":"2025-01-10T16:57:23","date_gmt":"2025-01-10T15:57:23","guid":{"rendered":"https:\/\/nicolefragrance.se\/?post_type=product&#038;p=13254"},"modified":"2025-07-05T09:04:42","modified_gmt":"2025-07-05T07:04:42","slug":"vodka-on-the-rocks-by-kilian-nicole-edp","status":"publish","type":"product","link":"https:\/\/nicolefragrance.se\/hr\/proizvod\/vodka-on-the-rocks-by-kilian-nicole-edp\/","title":{"rendered":"Nicole 3084 EDP inspiriran s Vodka on the Rocks Kilian"},"content":{"rendered":"<p><strong>Vodka on the Rocks by Kilian<\/strong> je aromati\u010dni unisex parfem koji odi\u0161e sofisticirano\u0161\u0107u i svje\u017einom, lansiran 2014. godine.<\/p>\n<p>Ovaj jedinstveni miris inspiriran je trenutkom kada hladna vodka dodirne led, stvaraju\u0107i osje\u0107aj \u010distine i prozirnosti. <strong>Vodka on the Rocks<\/strong> je parfem koji donosi dozu luksuza i elegancije, savr\u0161en za sve one koji tra\u017ee ne\u0161to posebno i nezaboravno.<\/p>\n<p>Parfem otvara svje\u017e i za\u010dinski akord, zahvaljuju\u0107i notama korijandera, aldehida i kardamoma. Ovaj eksplozivni po\u010detak momentalno osvje\u017eava osjetila, evociraju\u0107i osje\u0107aj hladne, osvje\u017eavaju\u0107e vodke na ledu. U srcu parfema razvijaju se delikatne cvjetne note rabarbare, \u0111ur\u0111evka i ru\u017ee. Ovaj cvjetni buket unosi nje\u017enost i eleganciju, stvaraju\u0107i savr\u0161en balans izme\u0111u svje\u017eine i suptilne slatko\u0107e. Baza parfema donosi toplinu i dubinu kroz note ambroksana, hrastove mahovine i sandalovine. Ove zemljane i drvenaste note pru\u017eaju dugotrajan i zavodljiv zavr\u0161etak, koji ostavlja upe\u010datljiv trag gdje god da se pojavite.<\/p>\n<p><strong>Vodka on the Rocks<\/strong> je savr\u0161en izbor za mu\u0161karce i \u017eene koji tra\u017ee univerzalan miris koji se mo\u017ee nositi tijekom cijele godine. Namijenjen je onima koji cijene rafinirane, sofisticirane parfeme koji se lako prilago\u0111avaju razli\u010ditim prilikama \u2013 bilo da je rije\u010d o dnevnim sastancima, ve\u010dernjim izlascima ili posebnim doga\u0111ajima.<\/p>\n","protected":false},"excerpt":{"rendered":"<p>Vodka on the Rocks je savr\u0161en izbor za mu\u0161karce i \u017eene koji tra\u017ee univerzalan miris koji se mo\u017ee nositi tijekom cijele godine. Namijenjen je onima koji cijene rafinirane, sofisticirane parfeme koji se lako prilago\u0111avaju razli\u010ditim prilikama \u2013 bilo da je rije\u010d o dnevnim sastancima, ve\u010dernjim izlascima ili posebnim doga\u0111ajima.<\/p>\n","protected":false},"featured_media":25714,"comment_status":"open","ping_status":"closed","template":"","meta":{"_acf_changed":false},"product_brand":[],"product_cat":[190,188,187,186],"product_tag":[],"class_list":{"0":"post-13254","1":"product","2":"type-product","3":"status-publish","4":"has-post-thumbnail","6":"product_cat-kilian-marka","7":"product_cat-unisex","8":"product_cat-za-muskarce","9":"product_cat-za-zene","11":"first","12":"instock","13":"sale","14":"taxable","15":"shipping-taxable","16":"purchasable","17":"product-type-variable","18":"has-default-attributes"},"acf":[],"_links":{"self":[{"href":"https:\/\/nicolefragrance.se\/hr\/wp-json\/wp\/v2\/product\/13254","targetHints":{"allow":["GET"]}}],"collection":[{"href":"https:\/\/nicolefragrance.se\/hr\/wp-json\/wp\/v2\/product"}],"about":[{"href":"https:\/\/nicolefragrance.se\/hr\/wp-json\/wp\/v2\/types\/product"}],"replies":[{"embeddable":true,"href":"https:\/\/nicolefragrance.se\/hr\/wp-json\/wp\/v2\/comments?post=13254"}],"version-history":[{"count":0,"href":"https:\/\/nicolefragrance.se\/hr\/wp-json\/wp\/v2\/product\/13254\/revisions"}],"wp:featuredmedia":[{"embeddable":true,"href":"https:\/\/nicolefragrance.se\/hr\/wp-json\/wp\/v2\/media\/25714"}],"wp:attachment":[{"href":"https:\/\/nicolefragrance.se\/hr\/wp-json\/wp\/v2\/media?parent=13254"}],"wp:term":[{"taxonomy":"product_brand","embeddable":true,"href":"https:\/\/nicolefragrance.se\/hr\/wp-json\/wp\/v2\/product_brand?post=13254"},{"taxonomy":"product_cat","embeddable":true,"href":"https:\/\/nicolefragrance.se\/hr\/wp-json\/wp\/v2\/product_cat?post=13254"},{"taxonomy":"product_tag","embeddable":true,"href":"https:\/\/nicolefragrance.se\/hr\/wp-json\/wp\/v2\/product_tag?post=13254"}],"curies":[{"name":"wp","href":"https:\/\/api.w.org\/{rel}","templated":true}]}}