{"id":13223,"date":"2025-01-10T16:57:24","date_gmt":"2025-01-10T15:57:24","guid":{"rendered":"https:\/\/nicolefragrance.se\/?post_type=product&#038;p=13223"},"modified":"2025-07-05T08:59:30","modified_gmt":"2025-07-05T06:59:30","slug":"tom-ford-soleil-blanc-nicole-edp","status":"publish","type":"product","link":"https:\/\/nicolefragrance.se\/hr\/proizvod\/tom-ford-soleil-blanc-nicole-edp\/","title":{"rendered":"Nicole 3083 EDP inspiriran s Soleil Blanc Tom Ford"},"content":{"rendered":"<p><strong>Tom Ford Soleil Blanc<\/strong> je orijentalni cvjetni parfem namijenjen \u017eenama i mu\u0161karcima, lansiran 2016. godine.<\/p>\n<p>Ovaj neo\u010dekivano zavodljiv i neodoljiv sun\u010dani miris evocira slike dalekih tropskih otoka gdje ljeto traje cijele godine. Soleil Blanc je unisex parfem koji beskompromisno odi\u0161e luksuzom i neprekidnom potragom za suncem koja definira su\u0161tinu ovog mirisa.<\/p>\n<p>Parfem po\u010dinje \u017eivahnim i za\u010dinskim notama kardamoma i ru\u017ei\u010dastog papra, oboga\u0107enim tragovima pistacja i bergamota. Ovaj osvje\u017eavaju\u0107i i egzoti\u010dni uvod stvara savr\u0161enu atmosferu koja vas momentalno prenosi na topla i sun\u010dana mjesta. U srcu parfema dominiraju cvjetne note koje unose senzualnost i intenzitet. Egipatski jasmin, tuberoza i ylang ylang doprinose bogatom i cvjetnom buketu koji \u010dini miris neodoljivo privla\u010dnim. Baza parfema donosi dubinu kroz kombinaciju benzoina, ambre, tonka graha i kokosovog mlijeka. Ova kombinacija daje mirisu toplinu i kremastu teksturu, koja podsje\u0107a na sun\u010dane pla\u017ee i opu\u0161tene trenutke pod palmama.<\/p>\n<p><strong>Tom Ford Soleil Blanc<\/strong> je idealan izbor za sve koji vole mirise koji ih podsje\u0107aju na ljeto i pla\u017eu. Ovaj miris je idealan za one koji \u017eele dodati notu elegancije i luksuza svom svakodnevnom stilu ili da se izdvoje na posebnim doga\u0111ajima.<\/p>\n<p>Dodajte ovaj zavodljivi i sofisticirani miris svojoj kolekciji i u\u017eivajte u osje\u0107aju ljeta tijekom cijele godine.<\/p>\n","protected":false},"excerpt":{"rendered":"<p>Tom Ford Soleil Blanc je idealan izbor za sve koji vole mirise koji ih podsje\u0107aju na ljeto i pla\u017eu. Ovaj miris je idealan za one koji \u017eele dodati notu elegancije i luksuza svom svakodnevnom stilu ili da se izdvoje na posebnim doga\u0111ajima. Dodajte ovaj zavodljivi i sofisticirani miris svojoj kolekciji i u\u017eivajte u osje\u0107aju ljeta tijekom cijele godine.<\/p>\n","protected":false},"featured_media":25701,"comment_status":"open","ping_status":"closed","template":"","meta":{"_acf_changed":false},"product_brand":[],"product_cat":[203,188,187,186],"product_tag":[],"class_list":{"0":"post-13223","1":"product","2":"type-product","3":"status-publish","4":"has-post-thumbnail","6":"product_cat-tom-ford-marka","7":"product_cat-unisex","8":"product_cat-za-muskarce","9":"product_cat-za-zene","11":"first","12":"instock","13":"taxable","14":"shipping-taxable","15":"purchasable","16":"product-type-variable","17":"has-default-attributes"},"acf":[],"_links":{"self":[{"href":"https:\/\/nicolefragrance.se\/hr\/wp-json\/wp\/v2\/product\/13223","targetHints":{"allow":["GET"]}}],"collection":[{"href":"https:\/\/nicolefragrance.se\/hr\/wp-json\/wp\/v2\/product"}],"about":[{"href":"https:\/\/nicolefragrance.se\/hr\/wp-json\/wp\/v2\/types\/product"}],"replies":[{"embeddable":true,"href":"https:\/\/nicolefragrance.se\/hr\/wp-json\/wp\/v2\/comments?post=13223"}],"version-history":[{"count":0,"href":"https:\/\/nicolefragrance.se\/hr\/wp-json\/wp\/v2\/product\/13223\/revisions"}],"wp:featuredmedia":[{"embeddable":true,"href":"https:\/\/nicolefragrance.se\/hr\/wp-json\/wp\/v2\/media\/25701"}],"wp:attachment":[{"href":"https:\/\/nicolefragrance.se\/hr\/wp-json\/wp\/v2\/media?parent=13223"}],"wp:term":[{"taxonomy":"product_brand","embeddable":true,"href":"https:\/\/nicolefragrance.se\/hr\/wp-json\/wp\/v2\/product_brand?post=13223"},{"taxonomy":"product_cat","embeddable":true,"href":"https:\/\/nicolefragrance.se\/hr\/wp-json\/wp\/v2\/product_cat?post=13223"},{"taxonomy":"product_tag","embeddable":true,"href":"https:\/\/nicolefragrance.se\/hr\/wp-json\/wp\/v2\/product_tag?post=13223"}],"curies":[{"name":"wp","href":"https:\/\/api.w.org\/{rel}","templated":true}]}}