{"id":1319,"date":"2021-01-12T20:58:20","date_gmt":"2021-01-12T19:58:20","guid":{"rendered":"https:\/\/nicolefragrance.se\/?post_type=product&#038;p=1319"},"modified":"2026-04-10T12:34:46","modified_gmt":"2026-04-10T10:34:46","slug":"lancome-la-vie-est-belle-nicole-edp","status":"publish","type":"product","link":"https:\/\/nicolefragrance.se\/hr\/proizvod\/lancome-la-vie-est-belle-nicole-edp\/","title":{"rendered":"Nicole 188 EDP inspiriran s La Vie est Belle Lancome"},"content":{"rendered":"<p><strong>La Vie est Belle by Lancome <\/strong> je cvjetni vo\u0107ni gurmanski parfem za \u017eene lansiran 2012. godine. Koncept ovog mirisa bazira se na ideji prirodne i jednostavne ljepote, slobode i izbora vlastite vizije sre\u0107e.<\/p>\n<p>Ovaj miris po\u010dinje svje\u017eim vo\u0107nim notama kru\u0161ke i crnog ribizla koje pru\u017eaju osje\u0107aj radosti i optimizma. U srcu mirisa otkriva se preljepi iris, cvijet koji simbolizira eleganciju i rasko\u0161. Iris je uparen sa cvjetnim notama jasmina i cvijetom naran\u010de, dodaju\u0107i dubinu i senzualnost kompoziciji. U osnovi parfema, topli i slatki akordi vanilije, tonke i pralina pru\u017eaju neodoljivu slast i ostavljaju nezaboravan trag.<\/p>\n<p><strong>Lancome La Vie est Belle<\/strong> je miris koji vas uvodi u svijet slasti i elegancije. Topal, elegantan i \u017eenstven, ovaj parfem je kao stvoren da istakne va\u0161u prirodnu ljepotu i \u0161arm. Idealno ga nositi tijekom dana ili ve\u010deri, jer se savr\u0161eno uklapa uz razli\u010dite prilike. Bez obzira na to da li idete na posao, na ve\u010deru ili na poseban doga\u0111aj, ovaj miris \u0107e vam pru\u017eiti sigurnost i samopouzdanje.<\/p>\n<p>Sa svojim harmoni\u010dnim spojem cvjetnih, vo\u0107nih i gurmanskih tonova, <strong>Lancome La Vie est Belle<\/strong> je prava poslastica za osjetila. Neka vas ovaj miris podseti na to da je \u017eivot lijep i da svaki trenutak zaslu\u017euje da se proslavi.<\/p>\n","protected":false},"excerpt":{"rendered":"<p>Lancome La Vie Est Belle je miris koji vas uvodi u svijet slasti i elegancije. Topal, elegantan i \u017eenstven, ovaj parfem je kao stvoren da istakne va\u0161u prirodnu ljepotu i \u0161arm. Idealno ga nositi tijekom dana ili ve\u010deri, jer se savr\u0161eno uklapa uz razli\u010dite prilike. Bez obzira na to da li idete na posao, na ve\u010deru ili na poseban doga\u0111aj, ovaj miris \u0107e vam pru\u017eiti sigurnost i samopouzdanje.<\/p>\n","protected":false},"featured_media":27992,"comment_status":"open","ping_status":"closed","template":"","meta":{"_acf_changed":false},"product_brand":[],"product_cat":[210,186],"product_tag":[],"class_list":{"0":"post-1319","1":"product","2":"type-product","3":"status-publish","4":"has-post-thumbnail","6":"product_cat-lancome-marka","7":"product_cat-za-zene","9":"first","10":"instock","11":"taxable","12":"shipping-taxable","13":"purchasable","14":"product-type-variable","15":"has-default-attributes"},"acf":[],"_links":{"self":[{"href":"https:\/\/nicolefragrance.se\/hr\/wp-json\/wp\/v2\/product\/1319","targetHints":{"allow":["GET"]}}],"collection":[{"href":"https:\/\/nicolefragrance.se\/hr\/wp-json\/wp\/v2\/product"}],"about":[{"href":"https:\/\/nicolefragrance.se\/hr\/wp-json\/wp\/v2\/types\/product"}],"replies":[{"embeddable":true,"href":"https:\/\/nicolefragrance.se\/hr\/wp-json\/wp\/v2\/comments?post=1319"}],"version-history":[{"count":0,"href":"https:\/\/nicolefragrance.se\/hr\/wp-json\/wp\/v2\/product\/1319\/revisions"}],"wp:featuredmedia":[{"embeddable":true,"href":"https:\/\/nicolefragrance.se\/hr\/wp-json\/wp\/v2\/media\/27992"}],"wp:attachment":[{"href":"https:\/\/nicolefragrance.se\/hr\/wp-json\/wp\/v2\/media?parent=1319"}],"wp:term":[{"taxonomy":"product_brand","embeddable":true,"href":"https:\/\/nicolefragrance.se\/hr\/wp-json\/wp\/v2\/product_brand?post=1319"},{"taxonomy":"product_cat","embeddable":true,"href":"https:\/\/nicolefragrance.se\/hr\/wp-json\/wp\/v2\/product_cat?post=1319"},{"taxonomy":"product_tag","embeddable":true,"href":"https:\/\/nicolefragrance.se\/hr\/wp-json\/wp\/v2\/product_tag?post=1319"}],"curies":[{"name":"wp","href":"https:\/\/api.w.org\/{rel}","templated":true}]}}