{"id":13188,"date":"2025-01-10T16:57:25","date_gmt":"2025-01-10T15:57:25","guid":{"rendered":"https:\/\/nicolefragrance.se\/?post_type=product&#038;p=13188"},"modified":"2025-07-04T21:46:12","modified_gmt":"2025-07-04T19:46:12","slug":"tom-ford-myrrhe-mystere-nicole-edp","status":"publish","type":"product","link":"https:\/\/nicolefragrance.se\/hr\/proizvod\/tom-ford-myrrhe-mystere-nicole-edp\/","title":{"rendered":"Nicole 3082 EDP inspiriran s Myrrhe Mystere Tom Ford"},"content":{"rendered":"<p><strong>Tom Ford Myrrhe Myst\u00e8re<\/strong> je orijentalni drvenasti parfem za \u017eene i mu\u0161karce, lansiran 2023. godine.<\/p>\n<p>Ovaj unisex parfem se otvara bogatim i dubokim notama mira, koje odmah stvaraju osje\u0107aj tajanstvenosti i elegancije. U srcu parfema, drvene note se prepli\u0107u sa suptilnom ambrom, donose\u0107i balans izme\u0111u topline i sofisticiranosti. Ambra dodaje dubinu i \u010dini parfem jo\u0161 zavodljivijim. Baza parfema obuhva\u0107a slatke i zemljane tonove koji se harmoni\u010dno stapaju sa drvenim notama. Ova kombinacija pru\u017ea dugotrajnost i suptilnu projekciju, \u010dine\u0107i <strong>Myrrhe Myst\u00e8re<\/strong> idealnim izborom za one koji \u017eele ostaviti suptilan, ali sna\u017ean utisak.<\/p>\n<p><strong>Tom Ford Myrrhe Myst\u00e8re<\/strong> je savr\u0161en za one koji cijene sofisticirane i slo\u017eene mirise. Idealan je za ve\u010dernje izlaske, posebne prilike ili trenutke kada se \u017eelite osje\u0107ati posebno. Ovaj parfem je pravi izbor za ljubitelje drvenih i orijentalnih nota, koji tra\u017ee miris koji je istovremeno moderan i bezvremenski.<\/p>\n<p><strong>Myrrhe Myst\u00e8re by Tom Ford<\/strong> je parfem koji slavi rijetkost i ekskluzivnost, oslanjaju\u0107i se na bogatu povijest mira i \u0161ire\u0107i olfaktorne horizonte sa toplim, drvenim i slatkim notama.<\/p>\n<p>Ne propustite priliku da se izdvojite sa ovim luksuznim i zavodljivim mirisom. Naru\u010dite <strong>Tom Ford Myrrhe Myst\u00e8re<\/strong> i do\u017eivite eleganciju i sofisticiranost na potpuno nov na\u010din!<\/p>\n","protected":false},"excerpt":{"rendered":"<p>Tom Ford Myrrhe Myst\u00e8re je savr\u0161en za one koji cijene sofisticirane i slo\u017eene mirise. Idealan je za ve\u010dernje izlaske, posebne prilike ili trenutke kada se \u017eelite osje\u0107ati posebno. Ovaj parfem je pravi izbor za ljubitelje drvenih i orijentalnih nota, koji tra\u017ee miris koji je istovremeno moderan i bezvremenski.<\/p>\n","protected":false},"featured_media":25688,"comment_status":"open","ping_status":"closed","template":"","meta":{"_acf_changed":false},"product_brand":[],"product_cat":[203,188,187,186],"product_tag":[],"class_list":{"0":"post-13188","1":"product","2":"type-product","3":"status-publish","4":"has-post-thumbnail","6":"product_cat-tom-ford-marka","7":"product_cat-unisex","8":"product_cat-za-muskarce","9":"product_cat-za-zene","11":"first","12":"instock","13":"taxable","14":"shipping-taxable","15":"purchasable","16":"product-type-variable","17":"has-default-attributes"},"acf":[],"_links":{"self":[{"href":"https:\/\/nicolefragrance.se\/hr\/wp-json\/wp\/v2\/product\/13188","targetHints":{"allow":["GET"]}}],"collection":[{"href":"https:\/\/nicolefragrance.se\/hr\/wp-json\/wp\/v2\/product"}],"about":[{"href":"https:\/\/nicolefragrance.se\/hr\/wp-json\/wp\/v2\/types\/product"}],"replies":[{"embeddable":true,"href":"https:\/\/nicolefragrance.se\/hr\/wp-json\/wp\/v2\/comments?post=13188"}],"version-history":[{"count":0,"href":"https:\/\/nicolefragrance.se\/hr\/wp-json\/wp\/v2\/product\/13188\/revisions"}],"wp:featuredmedia":[{"embeddable":true,"href":"https:\/\/nicolefragrance.se\/hr\/wp-json\/wp\/v2\/media\/25688"}],"wp:attachment":[{"href":"https:\/\/nicolefragrance.se\/hr\/wp-json\/wp\/v2\/media?parent=13188"}],"wp:term":[{"taxonomy":"product_brand","embeddable":true,"href":"https:\/\/nicolefragrance.se\/hr\/wp-json\/wp\/v2\/product_brand?post=13188"},{"taxonomy":"product_cat","embeddable":true,"href":"https:\/\/nicolefragrance.se\/hr\/wp-json\/wp\/v2\/product_cat?post=13188"},{"taxonomy":"product_tag","embeddable":true,"href":"https:\/\/nicolefragrance.se\/hr\/wp-json\/wp\/v2\/product_tag?post=13188"}],"curies":[{"name":"wp","href":"https:\/\/api.w.org\/{rel}","templated":true}]}}