{"id":1307,"date":"2021-01-12T20:56:27","date_gmt":"2021-01-12T19:56:27","guid":{"rendered":"https:\/\/nicolefragrance.se\/?post_type=product&#038;p=1307"},"modified":"2025-09-11T17:11:19","modified_gmt":"2025-09-11T15:11:19","slug":"paco-rabanne-olympea-nicole-edp","status":"publish","type":"product","link":"https:\/\/nicolefragrance.se\/hr\/proizvod\/paco-rabanne-olympea-nicole-edp\/","title":{"rendered":"Paco Rabanne Olymp\u00e9a Nicole EDP &#8211; inspiriran originalom"},"content":{"rendered":"<p><strong>Olymp\u00e9a by Paco Rabanne<\/strong> je \u017eenski parfem koji o\u010darava svojom bo\u017eanstvenom harmonijom mirisnih nota. Kreiran 2015. godine, ovaj miris nosi sa sobom duh atletskog duha, takmi\u010denja i pobjede, inspiriran mu\u0161kom edicijom Invictusa iz 2013. godine.<\/p>\n<p>Paco Rabanne Olymp\u00e9a je parfemska boginja modernog doba, a njen miris je svje\u017e, mo\u0107an i nosi aromu ambera koji obo\u017eava ko\u017eu. Ovo je miris koji se isti\u010de svojom kontradiktornom svje\u017einom i snagom.<\/p>\n<p>Glavne note ovog parfema obuhva\u0107aju zelenu mandarinu, cvjetove jasmina i \u0111umbira. Zelena mandarina dodaje svje\u017einu i vitalnost, dok jasmin daje cvjetnu notu koja mami svojom nje\u017eno\u0161\u0107u. cvijet \u0111umbira dodaje mirisu dubinu i toplotu, stvaraju\u0107i zanimljivu igru kontrasta. Baza mirisa \u010dini kombinacija sandalovine, ka\u0161mir drveta i ambregrisa. Ovo je miris koji istra\u017euje kontraste i spaja ih u bo\u017eanstvenu harmoniju.<\/p>\n<p><strong>Olymp\u00e9a by Paco Rabanne<\/strong> je parfem za \u017eene koje \u017eele da se osje\u0107aju kao boginje. Savr\u0161en je za posebne prilike kada \u017eelite ostaviti neizbrisiv utisak.<\/p>\n<p>Osim svoje izuzetne arome, Olymp\u00e9a tako\u0111er nudi izvanrednu postojanost. Kada ga nanesete, mo\u017eete biti sigurni da \u0107e vas pratiti tijekom cijelog dana ili ve\u010deri, stavljaju\u0107i vas u centar pa\u017enje.<\/p>\n<p>Neka vas ova bo\u017eanstvena aroma vodi kroz svijet snage, privla\u010dnosti i nje\u017enosti.<\/p>\n","protected":false},"excerpt":{"rendered":"<p>Olymp\u00e9a by Paco Rabanne je parfem za \u017eene koje \u017eele da se osje\u0107aju kao boginje. Savr\u0161en je za posebne prilike kada \u017eelite ostaviti neizbrisiv utisak. Osim svoje izuzetne arome, Olymp\u00e9a tako\u0111e nudi izvanrednu postojanost. Kada ga nanesete, mo\u017eete biti sigurni da \u0107e vas pratiti tijekom cijelog dana ili ve\u010deri, stavljaju\u0107i vas u centar pa\u017enje.<\/p>\n","protected":false},"featured_media":30534,"comment_status":"open","ping_status":"closed","template":"","meta":{"_acf_changed":false},"product_brand":[],"product_cat":[649,621],"product_tag":[],"class_list":{"0":"post-1307","1":"product","2":"type-product","3":"status-publish","4":"has-post-thumbnail","6":"product_cat-paco-rabanne-marke","7":"product_cat-for-kvinnor","9":"first","10":"instock","11":"taxable","12":"shipping-taxable","13":"purchasable","14":"product-type-variable","15":"has-default-attributes"},"acf":[],"_links":{"self":[{"href":"https:\/\/nicolefragrance.se\/hr\/wp-json\/wp\/v2\/product\/1307","targetHints":{"allow":["GET"]}}],"collection":[{"href":"https:\/\/nicolefragrance.se\/hr\/wp-json\/wp\/v2\/product"}],"about":[{"href":"https:\/\/nicolefragrance.se\/hr\/wp-json\/wp\/v2\/types\/product"}],"replies":[{"embeddable":true,"href":"https:\/\/nicolefragrance.se\/hr\/wp-json\/wp\/v2\/comments?post=1307"}],"version-history":[{"count":0,"href":"https:\/\/nicolefragrance.se\/hr\/wp-json\/wp\/v2\/product\/1307\/revisions"}],"wp:featuredmedia":[{"embeddable":true,"href":"https:\/\/nicolefragrance.se\/hr\/wp-json\/wp\/v2\/media\/30534"}],"wp:attachment":[{"href":"https:\/\/nicolefragrance.se\/hr\/wp-json\/wp\/v2\/media?parent=1307"}],"wp:term":[{"taxonomy":"product_brand","embeddable":true,"href":"https:\/\/nicolefragrance.se\/hr\/wp-json\/wp\/v2\/product_brand?post=1307"},{"taxonomy":"product_cat","embeddable":true,"href":"https:\/\/nicolefragrance.se\/hr\/wp-json\/wp\/v2\/product_cat?post=1307"},{"taxonomy":"product_tag","embeddable":true,"href":"https:\/\/nicolefragrance.se\/hr\/wp-json\/wp\/v2\/product_tag?post=1307"}],"curies":[{"name":"wp","href":"https:\/\/api.w.org\/{rel}","templated":true}]}}