{"id":1295,"date":"2021-01-12T20:53:31","date_gmt":"2021-01-12T19:53:31","guid":{"rendered":"https:\/\/nicolefragrance.se\/?post_type=product&#038;p=1295"},"modified":"2026-02-21T14:42:05","modified_gmt":"2026-02-21T13:42:05","slug":"yves-saint-laurent-black-opium-nicole-edp","status":"publish","type":"product","link":"https:\/\/nicolefragrance.se\/hr\/proizvod\/yves-saint-laurent-black-opium-nicole-edp\/","title":{"rendered":"Nicole 179 EDP inspiriran s Black Opium Yves Saint Laurent"},"content":{"rendered":"<p><strong>Black Opium by Yves Saint Laurent<\/strong>\u00a0je \u017eenski parfem lansiran 2014. godine koji donosi mra\u010dniju i misteriozniju stranu brenda YSL. Black Opium je luksuzan i izuzetan miris sa \u010detiri izrazite i rasko\u0161ne note.<\/p>\n<p>Parfem se otvara mirisnim notama kru\u0161ke, ru\u017ei\u010dastog papra i cvijeta naran\u010de. U srcu mirisa spoznaju se note kave, jasmina, gorkog badema i sladic\u0301a, dok su u osnovi vanilija, pa\u010duli, ka\u0161mir i kedar. Kombinacija crne kave i senzualne vanilije, uz dodatak nje\u017enih bijelih cvjetova i cvijeta naran\u010de, postavljenih na bazu pa\u010dulija i umiruju\u0107eg bijelog mo\u0161usa, stvara hrabar kontrast svijetla i tame, rezultiraju\u0107i \u017eenskim mirisom koji o\u010darava svojim tragom.<\/p>\n<p><strong>Yves Saint Laurent Black Opium<\/strong> je izuzetno privla\u010dan i sofisticiran. Miris je glatak, senzualan i beskompromisan. Za postizanje lak\u0161eg intenziteta, mo\u017eete ga nanijeti u obla\u010dku oko glave i ramena, dozvoljavaju\u0107i da se parfem nje\u017eno spusti oko vas.<\/p>\n<p>Ovaj parfem je savr\u0161en izbor za \u017eene koje \u017eele da se istaknu i ostave nezaboravan utisak. Njegova misteriozna i zavodljiva aroma \u010dini ga idealnim za ve\u010dernje izlaske, posebne prilike ili kad god \u017eelite da se osje\u0107ate samouvjereno i elegantno.<\/p>\n<p><strong>Yves Saint Laurent Black Opium<\/strong> je parfem koji \u0107e vas osvojiti svojom dubinom i karizmom.<\/p>\n","protected":false},"excerpt":{"rendered":"<p>Yves Saint Laurent Black Opium je savr\u0161en izbor za \u017eene koje \u017eele da se istaknu i ostave nezaboravan utisak. Njegova misteriozna i zavodljiva aroma \u010dini ga idealnim za ve\u010dernje izlaske, posebne prilike ili kad god \u017eelite da se osje\u0107ate samouvjereno i elegantno. Ovo je parfem koji \u0107e vas osvojiti svojom dubinom i karizmom.<\/p>\n","protected":false},"featured_media":28003,"comment_status":"open","ping_status":"closed","template":"","meta":{"_acf_changed":false},"product_brand":[],"product_cat":[206,186],"product_tag":[],"class_list":{"0":"post-1295","1":"product","2":"type-product","3":"status-publish","4":"has-post-thumbnail","6":"product_cat-yves-saint-laurent-marka","7":"product_cat-za-zene","9":"first","10":"instock","11":"taxable","12":"shipping-taxable","13":"purchasable","14":"product-type-variable","15":"has-default-attributes"},"acf":[],"_links":{"self":[{"href":"https:\/\/nicolefragrance.se\/hr\/wp-json\/wp\/v2\/product\/1295","targetHints":{"allow":["GET"]}}],"collection":[{"href":"https:\/\/nicolefragrance.se\/hr\/wp-json\/wp\/v2\/product"}],"about":[{"href":"https:\/\/nicolefragrance.se\/hr\/wp-json\/wp\/v2\/types\/product"}],"replies":[{"embeddable":true,"href":"https:\/\/nicolefragrance.se\/hr\/wp-json\/wp\/v2\/comments?post=1295"}],"version-history":[{"count":0,"href":"https:\/\/nicolefragrance.se\/hr\/wp-json\/wp\/v2\/product\/1295\/revisions"}],"wp:featuredmedia":[{"embeddable":true,"href":"https:\/\/nicolefragrance.se\/hr\/wp-json\/wp\/v2\/media\/28003"}],"wp:attachment":[{"href":"https:\/\/nicolefragrance.se\/hr\/wp-json\/wp\/v2\/media?parent=1295"}],"wp:term":[{"taxonomy":"product_brand","embeddable":true,"href":"https:\/\/nicolefragrance.se\/hr\/wp-json\/wp\/v2\/product_brand?post=1295"},{"taxonomy":"product_cat","embeddable":true,"href":"https:\/\/nicolefragrance.se\/hr\/wp-json\/wp\/v2\/product_cat?post=1295"},{"taxonomy":"product_tag","embeddable":true,"href":"https:\/\/nicolefragrance.se\/hr\/wp-json\/wp\/v2\/product_tag?post=1295"}],"curies":[{"name":"wp","href":"https:\/\/api.w.org\/{rel}","templated":true}]}}