{"id":1283,"date":"2021-01-12T13:15:58","date_gmt":"2021-01-12T12:15:58","guid":{"rendered":"https:\/\/nicolefragrance.se\/?post_type=product&#038;p=1283"},"modified":"2025-12-21T21:33:39","modified_gmt":"2025-12-21T20:33:39","slug":"armani-si-nicole-edp","status":"publish","type":"product","link":"https:\/\/nicolefragrance.se\/hr\/proizvod\/armani-si-nicole-edp\/","title":{"rendered":"Nicole 165 EDP inspiriran s Si Armani"},"content":{"rendered":"<p><strong>Armani Si<\/strong> je \u017eenski parfem koji otvara svoju pri\u010du notama nektara od crnog ribizla, a zatim vas vodi kroz srce Mai ru\u017ee, sve do osnove koju \u010dini mo\u0161usna drvena nota.<\/p>\n<p>Ovaj parfem sa ru\u017einim akordima je stvoren za suvremenu \u017eenu koja je sna\u017ena, a istovremeno \u017eenstvena, sofisticirana i karizmati\u010dna. Ona oli\u010dava esenciju \u0161ik talijanske elegancije i stila. Ovaj miris je vo\u0107ni, za\u010dinjen i senzualan, pru\u017eaju\u0107i vam osje\u0107aj privla\u010dnosti i samopouzdanja svaki put kada ga nosite.<\/p>\n<p><strong>Armani Si<\/strong> je slatki cvjetni parfem koji se postepeno razvija na ko\u017ei i su\u0161i se do mo\u0161usnog fini\u0161a. Ova mirisna kreacija ostavlja nezaboravan trag notama mandarine i vanilije, istovremeno op\u010dinjavaju\u0107i va\u0161a osjetila. Si je idealan izbor za one koji vole cvjetni parfem sa primjesom nektara.<\/p>\n<p>Jedan od klju\u010dnih atributa ovog parfema je njegova dugotrajnost. <strong>Armani Si<\/strong> traje znatno du\u017ee od ve\u0107ine drugih parfema i lako ostaje prisutan tijekom cijelog dana.<\/p>\n<p>Uz <strong>Armani Si<\/strong> ne\u0107ete samo nositi miris ve\u0107 \u0107ete ispri\u010dati pri\u010du o svojoj jedinstvenoj li\u010dnosti, istovremeno odi\u0161u\u0107i elegancijom i \u0161armom talijanskog stila.<\/p>\n","protected":false},"excerpt":{"rendered":"<p>Armani Si je slatki cvjetni parfem koji se postepeno razvija na ko\u017ei i su\u0161i se do mo\u0161usnog fini\u0161a. Ova mirisna kreacija ostavlja nezaboravan trag notama mandarine i vanilije, istovremeno op\u010dinjavaju\u0107i va\u0161a osjetila. Jedan od klju\u010dnih atributa ovog parfema je njegova dugotrajnost. Armani Si traje znatno du\u017ee od ve\u0107ine drugih parfema i lako ostaje prisutan tijekom cijelog dana. Uz Armani Si ne\u0107ete samo nositi miris ve\u0107 \u0107ete ispri\u010dati pri\u010du o svojoj jedinstvenoj li\u010dnosti, istovremeno odi\u0161u\u0107i elegancijom i \u0161armom talijanskog stila.<\/p>\n","protected":false},"featured_media":28014,"comment_status":"open","ping_status":"closed","template":"","meta":{"_acf_changed":false},"product_brand":[],"product_cat":[191,186],"product_tag":[],"class_list":{"0":"post-1283","1":"product","2":"type-product","3":"status-publish","4":"has-post-thumbnail","6":"product_cat-armani-marka","7":"product_cat-za-zene","9":"first","10":"instock","11":"taxable","12":"shipping-taxable","13":"purchasable","14":"product-type-variable","15":"has-default-attributes"},"acf":[],"_links":{"self":[{"href":"https:\/\/nicolefragrance.se\/hr\/wp-json\/wp\/v2\/product\/1283","targetHints":{"allow":["GET"]}}],"collection":[{"href":"https:\/\/nicolefragrance.se\/hr\/wp-json\/wp\/v2\/product"}],"about":[{"href":"https:\/\/nicolefragrance.se\/hr\/wp-json\/wp\/v2\/types\/product"}],"replies":[{"embeddable":true,"href":"https:\/\/nicolefragrance.se\/hr\/wp-json\/wp\/v2\/comments?post=1283"}],"version-history":[{"count":0,"href":"https:\/\/nicolefragrance.se\/hr\/wp-json\/wp\/v2\/product\/1283\/revisions"}],"wp:featuredmedia":[{"embeddable":true,"href":"https:\/\/nicolefragrance.se\/hr\/wp-json\/wp\/v2\/media\/28014"}],"wp:attachment":[{"href":"https:\/\/nicolefragrance.se\/hr\/wp-json\/wp\/v2\/media?parent=1283"}],"wp:term":[{"taxonomy":"product_brand","embeddable":true,"href":"https:\/\/nicolefragrance.se\/hr\/wp-json\/wp\/v2\/product_brand?post=1283"},{"taxonomy":"product_cat","embeddable":true,"href":"https:\/\/nicolefragrance.se\/hr\/wp-json\/wp\/v2\/product_cat?post=1283"},{"taxonomy":"product_tag","embeddable":true,"href":"https:\/\/nicolefragrance.se\/hr\/wp-json\/wp\/v2\/product_tag?post=1283"}],"curies":[{"name":"wp","href":"https:\/\/api.w.org\/{rel}","templated":true}]}}