{"id":1247,"date":"2021-01-12T13:06:37","date_gmt":"2021-01-12T12:06:37","guid":{"rendered":"https:\/\/nicolefragrance.se\/?post_type=product&#038;p=1247"},"modified":"2025-07-09T20:12:54","modified_gmt":"2025-07-09T18:12:54","slug":"yves-saint-laurent-manifesto-nicole-edp","status":"publish","type":"product","link":"https:\/\/nicolefragrance.se\/hr\/proizvod\/yves-saint-laurent-manifesto-nicole-edp\/","title":{"rendered":"Nicole 144 EDP inspiriran s Manifesto Yves Saint Laurent"},"content":{"rendered":"<p><strong>Manifesto by Yves Saint Laurent<\/strong> je izuzetno zavodljiv \u017eenski parfem koji odi\u0161e spontano\u0161c\u0301u, slobodom i hrabro\u0161c\u0301u. Lansiran 2012. godine, ovaj parfem pru\u017eic\u0301e vam mirisno iskustvo bogato stra\u0161c\u0301u i emocijama.<\/p>\n<p>Manifesto otvara vrata svje\u017eim notama zelene trave, bergamota i crnog ribizla. U srcu ovog mirisa nalaze se bijele cvjetne note poput jasmina Sambac i \u0111ur\u0111evka. Baza ovog parfema je drvena i blago orijentalna, sa notama kedra, sandalovine, vanilije i tonka graha. Ova kompleksna mje\u0161avina \u010dini Manifesto izuzetnim i neodoljivim.<\/p>\n<p><strong>Manifesto<\/strong> je parfem koji izra\u017eava hrabrost i strast.\u00a0Ovaj parfem nosi pe\u010dat elegancije i sofisticiranosti koji je karakteristi\u010dan za Yves Saint Laurent-a. To ga \u010dini idealnim izborom za posebne prilike i za \u017eene koje te\u017ee klasi\u010dnom, a istovremeno strastvenom mirisu.<\/p>\n<p><strong>YSL Manifesto<\/strong> je miris koji se savr\u0161eno uklapa sa zimskom sezonom. Njegova toplina i dubina \u010dine ga idealnim izborom za hladne dane i ve\u010deri.<\/p>\n<p><strong>Yves Saint Laurent Manifesto<\/strong> je parfem koji slavi slobodu, strast i hrabrost. Njegova bogata harmonija mirisa c\u0301e vas o\u010darati i pru\u017eiti vam osec\u0301aj samopouzdanja i senzualnosti. Otkrijte Manifesto i izrazite svoju strast i slobodu kroz miris.<\/p>\n","protected":false},"excerpt":{"rendered":"<p>Manifesto je parfem koji izra\u017eava hrabrost i strast.\u00a0Ovaj parfem nosi pe\u010dat elegancije i sofisticiranosti koji je karakteristi\u010dan za Yves Saint Laurent. To ga \u010dini idealnim izborom za posebne prilike i za \u017eene koje te\u017ee klasi\u010dnom, a istovremeno strastvenom mirisu. YSL Manifesto je miris koji se savr\u0161eno uklapa sa zimskom sezonom. Njegova toplina i dubina \u010dine ga idealnim izborom za hladne dane i ve\u010deri.<\/p>\n","protected":false},"featured_media":28047,"comment_status":"open","ping_status":"closed","template":"","meta":{"_acf_changed":false},"product_brand":[],"product_cat":[206,186],"product_tag":[],"class_list":{"0":"post-1247","1":"product","2":"type-product","3":"status-publish","4":"has-post-thumbnail","6":"product_cat-yves-saint-laurent-marka","7":"product_cat-za-zene","9":"first","10":"instock","11":"taxable","12":"shipping-taxable","13":"purchasable","14":"product-type-variable","15":"has-default-attributes"},"acf":[],"_links":{"self":[{"href":"https:\/\/nicolefragrance.se\/hr\/wp-json\/wp\/v2\/product\/1247","targetHints":{"allow":["GET"]}}],"collection":[{"href":"https:\/\/nicolefragrance.se\/hr\/wp-json\/wp\/v2\/product"}],"about":[{"href":"https:\/\/nicolefragrance.se\/hr\/wp-json\/wp\/v2\/types\/product"}],"replies":[{"embeddable":true,"href":"https:\/\/nicolefragrance.se\/hr\/wp-json\/wp\/v2\/comments?post=1247"}],"version-history":[{"count":0,"href":"https:\/\/nicolefragrance.se\/hr\/wp-json\/wp\/v2\/product\/1247\/revisions"}],"wp:featuredmedia":[{"embeddable":true,"href":"https:\/\/nicolefragrance.se\/hr\/wp-json\/wp\/v2\/media\/28047"}],"wp:attachment":[{"href":"https:\/\/nicolefragrance.se\/hr\/wp-json\/wp\/v2\/media?parent=1247"}],"wp:term":[{"taxonomy":"product_brand","embeddable":true,"href":"https:\/\/nicolefragrance.se\/hr\/wp-json\/wp\/v2\/product_brand?post=1247"},{"taxonomy":"product_cat","embeddable":true,"href":"https:\/\/nicolefragrance.se\/hr\/wp-json\/wp\/v2\/product_cat?post=1247"},{"taxonomy":"product_tag","embeddable":true,"href":"https:\/\/nicolefragrance.se\/hr\/wp-json\/wp\/v2\/product_tag?post=1247"}],"curies":[{"name":"wp","href":"https:\/\/api.w.org\/{rel}","templated":true}]}}