{"id":1235,"date":"2021-01-12T13:04:51","date_gmt":"2021-01-12T12:04:51","guid":{"rendered":"https:\/\/nicolefragrance.se\/?post_type=product&#038;p=1235"},"modified":"2025-07-09T20:15:32","modified_gmt":"2025-07-09T18:15:32","slug":"paco-rabanne-lady-million-nicole-edp","status":"publish","type":"product","link":"https:\/\/nicolefragrance.se\/hr\/proizvod\/paco-rabanne-lady-million-nicole-edp\/","title":{"rendered":"Nicole 140 EDP inspiriran s Lady Million Paco Rabanne"},"content":{"rendered":"<p><strong>Lady Million by Paco Rabanne<\/strong> je \u017eenski parfem koji osvaja svojom misterioznom kombinacijom cvjetnih, drvenih i svje\u017eih nota. Lansiran 2010. godine, ovaj miris je postao simbol senzualnosti i \u017eenstvenosti, privla\u010de\u0107i \u017eene \u0161irom svijeta.<\/p>\n<p>Svojom kombinacijom bijelih cvjetnih nota i toplih drvenih akorda, Lady Million stvara zavodljiv mirisni trag koji budi ko\u017eu svje\u017eim notama i istovremeno pru\u017ea intimnu toplinu drve\u0107a, meda i pa\u010dulija. Otvaranje mirisa je slatko i vo\u0107no, sa notama gorke naran\u010de, so\u010dne maline i nerolija. Nakon toga, ulazimo u srce mirisa gdje dominiraju cvjetne note naran\u010dinog cvijeta i arapskog jasmina. Miris se zaklju\u010duje dubokim i senzualnim notama pa\u010dulija, meda i ambera.<\/p>\n<p><strong>Lady Million by Paco Rabanne<\/strong> je miris koji privla\u010di pa\u017enju, ba\u0161 kao i \u017eena koja ga nosi. Ona je zra\u010dna, uvijek zavodljiva i igra\u010dka u svijetu senzualnosti. Ovaj miris je inspiracija za sve \u017eene koje \u017eele da se osje\u0107aju privla\u010dno i neodoljivo.<\/p>\n<p>Lady Million je vi\u0161e od mirisa &#8211; to je iskustvo luksuza i senzualnosti koje \u0107ete nositi sa sobom gdje god da krenete. Uzmite svoju dozu luksuza i samouvjerenosti uz ovaj ekskluzivni parfem.<\/p>\n","protected":false},"excerpt":{"rendered":"<p>Lady Million by Paco Rabanne je miris koji privla\u010di pa\u017enju, ba\u0161 kao i \u017eena koja ga nosi. Ona je zra\u010dna, uvijek zavodljiva i igra\u010dka u svijetu senzualnosti. Ovaj miris je inspiracija za sve \u017eene koje \u017eele da se osje\u0107aju privla\u010dno i neodoljivo. On je vi\u0161e od mirisa &#8211; to je iskustvo luksuza i senzualnosti koje \u0107ete nositi sa sobom gdje god da krenete.<\/p>\n","protected":false},"featured_media":28059,"comment_status":"open","ping_status":"closed","template":"","meta":{"_acf_changed":false},"product_brand":[],"product_cat":[198,186],"product_tag":[],"class_list":{"0":"post-1235","1":"product","2":"type-product","3":"status-publish","4":"has-post-thumbnail","6":"product_cat-paco-rabanne-marka","7":"product_cat-za-zene","9":"first","10":"instock","11":"taxable","12":"shipping-taxable","13":"purchasable","14":"product-type-variable","15":"has-default-attributes"},"acf":[],"_links":{"self":[{"href":"https:\/\/nicolefragrance.se\/hr\/wp-json\/wp\/v2\/product\/1235","targetHints":{"allow":["GET"]}}],"collection":[{"href":"https:\/\/nicolefragrance.se\/hr\/wp-json\/wp\/v2\/product"}],"about":[{"href":"https:\/\/nicolefragrance.se\/hr\/wp-json\/wp\/v2\/types\/product"}],"replies":[{"embeddable":true,"href":"https:\/\/nicolefragrance.se\/hr\/wp-json\/wp\/v2\/comments?post=1235"}],"version-history":[{"count":0,"href":"https:\/\/nicolefragrance.se\/hr\/wp-json\/wp\/v2\/product\/1235\/revisions"}],"wp:featuredmedia":[{"embeddable":true,"href":"https:\/\/nicolefragrance.se\/hr\/wp-json\/wp\/v2\/media\/28059"}],"wp:attachment":[{"href":"https:\/\/nicolefragrance.se\/hr\/wp-json\/wp\/v2\/media?parent=1235"}],"wp:term":[{"taxonomy":"product_brand","embeddable":true,"href":"https:\/\/nicolefragrance.se\/hr\/wp-json\/wp\/v2\/product_brand?post=1235"},{"taxonomy":"product_cat","embeddable":true,"href":"https:\/\/nicolefragrance.se\/hr\/wp-json\/wp\/v2\/product_cat?post=1235"},{"taxonomy":"product_tag","embeddable":true,"href":"https:\/\/nicolefragrance.se\/hr\/wp-json\/wp\/v2\/product_tag?post=1235"}],"curies":[{"name":"wp","href":"https:\/\/api.w.org\/{rel}","templated":true}]}}