{"id":1223,"date":"2021-01-12T13:03:02","date_gmt":"2021-01-12T12:03:02","guid":{"rendered":"https:\/\/nicolefragrance.se\/?post_type=product&#038;p=1223"},"modified":"2025-07-09T20:18:00","modified_gmt":"2025-07-09T18:18:00","slug":"gucci-guilty-nicole-edp","status":"publish","type":"product","link":"https:\/\/nicolefragrance.se\/hr\/proizvod\/gucci-guilty-nicole-edp\/","title":{"rendered":"Nicole 139 EDP inspiriran s Guilty Gucci"},"content":{"rendered":"<p><strong>Gucci Guilty<\/strong> je osvje\u017eavaju\u0107i i zavodljiv \u017eenski parfem koji nosi potpis foug\u00e8re akorda, tradicionalno rezerviranih za mu\u0161ke mirise. Ovaj Gucci parfem isti\u010de intimnu i magi\u010dnu notu ljubi\u010dastog cvijeta, pro\u017eetu toplim amberom, stvaraju\u0107i miris koji zra\u010di toplinom i graciozno\u0161\u0107u, ostavljaju\u0107i sna\u017ean i nezaboravan utisak.<\/p>\n<p>Ovaj parfem ima cvjetno vo\u0107ni miris sa blagim za\u010dinskim notama, \u0161to ga \u010dini savr\u0161enim izborom kako za dnevne, tako i za ve\u010dernje prilike. <strong>Gucci Guilty<\/strong> vas uvodi u svijet strasti i samopouzdanja, ostavljaju\u0107i za sobom senzualnu aromu koja se pamti.<\/p>\n<p>Superiorne cvjetne note i oboga\u0107ene prirodne esencije stapaju se u jak i sofisticiran parfem. \u0160to se ti\u010de postojanosti, ovaj miris traje izme\u0111u 6 i 8 sati na hladnijim danima. Parfem ostavlja umjereno bogat trag mirisa oko osobe koja ga nosi.<\/p>\n<p><strong>Gucci Guilty<\/strong> je parfem za \u017eene koje se ne pla\u0161e da izraze svoju strast i samouvjerenost. Ovaj miris je sofisticiran, ali istovremeno izazovan i senzualan, isti\u010du\u0107i va\u0161u jedinstvenu li\u010dnost.<\/p>\n","protected":false},"excerpt":{"rendered":"<p>Gucci Guilty ima cvjetno-vo\u0107ni miris sa blagim za\u010dinskim notama, \u0161to ga \u010dini savr\u0161enim izborom kako za dnevne, tako i za ve\u010dernje prilike. Ovaj parfem vas uvodi u svijet strasti i samopouzdanja, ostavljaju\u0107i za sobom senzualnu aromu koja se pamti. Gucci Guilty je parfem za \u017eene koje se ne pla\u0161e izraziti svoju strast i samouvjerenost. Ovaj miris je sofisticiran, ali istovremeno izazovan i senzualan, isti\u010du\u0107i va\u0161u jedinstvenu osobnost.<\/p>\n","protected":false},"featured_media":28070,"comment_status":"open","ping_status":"closed","template":"","meta":{"_acf_changed":false},"product_brand":[],"product_cat":[199,186],"product_tag":[],"class_list":{"0":"post-1223","1":"product","2":"type-product","3":"status-publish","4":"has-post-thumbnail","6":"product_cat-gucci-marka","7":"product_cat-za-zene","9":"first","10":"instock","11":"taxable","12":"shipping-taxable","13":"purchasable","14":"product-type-variable","15":"has-default-attributes"},"acf":[],"_links":{"self":[{"href":"https:\/\/nicolefragrance.se\/hr\/wp-json\/wp\/v2\/product\/1223","targetHints":{"allow":["GET"]}}],"collection":[{"href":"https:\/\/nicolefragrance.se\/hr\/wp-json\/wp\/v2\/product"}],"about":[{"href":"https:\/\/nicolefragrance.se\/hr\/wp-json\/wp\/v2\/types\/product"}],"replies":[{"embeddable":true,"href":"https:\/\/nicolefragrance.se\/hr\/wp-json\/wp\/v2\/comments?post=1223"}],"version-history":[{"count":0,"href":"https:\/\/nicolefragrance.se\/hr\/wp-json\/wp\/v2\/product\/1223\/revisions"}],"wp:featuredmedia":[{"embeddable":true,"href":"https:\/\/nicolefragrance.se\/hr\/wp-json\/wp\/v2\/media\/28070"}],"wp:attachment":[{"href":"https:\/\/nicolefragrance.se\/hr\/wp-json\/wp\/v2\/media?parent=1223"}],"wp:term":[{"taxonomy":"product_brand","embeddable":true,"href":"https:\/\/nicolefragrance.se\/hr\/wp-json\/wp\/v2\/product_brand?post=1223"},{"taxonomy":"product_cat","embeddable":true,"href":"https:\/\/nicolefragrance.se\/hr\/wp-json\/wp\/v2\/product_cat?post=1223"},{"taxonomy":"product_tag","embeddable":true,"href":"https:\/\/nicolefragrance.se\/hr\/wp-json\/wp\/v2\/product_tag?post=1223"}],"curies":[{"name":"wp","href":"https:\/\/api.w.org\/{rel}","templated":true}]}}