{"id":1211,"date":"2021-01-12T13:01:01","date_gmt":"2021-01-12T12:01:01","guid":{"rendered":"https:\/\/nicolefragrance.se\/?post_type=product&#038;p=1211"},"modified":"2025-07-09T20:20:30","modified_gmt":"2025-07-09T18:20:30","slug":"chloe-love-nicole-edp","status":"publish","type":"product","link":"https:\/\/nicolefragrance.se\/hr\/proizvod\/chloe-love-nicole-edp\/","title":{"rendered":"Nicole 138 EDP inspiriran s Love Chloe"},"content":{"rendered":"<p><strong>Chloe Love<\/strong>, kao i svi ostali Chloe parfemi, nosi sa sobom neodoljivu kombinaciju modernosti i sofisticiranosti. Prvi put predstavljen 2010. godine, ovaj \u017eenski miris predstavlja damu koja je suptilna, a istovremeno sna\u017ena.<\/p>\n<p><strong>Love by Chloe<\/strong> spaja prelijepe ljubi\u010daste cvjetove\u00a0zumbula, ljubi\u010dice, glicinija i heliotropa. Ovi divni ljubi\u010dasti cvjetovi kombiniraju se s notama roze papra i mo\u0161usa kako bi dodali da\u0161ak za\u010dina i senzualnosti. Miris je poput nje\u017enog i privla\u010dnog pudera koji sadr\u017ei \u0161pinat u svojim baznim notama, \u0161to ga \u010dini iznena\u0111uju\u0107e misterioznim i atraktivnim.<\/p>\n<p><strong>Chloe Love<\/strong> je miris koji kombinira svje\u017einu sa elegantnom sofisticirano\u0161\u0107u. To je idealan izbor za \u017eene koje \u017eele miris koji \u0107e ih pratiti tijekom cijelog dana, bilo da su na poslu ili u ve\u010dernjem izlasku. Mek i senzualan, Chloe Love ostavlja za sobom neodoljiv i nje\u017ean mirisni pe\u010dat.<\/p>\n<p><strong>Chloe Love<\/strong> je miris koji odra\u017eava suptilnu eleganciju moderne \u017eene. Njegova harmonija ljubi\u010dastih cvjetova i za\u010dinjenih nota stvara nezaboravno iskustvo. Dodajte ovu esenciju Chloe u svoju kolekciju mirisa i do\u017eivite sofisticiranu svje\u017einu koja \u0107e vas osvojiti.<\/p>\n","protected":false},"excerpt":{"rendered":"<p>Chloe Love je miris koji kombinira svje\u017einu sa elegantnom sofisticirano\u0161\u0107u. To je idealan izbor za dame koje \u017eele miris koji \u0107e ih pratiti tijekom cijelog dana, bilo da su na poslu ili u ve\u010dernjem izlasku. Mek i senzualan, Chloe Love ostavlja za sobom neodoljiv i nje\u017ean mirisni pe\u010dat. To je miris koji odra\u017eava suptilnu eleganciju moderne \u017eene.<\/p>\n","protected":false},"featured_media":28082,"comment_status":"open","ping_status":"closed","template":"","meta":{"_acf_changed":false},"product_brand":[],"product_cat":[212,186],"product_tag":[],"class_list":{"0":"post-1211","1":"product","2":"type-product","3":"status-publish","4":"has-post-thumbnail","6":"product_cat-chloe-marka","7":"product_cat-za-zene","9":"first","10":"instock","11":"taxable","12":"shipping-taxable","13":"purchasable","14":"product-type-variable","15":"has-default-attributes"},"acf":[],"_links":{"self":[{"href":"https:\/\/nicolefragrance.se\/hr\/wp-json\/wp\/v2\/product\/1211","targetHints":{"allow":["GET"]}}],"collection":[{"href":"https:\/\/nicolefragrance.se\/hr\/wp-json\/wp\/v2\/product"}],"about":[{"href":"https:\/\/nicolefragrance.se\/hr\/wp-json\/wp\/v2\/types\/product"}],"replies":[{"embeddable":true,"href":"https:\/\/nicolefragrance.se\/hr\/wp-json\/wp\/v2\/comments?post=1211"}],"version-history":[{"count":0,"href":"https:\/\/nicolefragrance.se\/hr\/wp-json\/wp\/v2\/product\/1211\/revisions"}],"wp:featuredmedia":[{"embeddable":true,"href":"https:\/\/nicolefragrance.se\/hr\/wp-json\/wp\/v2\/media\/28082"}],"wp:attachment":[{"href":"https:\/\/nicolefragrance.se\/hr\/wp-json\/wp\/v2\/media?parent=1211"}],"wp:term":[{"taxonomy":"product_brand","embeddable":true,"href":"https:\/\/nicolefragrance.se\/hr\/wp-json\/wp\/v2\/product_brand?post=1211"},{"taxonomy":"product_cat","embeddable":true,"href":"https:\/\/nicolefragrance.se\/hr\/wp-json\/wp\/v2\/product_cat?post=1211"},{"taxonomy":"product_tag","embeddable":true,"href":"https:\/\/nicolefragrance.se\/hr\/wp-json\/wp\/v2\/product_tag?post=1211"}],"curies":[{"name":"wp","href":"https:\/\/api.w.org\/{rel}","templated":true}]}}