{"id":1199,"date":"2021-01-12T12:58:54","date_gmt":"2021-01-12T11:58:54","guid":{"rendered":"https:\/\/nicolefragrance.se\/?post_type=product&#038;p=1199"},"modified":"2025-07-09T20:23:43","modified_gmt":"2025-07-09T18:23:43","slug":"versace-versense-nicole-edp","status":"publish","type":"product","link":"https:\/\/nicolefragrance.se\/hr\/proizvod\/versace-versense-nicole-edp\/","title":{"rendered":"Nicole 133 EDP inspiriran s Versense Versace"},"content":{"rendered":"<p><strong>Versace Versense<\/strong> je \u017eenski miris koji vas odvodi na putovanje kroz \u010darobne pejza\u017ee Mediterana. Ovaj parfem, lansiran 2009. godine, predstavlja suvremeni buket koji spaja mediteranske elemente sa glamuroznom senzualno\u0161\u0107u \u017eene.<\/p>\n<p>Versense otvara svoju pri\u010du osvje\u017eavaju\u0107im notama bergamota, smokve i zelene mandarine. Ova kombinacija vas momentalno uvodi u mirisni svijet Sredozemlja. Osjetiti \u0107ete svje\u017einu i vitalnost ve\u0107 na samom po\u010detku. Srednje note mirisa otkrivaju preljepo i rijetko cvjetno bogatstvo koje podsje\u0107a na bujne vrtove Sredozemlja. Ovaj dio mirisa odra\u017eava autenti\u010dnost i spoj svje\u017eine i energije \u017eene. U osnovi parfema kriju se drvenaste note kedra, maslinovog drveta, mo\u0161usa i sandalovine.<\/p>\n<p>Versense je kao \u0161etnja mirisnim vrtom koji doprinosi osje\u0107aju svje\u017eine, harmonije sa prirodom i unutra\u0161njje energije. Ovaj miris predstavlja bu\u0111enje prirode, podsti\u010de osje\u0107aj slobode i pokreta, te doprinosi samopouzdanju i vitalnosti.<\/p>\n<p><strong>Versace Versense<\/strong> je vi\u0161e od mirisa &#8211; to je putovanje kroz mirisnu idilu Sredozemlja. Predstavlja spoj prirode, svje\u017eine i \u017eenstvene senzualnosti. Ovaj miris je stvoren za \u017eenu koja cijeni sve \u0161to priroda mo\u017ee da ponudi i koja te\u017ei harmoniji sa svojim okru\u017eenjem.<\/p>\n<p>Versace Versense je inspiracija Sredozemljem u bo\u010dici, spremna da vas povede na nezaboravno putovanje mirisnih do\u017eivljaja.<\/p>\n","protected":false},"excerpt":{"rendered":"<p>Versense je kao \u0161etnja mirisnim vrtom koji doprinosi osje\u0107aju svje\u017eine, harmonije sa prirodom i unutra\u0161njje energije. Ovaj miris predstavlja bu\u0111enje prirode, podsti\u010de osje\u0107aj slobode i pokreta, te doprinosi samopouzdanju i vitalnosti. Predstavlja spoj prirode, svje\u017eine i \u017eenstvene senzualnosti. Ovaj miris je stvoren za \u017eenu koja cijeni sve \u0161to priroda mo\u017ee da ponudi i koja te\u017ei harmoniji sa svojim okru\u017eenjem.<\/p>\n","protected":false},"featured_media":28093,"comment_status":"open","ping_status":"closed","template":"","meta":{"_acf_changed":false},"product_brand":[],"product_cat":[211,186],"product_tag":[],"class_list":{"0":"post-1199","1":"product","2":"type-product","3":"status-publish","4":"has-post-thumbnail","6":"product_cat-versace-marka","7":"product_cat-za-zene","9":"first","10":"instock","11":"taxable","12":"shipping-taxable","13":"purchasable","14":"product-type-variable","15":"has-default-attributes"},"acf":[],"_links":{"self":[{"href":"https:\/\/nicolefragrance.se\/hr\/wp-json\/wp\/v2\/product\/1199","targetHints":{"allow":["GET"]}}],"collection":[{"href":"https:\/\/nicolefragrance.se\/hr\/wp-json\/wp\/v2\/product"}],"about":[{"href":"https:\/\/nicolefragrance.se\/hr\/wp-json\/wp\/v2\/types\/product"}],"replies":[{"embeddable":true,"href":"https:\/\/nicolefragrance.se\/hr\/wp-json\/wp\/v2\/comments?post=1199"}],"version-history":[{"count":0,"href":"https:\/\/nicolefragrance.se\/hr\/wp-json\/wp\/v2\/product\/1199\/revisions"}],"wp:featuredmedia":[{"embeddable":true,"href":"https:\/\/nicolefragrance.se\/hr\/wp-json\/wp\/v2\/media\/28093"}],"wp:attachment":[{"href":"https:\/\/nicolefragrance.se\/hr\/wp-json\/wp\/v2\/media?parent=1199"}],"wp:term":[{"taxonomy":"product_brand","embeddable":true,"href":"https:\/\/nicolefragrance.se\/hr\/wp-json\/wp\/v2\/product_brand?post=1199"},{"taxonomy":"product_cat","embeddable":true,"href":"https:\/\/nicolefragrance.se\/hr\/wp-json\/wp\/v2\/product_cat?post=1199"},{"taxonomy":"product_tag","embeddable":true,"href":"https:\/\/nicolefragrance.se\/hr\/wp-json\/wp\/v2\/product_tag?post=1199"}],"curies":[{"name":"wp","href":"https:\/\/api.w.org\/{rel}","templated":true}]}}