{"id":1175,"date":"2021-01-12T12:54:52","date_gmt":"2021-01-12T11:54:52","guid":{"rendered":"https:\/\/nicolefragrance.se\/?post_type=product&#038;p=1175"},"modified":"2025-07-09T20:30:14","modified_gmt":"2025-07-09T18:30:14","slug":"gucci-rush-nicole-edp","status":"publish","type":"product","link":"https:\/\/nicolefragrance.se\/hr\/proizvod\/gucci-rush-nicole-edp\/","title":{"rendered":"Nicole 128 EDP inspiriran s Rush 1 Gucci"},"content":{"rendered":"<p><strong>Gucci Rush<\/strong> je \u017eenski miris lansiran 1999. godine koji ostavlja neizbrisiv utisak svojom jedinstvenom kombinacijom egzoti\u010dnih cvjetnih nota i orijentalnih akcenata.<\/p>\n<p>Gucci Rush sastoji se poput so\u010dnog egzoti\u010dnog koktela cvjetova: kalifornijska gardenija, ju\u017enoafri\u010dka frezija, jasmin i turska ru\u017ea \u010dine srce ovog mirisa. Uz dodatak korijandera, vanilije i pa\u010dulija, isti\u010de se njegov orijentalni karakter i jedinstvenost. Ovaj miris predstavlja eleganciju sa dozom misterije.<\/p>\n<p>Va\u017eno je napomenuti da miris <strong>Gucci Rush<\/strong> u zna\u010dajnoj meri zavisi od kemije va\u0161e ko\u017ee. Ako se sla\u017ee sa va\u0161om ko\u017eom, osjetiti \u0107ete se kao da nosite divnu kombinaciju breskve, gardenije i frezije. U suprotnom, mo\u017eda \u0107ete osjetiti ne\u017eeljene note koje nisu u skladu s va\u0161im mirisnim profilom.<\/p>\n<p>Ovaj parfem predstavlja pravu eksploziju senzacija u svijetu parfema. Ono \u0161to <strong>Gucci Rush<\/strong> \u010dini posebnim je njegova sposobnost da probudi strasti i o\u017eivi va\u0161u senzualnost. Ovaj miris nije za stidljive &#8211; on je za \u017eene koje \u017eele da se istaknu i ostave nezaboravan utisak. To je miris koji \u0107e vas pratiti tijekom ve\u010derrnjih izlazaka i posebnih prilika, dodaju\u0107i va\u0161em stilu dozu luksuza i samopouzdanja.<\/p>\n","protected":false},"excerpt":{"rendered":"<p>Gucci Rush predstavlja pravu eksploziju senzacija u svijetu parfema. Ono \u0161to ovaj parfem \u010dini posebnim je njegova sposobnost da probudi strasti i o\u017eivi va\u0161u senzualnost. Ovaj miris nije za stidljive &#8211; on je za \u017eene koje \u017eele da se istaknu i ostave nezaboravan utisak. To je miris koji \u0107e vas pratiti tijekom ve\u010derrnjih izlazaka i posebnih prilika, dodaju\u0107i va\u0161em stilu dozu luksuza i samopouzdanja.<\/p>\n","protected":false},"featured_media":28116,"comment_status":"open","ping_status":"closed","template":"","meta":{"_acf_changed":false},"product_brand":[],"product_cat":[199,186],"product_tag":[],"class_list":{"0":"post-1175","1":"product","2":"type-product","3":"status-publish","4":"has-post-thumbnail","6":"product_cat-gucci-marka","7":"product_cat-za-zene","9":"first","10":"instock","11":"taxable","12":"shipping-taxable","13":"purchasable","14":"product-type-variable","15":"has-default-attributes"},"acf":[],"_links":{"self":[{"href":"https:\/\/nicolefragrance.se\/hr\/wp-json\/wp\/v2\/product\/1175","targetHints":{"allow":["GET"]}}],"collection":[{"href":"https:\/\/nicolefragrance.se\/hr\/wp-json\/wp\/v2\/product"}],"about":[{"href":"https:\/\/nicolefragrance.se\/hr\/wp-json\/wp\/v2\/types\/product"}],"replies":[{"embeddable":true,"href":"https:\/\/nicolefragrance.se\/hr\/wp-json\/wp\/v2\/comments?post=1175"}],"version-history":[{"count":0,"href":"https:\/\/nicolefragrance.se\/hr\/wp-json\/wp\/v2\/product\/1175\/revisions"}],"wp:featuredmedia":[{"embeddable":true,"href":"https:\/\/nicolefragrance.se\/hr\/wp-json\/wp\/v2\/media\/28116"}],"wp:attachment":[{"href":"https:\/\/nicolefragrance.se\/hr\/wp-json\/wp\/v2\/media?parent=1175"}],"wp:term":[{"taxonomy":"product_brand","embeddable":true,"href":"https:\/\/nicolefragrance.se\/hr\/wp-json\/wp\/v2\/product_brand?post=1175"},{"taxonomy":"product_cat","embeddable":true,"href":"https:\/\/nicolefragrance.se\/hr\/wp-json\/wp\/v2\/product_cat?post=1175"},{"taxonomy":"product_tag","embeddable":true,"href":"https:\/\/nicolefragrance.se\/hr\/wp-json\/wp\/v2\/product_tag?post=1175"}],"curies":[{"name":"wp","href":"https:\/\/api.w.org\/{rel}","templated":true}]}}