{"id":1163,"date":"2021-01-12T12:52:46","date_gmt":"2021-01-12T11:52:46","guid":{"rendered":"https:\/\/nicolefragrance.se\/?post_type=product&#038;p=1163"},"modified":"2025-07-09T20:34:50","modified_gmt":"2025-07-09T18:34:50","slug":"bvlgari-omnia-crystalline-nicole-edp","status":"publish","type":"product","link":"https:\/\/nicolefragrance.se\/hr\/proizvod\/bvlgari-omnia-crystalline-nicole-edp\/","title":{"rendered":"Nicole 127 EDP inspiriran s Omnia Crystalline Bvlgari"},"content":{"rendered":"<p><strong>Bvlgari Omnia Crystalline<\/strong> je cvjetni vodenasti \u017eenski parfem. Predstavljen je prvi put 2005. godine, a kreirao ga je Alberto Morillas. U pitanju je vremenski bezvremeni parfem \u010diji je potpis delikatan poput profinjenog cvijeta i sjajan poput kristala koji ga je inspirisao.<\/p>\n<p>Ovaj osvijetljavaju\u0107e cvjetno-drveni miris spaja svje\u017einu i sjaj sa udobno\u0161\u0107u i prisustvom. Glavne note <strong>Bvlgari Omnia Crystalline <\/strong>parfema su lotus, \u010daj i miris nalik kru\u0161ki, \u0161to mu daje cvjetni i biljni miris koji asocira na prirodnu svje\u017einu.<\/p>\n<p>Otvaranje Omnia Cristalline je prili\u010dno zanimljivo i donekle jedinstveno iskustvo, barem u usporedbi sa drugim popularnim parfemima. Lagan je, \u010dist i ima malo sapunastog kvaliteta, ali sa izrazito azijskim uticajem. Ovo je prili\u010dno \u017eenstven miris i \u010dini se da ne uklju\u010duje ni\u0161ta \u0161to bi se moglo smatrati te\u0161kim ili neodoljivim, \u0161to bi trebalo da ga \u010dini dobrim izborom za toplije mjesece u godini.<\/p>\n<p><strong>Bvlgari Omnia Crystalline<\/strong> je \u017eenski miris koji kombinira note balsamovog drveta, bambusa, cvijeta lotosa i tzv. nashi kru\u0161aka. Preporu\u010duje se za svakodnevno no\u0161enje, dodaju\u0107i sofisticiranu notu svje\u017eine va\u0161oj svakodnevnoj rutini. Sa svojom suptilno\u0161\u0107u i trajno\u0161\u0107u, Omnia Crystalline \u0107e vas o\u010darati i ostaviti nezaboravan utisak gdje god da ga nosite.<\/p>\n","protected":false},"excerpt":{"rendered":"<p>Bvlgari Omnia Crystalline je \u017eenski miris koji kombinira note balsamovog drveta, bambusa, cvijeta lotosa i tzv. nashi kru\u0161aka. Preporu\u010duje se za svakodnevno no\u0161enje, dodaju\u0107i sofisticiranu notu svje\u017eine va\u0161oj svakodnevnoj rutini. Sa svojom suptilno\u0161\u0107u i trajno\u0161\u0107u, Omnia Crystalline \u0107e vas o\u010darati i ostaviti nezaboravan utisak gdje god da ga nosite. Preporu\u010duje se za svakodnevno no\u0161enje, dodaju\u0107i sofisticiranu notu svje\u017eine va\u0161oj svakodnevnoj rutini.<\/p>\n","protected":false},"featured_media":28127,"comment_status":"open","ping_status":"closed","template":"","meta":{"_acf_changed":false},"product_brand":[],"product_cat":[196,186],"product_tag":[],"class_list":{"0":"post-1163","1":"product","2":"type-product","3":"status-publish","4":"has-post-thumbnail","6":"product_cat-bvlgari-marka","7":"product_cat-za-zene","9":"first","10":"instock","11":"taxable","12":"shipping-taxable","13":"purchasable","14":"product-type-variable","15":"has-default-attributes"},"acf":[],"_links":{"self":[{"href":"https:\/\/nicolefragrance.se\/hr\/wp-json\/wp\/v2\/product\/1163","targetHints":{"allow":["GET"]}}],"collection":[{"href":"https:\/\/nicolefragrance.se\/hr\/wp-json\/wp\/v2\/product"}],"about":[{"href":"https:\/\/nicolefragrance.se\/hr\/wp-json\/wp\/v2\/types\/product"}],"replies":[{"embeddable":true,"href":"https:\/\/nicolefragrance.se\/hr\/wp-json\/wp\/v2\/comments?post=1163"}],"version-history":[{"count":0,"href":"https:\/\/nicolefragrance.se\/hr\/wp-json\/wp\/v2\/product\/1163\/revisions"}],"wp:featuredmedia":[{"embeddable":true,"href":"https:\/\/nicolefragrance.se\/hr\/wp-json\/wp\/v2\/media\/28127"}],"wp:attachment":[{"href":"https:\/\/nicolefragrance.se\/hr\/wp-json\/wp\/v2\/media?parent=1163"}],"wp:term":[{"taxonomy":"product_brand","embeddable":true,"href":"https:\/\/nicolefragrance.se\/hr\/wp-json\/wp\/v2\/product_brand?post=1163"},{"taxonomy":"product_cat","embeddable":true,"href":"https:\/\/nicolefragrance.se\/hr\/wp-json\/wp\/v2\/product_cat?post=1163"},{"taxonomy":"product_tag","embeddable":true,"href":"https:\/\/nicolefragrance.se\/hr\/wp-json\/wp\/v2\/product_tag?post=1163"}],"curies":[{"name":"wp","href":"https:\/\/api.w.org\/{rel}","templated":true}]}}