{"id":1151,"date":"2021-01-12T12:50:33","date_gmt":"2021-01-12T11:50:33","guid":{"rendered":"https:\/\/nicolefragrance.se\/?post_type=product&#038;p=1151"},"modified":"2025-07-09T20:37:23","modified_gmt":"2025-07-09T18:37:23","slug":"givenchy-ange-ou-demon-nicole-edp","status":"publish","type":"product","link":"https:\/\/nicolefragrance.se\/hr\/proizvod\/givenchy-ange-ou-demon-nicole-edp\/","title":{"rendered":"Nicole 125 EDP inspiriran s Ange Ou Demon Givenchy"},"content":{"rendered":"<p><strong>Givenchy Ange Ou Demon<\/strong> je \u017eenski parfem koji tajanstveno ple\u0161e izme\u0111u svijetla i tame. Lansiran 2006. godine, ovaj miris je stvoren kako bi istra\u017eio dualnost prirode &#8211; an\u0111eosku i \u0111avolsku, donose\u0107i novu dimenziju i dubinu svakodnevnom iskustvu mirisa.<\/p>\n<p>Ovaj harizmati\u010dni orijentalni miris otvara se svje\u017eim notama mandarine, bijelog kima i \u0161afrana, stvaraju\u0107i uzbudljivu i tajanstvenu atmosferu. Srce parfema otkriva sna\u017enu notu ljiljana, koja se spaja sa opu\u0161tenim notama orhideje i egzoti\u010dnog ilang-ilanga. Na kraju, trag ovog mirisa dominiraju dva drvenasta akorda: kremasti palisander i mahovina hrasta, dok se puderasti i senzualni tonka grah i vanilija stapaju sa ostatkom kompozicije.<\/p>\n<p><strong>Givenchy Ange Ou Demon<\/strong> je miris koji op\u010dinjava i mami svojom tajanstvenom privla\u010dno\u0161\u0107u. Ovaj miris je poput dragocenog dragog kamena koji \u010duva svoje tajne, \u010dekaju\u0107i da budu otkrivene.<\/p>\n<p>Savr\u0161en je za posebne prilike i trenutke kada \u017eelite da ostavite dubok i misteriozan utisak. U\u017eivajte u ovoj neodoljivoj simfoniji mirisa i osje\u0107ajte se an\u0111eoski i \u0111avolski istovremeno.<\/p>\n","protected":false},"excerpt":{"rendered":"<p>Givenchy Ange Ou Demon je miris koji op\u010dinjuje i mami svojom tajanstvenom privla\u010dno\u0161\u0107u. Ovaj miris je poput dragocenog dragog kamena koji \u010duva svoje tajne, \u010dekaju\u0107i da budu otkrivene. Savr\u0161en je za posebne prilike i trenutke kada \u017eelite da ostavite dubok i misteriozan utisak. U\u017eivajte u ovoj neodoljivoj simfoniji mirisa i osje\u0107ajte se an\u0111eoski i \u0111avolski istovremeno.<\/p>\n","protected":false},"featured_media":28139,"comment_status":"open","ping_status":"closed","template":"","meta":{"_acf_changed":false},"product_brand":[],"product_cat":[200,186],"product_tag":[],"class_list":{"0":"post-1151","1":"product","2":"type-product","3":"status-publish","4":"has-post-thumbnail","6":"product_cat-givenchy-marka","7":"product_cat-za-zene","9":"first","10":"instock","11":"taxable","12":"shipping-taxable","13":"purchasable","14":"product-type-variable","15":"has-default-attributes"},"acf":[],"_links":{"self":[{"href":"https:\/\/nicolefragrance.se\/hr\/wp-json\/wp\/v2\/product\/1151","targetHints":{"allow":["GET"]}}],"collection":[{"href":"https:\/\/nicolefragrance.se\/hr\/wp-json\/wp\/v2\/product"}],"about":[{"href":"https:\/\/nicolefragrance.se\/hr\/wp-json\/wp\/v2\/types\/product"}],"replies":[{"embeddable":true,"href":"https:\/\/nicolefragrance.se\/hr\/wp-json\/wp\/v2\/comments?post=1151"}],"version-history":[{"count":0,"href":"https:\/\/nicolefragrance.se\/hr\/wp-json\/wp\/v2\/product\/1151\/revisions"}],"wp:featuredmedia":[{"embeddable":true,"href":"https:\/\/nicolefragrance.se\/hr\/wp-json\/wp\/v2\/media\/28139"}],"wp:attachment":[{"href":"https:\/\/nicolefragrance.se\/hr\/wp-json\/wp\/v2\/media?parent=1151"}],"wp:term":[{"taxonomy":"product_brand","embeddable":true,"href":"https:\/\/nicolefragrance.se\/hr\/wp-json\/wp\/v2\/product_brand?post=1151"},{"taxonomy":"product_cat","embeddable":true,"href":"https:\/\/nicolefragrance.se\/hr\/wp-json\/wp\/v2\/product_cat?post=1151"},{"taxonomy":"product_tag","embeddable":true,"href":"https:\/\/nicolefragrance.se\/hr\/wp-json\/wp\/v2\/product_tag?post=1151"}],"curies":[{"name":"wp","href":"https:\/\/api.w.org\/{rel}","templated":true}]}}