{"id":1139,"date":"2021-01-12T12:47:09","date_gmt":"2021-01-12T11:47:09","guid":{"rendered":"https:\/\/nicolefragrance.se\/?post_type=product&#038;p=1139"},"modified":"2025-07-14T16:40:37","modified_gmt":"2025-07-14T14:40:37","slug":"armani-code-for-her-nicole-edp","status":"publish","type":"product","link":"https:\/\/nicolefragrance.se\/hr\/proizvod\/armani-code-for-her-nicole-edp\/","title":{"rendered":"Nicole 112 EDP inspiriran s Code For Her Armani"},"content":{"rendered":"<p><strong>Armani Code for Her<\/strong> by Giorgio Armani je cvjetni \u017eenski parfem, prvi put predstavljen u prolje\u0107e 2006. godine.<\/p>\n<p>Ovaj parfem se zasniva na harmoniji mirisa izme\u0111u cvijeta naran\u010de, svje\u017eih za\u010dinskih nota \u0111umbira i tople sandalovine. Sjajan otvor hvata esenciju dvije razli\u010dite naran\u010de &#8211; one gorke naran\u010de iz Afrike i slatke talijanske naran\u010de. U srcu kompozicije, cvijet naran\u010de iz Tunisa stvara magi\u010dnu cvjetnu fantaziju u savezu sa jasminom Sambac. Njegov senzualni trag donosi slatko jedinstvo cvijeta naran\u010de, vanilije i kapljice meda.<\/p>\n<p><strong>Armani Code for Her<\/strong> je vi\u0161e od mirisa &#8211; on je elegancija, strast i sofisticiranost u jednom. Ovaj parfem osvaja svojim toplim i zavodljivim notama koje se stapaju sa va\u0161om ko\u017eom. Kao o\u010daravaju\u0107i simfonijski orkestar, note ovog parfema stvaraju o\u010daravaju\u0107i sklad, ostavljaju\u0107i iza sebe nezaboravan pe\u010dat.<\/p>\n<p>Bez obzira na priliku, <strong>Armani Code for Her<\/strong> je miris koji \u0107e vas ista\u0107i i naglasiti va\u0161u jedinstvenu li\u010dnost. Uz svaku kap ovog parfema, nosi\u0107ete sa sobom luksuz i senzualnost brenda Giorgio Armani.<\/p>\n","protected":false},"excerpt":{"rendered":"<p>Armani Code for Her je vi\u0161e od mirisa &#8211; on je elegancija, strast i sofisticiranost u jednom. Ovaj parfem osvaja svojim toplim i zavodljivim notama koje se stapaju sa va\u0161om ko\u017eom. Kao o\u010daravaju\u0107i simfonijski orkestar, note ovog parfema stvaraju o\u010daravaju\u0107i sklad, ostavljaju\u0107i iza sebe nezaboravan pe\u010dat. Bez obzira na priliku, Armani Code for Her je miris koji \u0107e vas ista\u0107i i naglasiti va\u0161u jedinstvenu osobnost.<\/p>\n","protected":false},"featured_media":28150,"comment_status":"open","ping_status":"closed","template":"","meta":{"_acf_changed":false},"product_brand":[],"product_cat":[191,186],"product_tag":[],"class_list":{"0":"post-1139","1":"product","2":"type-product","3":"status-publish","4":"has-post-thumbnail","6":"product_cat-armani-marka","7":"product_cat-za-zene","9":"first","10":"instock","11":"taxable","12":"shipping-taxable","13":"purchasable","14":"product-type-variable","15":"has-default-attributes"},"acf":[],"_links":{"self":[{"href":"https:\/\/nicolefragrance.se\/hr\/wp-json\/wp\/v2\/product\/1139","targetHints":{"allow":["GET"]}}],"collection":[{"href":"https:\/\/nicolefragrance.se\/hr\/wp-json\/wp\/v2\/product"}],"about":[{"href":"https:\/\/nicolefragrance.se\/hr\/wp-json\/wp\/v2\/types\/product"}],"replies":[{"embeddable":true,"href":"https:\/\/nicolefragrance.se\/hr\/wp-json\/wp\/v2\/comments?post=1139"}],"version-history":[{"count":0,"href":"https:\/\/nicolefragrance.se\/hr\/wp-json\/wp\/v2\/product\/1139\/revisions"}],"wp:featuredmedia":[{"embeddable":true,"href":"https:\/\/nicolefragrance.se\/hr\/wp-json\/wp\/v2\/media\/28150"}],"wp:attachment":[{"href":"https:\/\/nicolefragrance.se\/hr\/wp-json\/wp\/v2\/media?parent=1139"}],"wp:term":[{"taxonomy":"product_brand","embeddable":true,"href":"https:\/\/nicolefragrance.se\/hr\/wp-json\/wp\/v2\/product_brand?post=1139"},{"taxonomy":"product_cat","embeddable":true,"href":"https:\/\/nicolefragrance.se\/hr\/wp-json\/wp\/v2\/product_cat?post=1139"},{"taxonomy":"product_tag","embeddable":true,"href":"https:\/\/nicolefragrance.se\/hr\/wp-json\/wp\/v2\/product_tag?post=1139"}],"curies":[{"name":"wp","href":"https:\/\/api.w.org\/{rel}","templated":true}]}}