{"id":11374,"date":"2024-07-22T21:08:46","date_gmt":"2024-07-22T19:08:46","guid":{"rendered":"https:\/\/nicolefragrance.se\/?post_type=product&#038;p=11374"},"modified":"2025-07-05T09:23:10","modified_gmt":"2025-07-05T07:23:10","slug":"paco-rabanne-invictus-platinum-nicole-edp","status":"publish","type":"product","link":"https:\/\/nicolefragrance.se\/hr\/proizvod\/paco-rabanne-invictus-platinum-nicole-edp\/","title":{"rendered":"Nicole 3081 EDP inspiriran s Invictus Platinum Paco Rabanne"},"content":{"rendered":"<p><strong>Invictus Platinum by Paco Rabanne<\/strong> je drvenasto-aromati\u010dni parfem za mu\u0161karce, lansiran 2022. godine. Ovaj moderan miris kombinira osvje\u017eavaju\u0107u svje\u017einu mente s elegancijom lavande, stvaraju\u0107i miris koji oduzima dah i galvanizira osje\u010daje.<\/p>\n<p>Parfem se otvara osvje\u017eavaju\u0107im notama grejpfruta i apsinta. Ove note pru\u017eaju intenzivan po\u010detak, donose\u0107i energiju i vitalnost koja osvje\u017eava i podi\u017ee raspolo\u017eenje. U srcu parfema dominiraju note mente i lavande, koje stvaraju harmoniju svje\u017eine i elegancije. Menta donosi \u010distu i osvje\u017eavaju\u0107u dimenziju, dok lavanda dodaje sofisticiranu i umiruju\u0107u notu. Baza parfema je bogata i mu\u017eevna, sa notama pa\u010dulija i \u010dempresa. Ove drvene note dodaju snagu i kompleksnost mirisu, \u010dine\u0107i ga dugotrajnim i nezaboravnim.<\/p>\n<p><strong>Invictus Platinum<\/strong> je savr\u0161en za modernog mu\u0161karca koji cijeni eleganciju i svje\u017einu u svakodnevnom \u017eivotu. Ovaj parfem je idealan za tople ljetne dane, jer svojim osvje\u017eavaju\u0107im notama pru\u017ea osje\u0107aj hlada i energije. Pogodan je za no\u0161enje tokom dana, bilo da se radi o poslovnim sastancima, dru\u0161tvenim doga\u0111ajima ili opu\u0161tenim izlascima.<\/p>\n<p>Do\u017eivite svje\u017einu i mu\u017eevnost <strong>Paco Rabanne Invictus Platinum<\/strong> parfema i dodajte ga svojoj kolekciji jo\u0161 danas.<\/p>\n","protected":false},"excerpt":{"rendered":"<p>Invictus Platinum by Paco Rabanne je savr\u0161en parfem za modernog mu\u0161karca koji cijeni eleganciju i svje\u017einu u svakodnevnom \u017eivotu. Ovaj parfem je idealan za tople ljetne dane, jer svojim osvje\u017eavaju\u0107im notama pru\u017ea osje\u0107aj hlada i energije. Pogodan je za no\u0161enje tijekom dana, bilo da se radi o poslovnim sastancima, dru\u0161tvenim doga\u0111ajima ili opu\u0161tenim izlascima.<\/p>\n","protected":false},"featured_media":25748,"comment_status":"open","ping_status":"closed","template":"","meta":{"_acf_changed":false},"product_brand":[],"product_cat":[198,187],"product_tag":[],"class_list":{"0":"post-11374","1":"product","2":"type-product","3":"status-publish","4":"has-post-thumbnail","6":"product_cat-paco-rabanne-marka","7":"product_cat-za-muskarce","9":"first","10":"instock","11":"featured","12":"taxable","13":"shipping-taxable","14":"purchasable","15":"product-type-variable","16":"has-default-attributes"},"acf":[],"_links":{"self":[{"href":"https:\/\/nicolefragrance.se\/hr\/wp-json\/wp\/v2\/product\/11374","targetHints":{"allow":["GET"]}}],"collection":[{"href":"https:\/\/nicolefragrance.se\/hr\/wp-json\/wp\/v2\/product"}],"about":[{"href":"https:\/\/nicolefragrance.se\/hr\/wp-json\/wp\/v2\/types\/product"}],"replies":[{"embeddable":true,"href":"https:\/\/nicolefragrance.se\/hr\/wp-json\/wp\/v2\/comments?post=11374"}],"version-history":[{"count":0,"href":"https:\/\/nicolefragrance.se\/hr\/wp-json\/wp\/v2\/product\/11374\/revisions"}],"wp:featuredmedia":[{"embeddable":true,"href":"https:\/\/nicolefragrance.se\/hr\/wp-json\/wp\/v2\/media\/25748"}],"wp:attachment":[{"href":"https:\/\/nicolefragrance.se\/hr\/wp-json\/wp\/v2\/media?parent=11374"}],"wp:term":[{"taxonomy":"product_brand","embeddable":true,"href":"https:\/\/nicolefragrance.se\/hr\/wp-json\/wp\/v2\/product_brand?post=11374"},{"taxonomy":"product_cat","embeddable":true,"href":"https:\/\/nicolefragrance.se\/hr\/wp-json\/wp\/v2\/product_cat?post=11374"},{"taxonomy":"product_tag","embeddable":true,"href":"https:\/\/nicolefragrance.se\/hr\/wp-json\/wp\/v2\/product_tag?post=11374"}],"curies":[{"name":"wp","href":"https:\/\/api.w.org\/{rel}","templated":true}]}}