{"id":11339,"date":"2024-07-22T20:57:15","date_gmt":"2024-07-22T18:57:15","guid":{"rendered":"https:\/\/nicolefragrance.se\/?post_type=product&#038;p=11339"},"modified":"2025-07-11T21:37:53","modified_gmt":"2025-07-11T19:37:53","slug":"tom-ford-santal-blush-nicole-edp","status":"publish","type":"product","link":"https:\/\/nicolefragrance.se\/hr\/proizvod\/tom-ford-santal-blush-nicole-edp\/","title":{"rendered":"Nicole 2059 EDP inspiriran s Santal Blush Tom Ford"},"content":{"rendered":"<p><strong>Nicole 2059 EDP<\/strong> \u00e4r en b\u00e4rnstensf\u00e4rgad parfym f\u00f6r kvinnor som lanserades 2011. Denna f\u00f6rtrollande och mystiska doft utstr\u00e5lar glamour och exotism, perfekt f\u00f6r damer som vill g\u00f6ra ett starkt intryck med sitt unika utseende. Parfymen \u00f6ppnar med kr\u00e4miga toner av sandeltr\u00e4, berikad med exotiska kryddor som kanel och koriander. Dessa toner ger parfymen en rik och kryddig start, som omedelbart er\u00f6vrar sinnena. I hj\u00e4rtat av parfymen finns lyxiga blomtoner av jasmin, ros och ylang-ylang. Dessa noter tillf\u00f6r en subtil blommig elegans till parfymen och skapar en f\u00f6rf\u00f6risk och sofistikerad doft. Basen av parfymen \u00e4r varm och sensuell, med rika tr\u00e4toner av cedertr\u00e4 och sandeltr\u00e4, berikad med en touch av bensoinharts. Dessa toner ger parfymen en l\u00e5ngvarig och jordn\u00e4ra finish, vilket g\u00f6r den idealisk f\u00f6r hela dagen. <strong>Nicole 2059 EDP<\/strong> \u00e4r avsedd f\u00f6r kvinnor som v\u00e4rdes\u00e4tter sofistikering och lyx. Denna parfym \u00e4r perfekt f\u00f6r speciella tillf\u00e4llen, som en utekv\u00e4ll eller en romantisk middag, n\u00e4r du vill l\u00e4mna ett best\u00e5ende intryck. Den \u00e4r idealisk f\u00f6r vinterm\u00e5naderna, eftersom dess varma och kryddiga toner ger en k\u00e4nsla av komfort och sensualitet. <strong>Nicole 2059 EDP<\/strong> \u00e4r f\u00f6r kvinnor som vill utstr\u00e5la elegans och mystik, oavsett om de \u00e4r p\u00e5 ett formellt evenemang eller i ett intimt s\u00e4llskap. Uppt\u00e4ck magin med <strong>Nicole 2059 EDP<\/strong> -parfymen och njut av den raffinerade kombinationen av kr\u00e4miga och kryddiga toner.  <\/p>\n","protected":false},"excerpt":{"rendered":"<p>Nicole 2059 EDP \u00e4r en parfym f\u00f6r kvinnor som vill utstr\u00e5la elegans och mystik, oavsett om de \u00e4r p\u00e5 ett formellt evenemang eller i ett intimt s\u00e4llskap. Den \u00e4r perfekt f\u00f6r speciella tillf\u00e4llen, som en utekv\u00e4ll eller en romantisk middag, n\u00e4r du vill g\u00f6ra ett best\u00e5ende intryck. Den \u00e4r idealisk f\u00f6r vinterm\u00e5naderna, eftersom dess varma och kryddiga toner ger en k\u00e4nsla av komfort och sensualitet.  <\/p>\n","protected":false},"featured_media":25759,"comment_status":"open","ping_status":"closed","template":"","meta":{"_acf_changed":false},"product_brand":[],"product_cat":[203,186],"product_tag":[],"class_list":{"0":"post-11339","1":"product","2":"type-product","3":"status-publish","4":"has-post-thumbnail","6":"product_cat-tom-ford-marka","7":"product_cat-za-zene","9":"first","10":"instock","11":"featured","12":"taxable","13":"shipping-taxable","14":"purchasable","15":"product-type-variable","16":"has-default-attributes"},"acf":[],"_links":{"self":[{"href":"https:\/\/nicolefragrance.se\/hr\/wp-json\/wp\/v2\/product\/11339","targetHints":{"allow":["GET"]}}],"collection":[{"href":"https:\/\/nicolefragrance.se\/hr\/wp-json\/wp\/v2\/product"}],"about":[{"href":"https:\/\/nicolefragrance.se\/hr\/wp-json\/wp\/v2\/types\/product"}],"replies":[{"embeddable":true,"href":"https:\/\/nicolefragrance.se\/hr\/wp-json\/wp\/v2\/comments?post=11339"}],"version-history":[{"count":0,"href":"https:\/\/nicolefragrance.se\/hr\/wp-json\/wp\/v2\/product\/11339\/revisions"}],"wp:featuredmedia":[{"embeddable":true,"href":"https:\/\/nicolefragrance.se\/hr\/wp-json\/wp\/v2\/media\/25759"}],"wp:attachment":[{"href":"https:\/\/nicolefragrance.se\/hr\/wp-json\/wp\/v2\/media?parent=11339"}],"wp:term":[{"taxonomy":"product_brand","embeddable":true,"href":"https:\/\/nicolefragrance.se\/hr\/wp-json\/wp\/v2\/product_brand?post=11339"},{"taxonomy":"product_cat","embeddable":true,"href":"https:\/\/nicolefragrance.se\/hr\/wp-json\/wp\/v2\/product_cat?post=11339"},{"taxonomy":"product_tag","embeddable":true,"href":"https:\/\/nicolefragrance.se\/hr\/wp-json\/wp\/v2\/product_tag?post=11339"}],"curies":[{"name":"wp","href":"https:\/\/api.w.org\/{rel}","templated":true}]}}