{"id":11305,"date":"2024-07-22T20:40:39","date_gmt":"2024-07-22T18:40:39","guid":{"rendered":"https:\/\/nicolefragrance.se\/?post_type=product&#038;p=11305"},"modified":"2025-07-05T09:29:51","modified_gmt":"2025-07-05T07:29:51","slug":"trussardi-donna-2011-nicole-edp","status":"publish","type":"product","link":"https:\/\/nicolefragrance.se\/hr\/proizvod\/trussardi-donna-2011-nicole-edp\/","title":{"rendered":"Nicole 2058 EDP inspiriran s Donna Trussardi"},"content":{"rendered":"<p><strong>Trussardi Donna<\/strong> (2011) je cvjetno-amberni parfem za \u017eene, lansiran 2011. godine. Ovaj parfem di\u0161e sofisticirano\u0161\u0107u i elegancijom, a idealan ja za moderne \u017eene koje \u017eele izraziti svoju \u017eenstvenost na profinjen na\u010din.<\/p>\n<p>Parfem se otvara sa osvje\u017eavaju\u0107im notama vo\u0107a, uklju\u010duju\u0107i juzu, limun i akorde vodenih plodova. Ove note pru\u017eaju parfemu \u017eivahan i iskri\u010dav po\u010detak, koji momentalno osvje\u017eava osjetila. U srcu parfema nalazi se rasko\u0161na kombinacija cvjetnih nota naran\u010dinog cvijeta, jasmina i lotosa. Ove note dodaju parfemu suptilnu cvjetnu eleganciju, stvaraju\u0107i \u017eenstven i sofisticiran miris. Baza parfema je bogata i topla, sa orijentalnim notama bijelog pa\u010dulija, kedra, sandalovine i vanilije. Ove note daju parfemu dugotrajan i zavodljiv zavr\u0161etak, \u010dine\u0107i ga idealnim za no\u0161enje tokom cijelog dana.<\/p>\n<p><strong>Trussardi Donna<\/strong> (2011) savr\u0161en je za prolje\u0107e i ljeto, jer svojim svje\u017eim i cvjetnim notama osvje\u017eava i podi\u017ee raspolo\u017eenje. Idealan je kao partner u kancelariji, ali i za sve\u010dane prilike kada \u017eelite ostaviti trajan utisak. <strong>Trussardi Donna<\/strong> (2011) je za \u017eene koje \u017eele zra\u010diti sofisticirano\u0161\u0107u i elegancijom, bilo da su na poslu, u dru\u0161tvu prijatelja ili na romanti\u010dnom sastanku.<\/p>\n<p>Otkrijte \u010dari <strong>Trussardi Donna<\/strong> (2011) parfema i u\u017eivajte u profinjenom spoju cvjetnih i vo\u0107nih nota koje \u0107e vas pratiti tijekom cijelog dana.<\/p>\n","protected":false},"excerpt":{"rendered":"<p>Trussardi Donna (2011) savr\u0161en je parfem za prolje\u0107e i ljeto, jer svojim svje\u017eim i cvjetnim notama osvje\u017eava i podi\u017ee raspolo\u017eenje. Idealan je kao partner u kancelariji, ali i za sve\u010dane prilike kada \u017eelite ostaviti trajan utisak. Trussardi Donna (2011) je za \u017eene koje \u017eele zra\u010diti sofisticirano\u0161\u0107u i elegancijom, bilo da su na poslu, u dru\u0161tvu prijatelja ili na romanti\u010dnom sastanku.<\/p>\n","protected":false},"featured_media":25772,"comment_status":"open","ping_status":"closed","template":"","meta":{"_acf_changed":false},"product_brand":[],"product_cat":[186,517],"product_tag":[],"class_list":{"0":"post-11305","1":"product","2":"type-product","3":"status-publish","4":"has-post-thumbnail","6":"product_cat-za-zene","7":"product_cat-trussardi-marka","9":"first","10":"instock","11":"featured","12":"taxable","13":"shipping-taxable","14":"purchasable","15":"product-type-variable","16":"has-default-attributes"},"acf":[],"_links":{"self":[{"href":"https:\/\/nicolefragrance.se\/hr\/wp-json\/wp\/v2\/product\/11305","targetHints":{"allow":["GET"]}}],"collection":[{"href":"https:\/\/nicolefragrance.se\/hr\/wp-json\/wp\/v2\/product"}],"about":[{"href":"https:\/\/nicolefragrance.se\/hr\/wp-json\/wp\/v2\/types\/product"}],"replies":[{"embeddable":true,"href":"https:\/\/nicolefragrance.se\/hr\/wp-json\/wp\/v2\/comments?post=11305"}],"version-history":[{"count":0,"href":"https:\/\/nicolefragrance.se\/hr\/wp-json\/wp\/v2\/product\/11305\/revisions"}],"wp:featuredmedia":[{"embeddable":true,"href":"https:\/\/nicolefragrance.se\/hr\/wp-json\/wp\/v2\/media\/25772"}],"wp:attachment":[{"href":"https:\/\/nicolefragrance.se\/hr\/wp-json\/wp\/v2\/media?parent=11305"}],"wp:term":[{"taxonomy":"product_brand","embeddable":true,"href":"https:\/\/nicolefragrance.se\/hr\/wp-json\/wp\/v2\/product_brand?post=11305"},{"taxonomy":"product_cat","embeddable":true,"href":"https:\/\/nicolefragrance.se\/hr\/wp-json\/wp\/v2\/product_cat?post=11305"},{"taxonomy":"product_tag","embeddable":true,"href":"https:\/\/nicolefragrance.se\/hr\/wp-json\/wp\/v2\/product_tag?post=11305"}],"curies":[{"name":"wp","href":"https:\/\/api.w.org\/{rel}","templated":true}]}}